{"id":9271,"date":"2024-10-01T12:29:13","date_gmt":"2024-10-01T10:29:13","guid":{"rendered":"https:\/\/live-broadcasting.rocks\/?page_id=9271"},"modified":"2024-10-08T00:20:20","modified_gmt":"2024-10-07T22:20:20","slug":"merci-a-la-maitrise-du-teleprompteur","status":"publish","type":"page","link":"https:\/\/live-broadcasting.rocks\/fr\/merci-a-la-maitrise-du-teleprompteur\/","title":{"rendered":"Merci Telepromter Mastery"},"content":{"rendered":"<div data-elementor-type=\"wp-page\" data-elementor-id=\"9271\" class=\"elementor elementor-9271\" data-elementor-post-type=\"page\">\n\t\t\t\t<div class=\"elementor-element elementor-element-7d6ed5c e-flex e-con-boxed e-con e-parent\" data-id=\"7d6ed5c\" data-element_type=\"container\" data-e-type=\"container\">\n\t\t\t\t\t<div class=\"e-con-inner\">\n\t\t\t\t<div class=\"elementor-element elementor-element-d68d645 elementor-widget elementor-widget-heading\" data-id=\"d68d645\" data-element_type=\"widget\" data-e-type=\"widget\" data-widget_type=\"heading.default\">\n\t\t\t\t\t<h1 class=\"elementor-heading-title elementor-size-default\">Merci pour ta r\u00e9servation !<\/h1>\t\t\t\t<\/div>\n\t\t\t\t\t<\/div>\n\t\t\t\t<\/div>\n\t\t<div class=\"elementor-element elementor-element-ede7da6 e-flex e-con-boxed e-con e-parent\" data-id=\"ede7da6\" data-element_type=\"container\" data-e-type=\"container\">\n\t\t\t\t\t<div class=\"e-con-inner\">\n\t\t\t\t<div class=\"elementor-element elementor-element-ec43e25 elementor-widget elementor-widget-image\" data-id=\"ec43e25\" data-element_type=\"widget\" data-e-type=\"widget\" data-widget_type=\"image.default\">\n\t\t\t\t\t\t\t\t\t\t\t\t\t\t\t<img fetchpriority=\"high\" decoding=\"async\" width=\"740\" height=\"500\" src=\"https:\/\/live-broadcasting.rocks\/wp-content\/uploads\/2024\/10\/UVS2024_eck_SY-2Week_Teleprompter.jpg\" class=\"attachment-large size-large wp-image-9274\" alt=\"Meilleurs t\u00e9l\u00e9prompteurs\" srcset=\"https:\/\/live-broadcasting.rocks\/wp-content\/uploads\/2024\/10\/UVS2024_eck_SY-2Week_Teleprompter.jpg 740w, https:\/\/live-broadcasting.rocks\/wp-content\/uploads\/2024\/10\/UVS2024_eck_SY-2Week_Teleprompter-300x203.jpg 300w, https:\/\/live-broadcasting.rocks\/wp-content\/uploads\/2024\/10\/UVS2024_eck_SY-2Week_Teleprompter-18x12.jpg 18w\" sizes=\"(max-width: 740px) 100vw, 740px\" \/>\t\t\t\t\t\t\t\t\t\t\t\t\t\t\t<\/div>\n\t\t\t\t\t<\/div>\n\t\t\t\t<\/div>\n\t\t<div class=\"elementor-element elementor-element-2157577 e-flex e-con-boxed e-con e-parent\" data-id=\"2157577\" data-element_type=\"container\" data-e-type=\"container\">\n\t\t\t\t\t<div class=\"e-con-inner\">\n\t\t\t\t<div class=\"elementor-element elementor-element-e5d1e43 elementor-widget elementor-widget-text-editor\" data-id=\"e5d1e43\" data-element_type=\"widget\" data-e-type=\"widget\" data-widget_type=\"text-editor.default\">\n\t\t\t\t\t\t\t\t\t<p><span class=\"HwtZe\" lang=\"en\"><span class=\"jCAhz ChMk0b\"><span class=\"ryNqvb\">C'est ainsi que tu pourras participer aux prochains appels de groupe !<\/span><\/span> <\/span><\/p><p><span class=\"HwtZe\" lang=\"en\"><span class=\"jCAhz ChMk0b\"><span class=\"ryNqvb\">- Appel de groupe 1 : mercredi 9 octobre, 11:00 a.m. CET (avec enregistrement) <\/span><\/span><\/span><\/p><p><span class=\"HwtZe\" lang=\"en\"><span class=\"jCAhz ChMk0b\"><span class=\"ryNqvb\">- Appel de groupe 2 : mercredi 16 octobre, 11:00 a.m. CET (avec enregistrement) <\/span><\/span><\/span><\/p><p>\ufe0f<span class=\"HwtZe\" lang=\"en\"><span class=\"jCAhz ChMk0b\"><span class=\"ryNqvb\">\ufe0fVoici le lien Zoom pour ta participation :<\/span><\/span><\/span><\/p><p>\ufe0f\ufe0f \u27a1\ufe0f\ufe0f\ufe0f \u27a1\ufe0f <b>Lien R\u00e9union Zoom : <br \/><a href=\"https:\/\/us02web.zoom.us\/j\/84590625068?pwd=73O2lLebMx9dBa0gs2GOTFmsATtb8J.1\">https:\/\/us02web.zoom.us\/j\/84590625068?pwd=73O2lLebMx9dBa0gs2GOTFmsATtb8J.1<\/a><\/b><\/p><p>\u00a0<\/p><p>Remarque : le traitement est effectu\u00e9 par Copecart.<\/p>\t\t\t\t\t\t\t\t<\/div>\n\t\t\t\t\t<\/div>\n\t\t\t\t<\/div>\n\t\t<div class=\"elementor-element elementor-element-174b844 e-flex e-con-boxed e-con e-parent\" data-id=\"174b844\" data-element_type=\"container\" data-e-type=\"container\">\n\t\t\t\t\t<div class=\"e-con-inner\">\n\t\t\t\t<div class=\"elementor-element elementor-element-dded986 elementor-hidden-desktop elementor-hidden-tablet elementor-hidden-mobile elementor-widget elementor-widget-text-editor\" data-id=\"dded986\" data-element_type=\"widget\" data-e-type=\"widget\" data-widget_type=\"text-editor.default\">\n\t\t\t\t\t\t\t\t\t<p><a href=\"https:\/\/calendly.com\/daniel-schwenger\/sichtbarkeits1on1\"><span class=\"HwtZe\" lang=\"en\"><span class=\"jCAhz ChMk0b\"><span class=\"ryNqvb\"><strong>\u2705 Ton appel 1:1<br \/>Tu peux r\u00e9server ici :<\/strong><br \/>https:\/\/calendly.com\/daniel-schwenger\/sichtbarkeits1on1<\/span><\/span><\/span><\/a><\/p>\t\t\t\t\t\t\t\t<\/div>\n\t\t\t\t<div class=\"elementor-element elementor-element-54f464a elementor-widget elementor-widget-text-editor\" data-id=\"54f464a\" data-element_type=\"widget\" data-e-type=\"widget\" data-widget_type=\"text-editor.default\">\n\t\t\t\t\t\t\t\t\t<p>J'ai h\u00e2te de te voir et de voir ta participation !<\/p>\t\t\t\t\t\t\t\t<\/div>\n\t\t\t\t\t<\/div>\n\t\t\t\t<\/div>\n\t\t\t\t<\/div>","protected":false},"excerpt":{"rendered":"<p>Thanks for your Booking! This is how you can take part in the next group calls! \u2022 Group call 1: Wednesday, October 9th, 11:00 a.m. CET (with recording) \u2022 Group call 2: Wednesday, October 16th, 11:00 a.m. CET (with recording) \ufe0f\ufe0fHere is the Zoom link for your participation: \ufe0f\ufe0f \u27a1\ufe0f\ufe0f\ufe0f \u27a1\ufe0f Link Zoom Meeting: https:\/\/us02web.zoom.us\/j\/84590625068?pwd=73O2lLebMx9dBa0gs2GOTFmsATtb8J.1 [&hellip;]<\/p>\n","protected":false},"author":1,"featured_media":0,"parent":0,"menu_order":0,"comment_status":"closed","ping_status":"closed","template":"","meta":{"footnotes":""},"class_list":["post-9271","page","type-page","status-publish","hentry"],"yoast_head":"<!-- This site is optimized with the Yoast SEO Premium plugin v20.5 (Yoast SEO v26.8) - https:\/\/yoast.com\/product\/yoast-seo-premium-wordpress\/ -->\n<title>Thank you Telepromter Mastery - Live-Broadcasting.Rocks | Erfolgreich.live | Sichtbarkeitsdoktor.de<\/title>\n<meta name=\"robots\" content=\"index, follow, max-snippet:-1, max-image-preview:large, max-video-preview:-1\" \/>\n<link rel=\"canonical\" href=\"https:\/\/live-broadcasting.rocks\/fr\/merci-a-la-maitrise-du-teleprompteur\/\" \/>\n<meta property=\"og:locale\" content=\"fr_FR\" \/>\n<meta property=\"og:type\" content=\"article\" \/>\n<meta property=\"og:title\" content=\"Thank you Telepromter Mastery\" \/>\n<meta property=\"og:description\" content=\"Thanks for your Booking! This is how you can take part in the next group calls! \u2022 Group call 1: Wednesday, October 9th, 11:00 a.m. CET (with recording) \u2022 Group call 2: Wednesday, October 16th, 11:00 a.m. CET (with recording) \ufe0f\ufe0fHere is the Zoom link for your participation: \ufe0f\ufe0f \u27a1\ufe0f\ufe0f\ufe0f \u27a1\ufe0f Link Zoom Meeting: https:\/\/us02web.zoom.us\/j\/84590625068?pwd=73O2lLebMx9dBa0gs2GOTFmsATtb8J.1 [&hellip;]\" \/>\n<meta property=\"og:url\" content=\"https:\/\/live-broadcasting.rocks\/fr\/merci-a-la-maitrise-du-teleprompteur\/\" \/>\n<meta property=\"og:site_name\" content=\"Live-Broadcasting.Rocks | Erfolgreich.live | Sichtbarkeitsdoktor.de\" \/>\n<meta property=\"article:publisher\" content=\"http:\/\/facebook.com\/livebroadcastingrocks\" \/>\n<meta property=\"article:modified_time\" content=\"2024-10-07T22:20:20+00:00\" \/>\n<meta property=\"og:image\" content=\"https:\/\/live-broadcasting.rocks\/wp-content\/uploads\/2024\/10\/UVS2024_eck_SY-2Week_Teleprompter.jpg\" \/>\n\t<meta property=\"og:image:width\" content=\"740\" \/>\n\t<meta property=\"og:image:height\" content=\"500\" \/>\n\t<meta property=\"og:image:type\" content=\"image\/jpeg\" \/>\n<meta name=\"twitter:card\" content=\"summary_large_image\" \/>\n<meta name=\"twitter:site\" content=\"@livebcast\" \/>\n<script type=\"application\/ld+json\" class=\"yoast-schema-graph\">{\"@context\":\"https:\/\/schema.org\",\"@graph\":[{\"@type\":\"WebPage\",\"@id\":\"https:\/\/live-broadcasting.rocks\/thank-you-telepromter-mastery\/\",\"url\":\"https:\/\/live-broadcasting.rocks\/thank-you-telepromter-mastery\/\",\"name\":\"Thank you Telepromter Mastery - Live-Broadcasting.Rocks | Erfolgreich.live | Sichtbarkeitsdoktor.de\",\"isPartOf\":{\"@id\":\"https:\/\/live-broadcasting.rocks\/#website\"},\"primaryImageOfPage\":{\"@id\":\"https:\/\/live-broadcasting.rocks\/thank-you-telepromter-mastery\/#primaryimage\"},\"image\":{\"@id\":\"https:\/\/live-broadcasting.rocks\/thank-you-telepromter-mastery\/#primaryimage\"},\"thumbnailUrl\":\"https:\/\/live-broadcasting.rocks\/wp-content\/uploads\/2024\/10\/UVS2024_eck_SY-2Week_Teleprompter.jpg\",\"datePublished\":\"2024-10-01T10:29:13+00:00\",\"dateModified\":\"2024-10-07T22:20:20+00:00\",\"breadcrumb\":{\"@id\":\"https:\/\/live-broadcasting.rocks\/thank-you-telepromter-mastery\/#breadcrumb\"},\"inLanguage\":\"fr-FR\",\"potentialAction\":[{\"@type\":\"ReadAction\",\"target\":[\"https:\/\/live-broadcasting.rocks\/thank-you-telepromter-mastery\/\"]}]},{\"@type\":\"ImageObject\",\"inLanguage\":\"fr-FR\",\"@id\":\"https:\/\/live-broadcasting.rocks\/thank-you-telepromter-mastery\/#primaryimage\",\"url\":\"https:\/\/live-broadcasting.rocks\/wp-content\/uploads\/2024\/10\/UVS2024_eck_SY-2Week_Teleprompter.jpg\",\"contentUrl\":\"https:\/\/live-broadcasting.rocks\/wp-content\/uploads\/2024\/10\/UVS2024_eck_SY-2Week_Teleprompter.jpg\"},{\"@type\":\"BreadcrumbList\",\"@id\":\"https:\/\/live-broadcasting.rocks\/thank-you-telepromter-mastery\/#breadcrumb\",\"itemListElement\":[{\"@type\":\"ListItem\",\"position\":1,\"name\":\"Startseite\",\"item\":\"https:\/\/live-broadcasting.rocks\/\"},{\"@type\":\"ListItem\",\"position\":2,\"name\":\"Thank you Telepromter Mastery\"}]},{\"@type\":\"WebSite\",\"@id\":\"https:\/\/live-broadcasting.rocks\/#website\",\"url\":\"https:\/\/live-broadcasting.rocks\/\",\"name\":\"Live-Broadcasting.Rocks | Erfolgreich.live | Sichtbarkeitsdoktor.de\",\"description\":\"Live Video Streaming and Broadcasting in high quality for thought leaders and business owners.\",\"publisher\":{\"@id\":\"https:\/\/live-broadcasting.rocks\/#organization\"},\"potentialAction\":[{\"@type\":\"SearchAction\",\"target\":{\"@type\":\"EntryPoint\",\"urlTemplate\":\"https:\/\/live-broadcasting.rocks\/?s={search_term_string}\"},\"query-input\":{\"@type\":\"PropertyValueSpecification\",\"valueRequired\":true,\"valueName\":\"search_term_string\"}}],\"inLanguage\":\"fr-FR\"},{\"@type\":\"Organization\",\"@id\":\"https:\/\/live-broadcasting.rocks\/#organization\",\"name\":\"Live-Broadcasting.Rocks - Erfolgreich.live - by Daniel Schwenger\",\"url\":\"https:\/\/live-broadcasting.rocks\/\",\"logo\":{\"@type\":\"ImageObject\",\"inLanguage\":\"fr-FR\",\"@id\":\"https:\/\/live-broadcasting.rocks\/#\/schema\/logo\/image\/\",\"url\":\"https:\/\/live-broadcasting.rocks\/wp-content\/uploads\/2022\/05\/Seitenlogo_200x133.gif\",\"contentUrl\":\"https:\/\/live-broadcasting.rocks\/wp-content\/uploads\/2022\/05\/Seitenlogo_200x133.gif\",\"width\":200,\"height\":133,\"caption\":\"Live-Broadcasting.Rocks - Erfolgreich.live - by Daniel Schwenger\"},\"image\":{\"@id\":\"https:\/\/live-broadcasting.rocks\/#\/schema\/logo\/image\/\"},\"sameAs\":[\"http:\/\/facebook.com\/livebroadcastingrocks\",\"https:\/\/x.com\/livebcast\",\"https:\/\/www.linkedin.com\/in\/schwenger\/\",\"https:\/\/www.instagram.com\/livebroadcasting_rocks\",\"https:\/\/www.twitch.tv\/dschwenger\",\"https:\/\/anchor.fm\/erfolgreich-live\",\"https:\/\/anchor.fm\/livebroadcasting\",\"https:\/\/www.youtube.com\/livebroadcastingrocks\"]}]}<\/script>\n<!-- \/ Yoast SEO Premium plugin. -->","yoast_head_json":{"title":"Thank you Telepromter Mastery - Live-Broadcasting.Rocks | Erfolgreich.live | Sichtbarkeitsdoktor.de","robots":{"index":"index","follow":"follow","max-snippet":"max-snippet:-1","max-image-preview":"max-image-preview:large","max-video-preview":"max-video-preview:-1"},"canonical":"https:\/\/live-broadcasting.rocks\/fr\/merci-a-la-maitrise-du-teleprompteur\/","og_locale":"fr_FR","og_type":"article","og_title":"Thank you Telepromter Mastery","og_description":"Thanks for your Booking! This is how you can take part in the next group calls! \u2022 Group call 1: Wednesday, October 9th, 11:00 a.m. CET (with recording) \u2022 Group call 2: Wednesday, October 16th, 11:00 a.m. CET (with recording) \ufe0f\ufe0fHere is the Zoom link for your participation: \ufe0f\ufe0f \u27a1\ufe0f\ufe0f\ufe0f \u27a1\ufe0f Link Zoom Meeting: https:\/\/us02web.zoom.us\/j\/84590625068?pwd=73O2lLebMx9dBa0gs2GOTFmsATtb8J.1 [&hellip;]","og_url":"https:\/\/live-broadcasting.rocks\/fr\/merci-a-la-maitrise-du-teleprompteur\/","og_site_name":"Live-Broadcasting.Rocks | Erfolgreich.live | Sichtbarkeitsdoktor.de","article_publisher":"http:\/\/facebook.com\/livebroadcastingrocks","article_modified_time":"2024-10-07T22:20:20+00:00","og_image":[{"width":740,"height":500,"url":"https:\/\/live-broadcasting.rocks\/wp-content\/uploads\/2024\/10\/UVS2024_eck_SY-2Week_Teleprompter.jpg","type":"image\/jpeg"}],"twitter_card":"summary_large_image","twitter_site":"@livebcast","schema":{"@context":"https:\/\/schema.org","@graph":[{"@type":"WebPage","@id":"https:\/\/live-broadcasting.rocks\/thank-you-telepromter-mastery\/","url":"https:\/\/live-broadcasting.rocks\/thank-you-telepromter-mastery\/","name":"Thank you Telepromter Mastery - Live-Broadcasting.Rocks | Erfolgreich.live | Sichtbarkeitsdoktor.de","isPartOf":{"@id":"https:\/\/live-broadcasting.rocks\/#website"},"primaryImageOfPage":{"@id":"https:\/\/live-broadcasting.rocks\/thank-you-telepromter-mastery\/#primaryimage"},"image":{"@id":"https:\/\/live-broadcasting.rocks\/thank-you-telepromter-mastery\/#primaryimage"},"thumbnailUrl":"https:\/\/live-broadcasting.rocks\/wp-content\/uploads\/2024\/10\/UVS2024_eck_SY-2Week_Teleprompter.jpg","datePublished":"2024-10-01T10:29:13+00:00","dateModified":"2024-10-07T22:20:20+00:00","breadcrumb":{"@id":"https:\/\/live-broadcasting.rocks\/thank-you-telepromter-mastery\/#breadcrumb"},"inLanguage":"fr-FR","potentialAction":[{"@type":"ReadAction","target":["https:\/\/live-broadcasting.rocks\/thank-you-telepromter-mastery\/"]}]},{"@type":"ImageObject","inLanguage":"fr-FR","@id":"https:\/\/live-broadcasting.rocks\/thank-you-telepromter-mastery\/#primaryimage","url":"https:\/\/live-broadcasting.rocks\/wp-content\/uploads\/2024\/10\/UVS2024_eck_SY-2Week_Teleprompter.jpg","contentUrl":"https:\/\/live-broadcasting.rocks\/wp-content\/uploads\/2024\/10\/UVS2024_eck_SY-2Week_Teleprompter.jpg"},{"@type":"BreadcrumbList","@id":"https:\/\/live-broadcasting.rocks\/thank-you-telepromter-mastery\/#breadcrumb","itemListElement":[{"@type":"ListItem","position":1,"name":"Startseite","item":"https:\/\/live-broadcasting.rocks\/"},{"@type":"ListItem","position":2,"name":"Thank you Telepromter Mastery"}]},{"@type":"WebSite","@id":"https:\/\/live-broadcasting.rocks\/#website","url":"https:\/\/live-broadcasting.rocks\/","name":"Live-Broadcasting.Rocks | Erfolgreich.live | Sichtbarkeitsdoktor.de","description":"Streaming et diffusion vid\u00e9o en direct de haute qualit\u00e9 pour les leaders d&#039;opinion et les propri\u00e9taires d&#039;entreprise.","publisher":{"@id":"https:\/\/live-broadcasting.rocks\/#organization"},"potentialAction":[{"@type":"SearchAction","target":{"@type":"EntryPoint","urlTemplate":"https:\/\/live-broadcasting.rocks\/?s={search_term_string}"},"query-input":{"@type":"PropertyValueSpecification","valueRequired":true,"valueName":"search_term_string"}}],"inLanguage":"fr-FR"},{"@type":"Organization","@id":"https:\/\/live-broadcasting.rocks\/#organization","name":"Live-Broadcasting.Rocks - Erfolgreich.live - par Daniel Schwenger","url":"https:\/\/live-broadcasting.rocks\/","logo":{"@type":"ImageObject","inLanguage":"fr-FR","@id":"https:\/\/live-broadcasting.rocks\/#\/schema\/logo\/image\/","url":"https:\/\/live-broadcasting.rocks\/wp-content\/uploads\/2022\/05\/Seitenlogo_200x133.gif","contentUrl":"https:\/\/live-broadcasting.rocks\/wp-content\/uploads\/2022\/05\/Seitenlogo_200x133.gif","width":200,"height":133,"caption":"Live-Broadcasting.Rocks - Erfolgreich.live - by Daniel Schwenger"},"image":{"@id":"https:\/\/live-broadcasting.rocks\/#\/schema\/logo\/image\/"},"sameAs":["http:\/\/facebook.com\/livebroadcastingrocks","https:\/\/x.com\/livebcast","https:\/\/www.linkedin.com\/in\/schwenger\/","https:\/\/www.instagram.com\/livebroadcasting_rocks","https:\/\/www.twitch.tv\/dschwenger","https:\/\/anchor.fm\/erfolgreich-live","https:\/\/anchor.fm\/livebroadcasting","https:\/\/www.youtube.com\/livebroadcastingrocks"]}]}},"_links":{"self":[{"href":"https:\/\/live-broadcasting.rocks\/fr\/wp-json\/wp\/v2\/pages\/9271","targetHints":{"allow":["GET"]}}],"collection":[{"href":"https:\/\/live-broadcasting.rocks\/fr\/wp-json\/wp\/v2\/pages"}],"about":[{"href":"https:\/\/live-broadcasting.rocks\/fr\/wp-json\/wp\/v2\/types\/page"}],"author":[{"embeddable":true,"href":"https:\/\/live-broadcasting.rocks\/fr\/wp-json\/wp\/v2\/users\/1"}],"replies":[{"embeddable":true,"href":"https:\/\/live-broadcasting.rocks\/fr\/wp-json\/wp\/v2\/comments?post=9271"}],"version-history":[{"count":22,"href":"https:\/\/live-broadcasting.rocks\/fr\/wp-json\/wp\/v2\/pages\/9271\/revisions"}],"predecessor-version":[{"id":9325,"href":"https:\/\/live-broadcasting.rocks\/fr\/wp-json\/wp\/v2\/pages\/9271\/revisions\/9325"}],"wp:attachment":[{"href":"https:\/\/live-broadcasting.rocks\/fr\/wp-json\/wp\/v2\/media?parent=9271"}],"curies":[{"name":"wp","href":"https:\/\/api.w.org\/{rel}","templated":true}]}}