{"id":9245,"date":"2024-09-18T10:50:39","date_gmt":"2024-09-18T08:50:39","guid":{"rendered":"https:\/\/live-broadcasting.rocks\/?page_id=9245"},"modified":"2025-01-21T18:54:17","modified_gmt":"2025-01-21T17:54:17","slug":"merci-linkedin-starter","status":"publish","type":"page","link":"https:\/\/live-broadcasting.rocks\/fr\/merci-linkedin-starter\/","title":{"rendered":"Merci Linkedin Check VIP"},"content":{"rendered":"<div data-elementor-type=\"wp-page\" data-elementor-id=\"9245\" class=\"elementor elementor-9245\" data-elementor-post-type=\"page\">\n\t\t\t\t<div class=\"elementor-element elementor-element-89c4573 e-flex e-con-boxed e-con e-parent\" data-id=\"89c4573\" data-element_type=\"container\" data-e-type=\"container\">\n\t\t\t\t\t<div class=\"e-con-inner\">\n\t\t\t\t<div class=\"elementor-element elementor-element-4700428 elementor-widget elementor-widget-heading\" data-id=\"4700428\" data-element_type=\"widget\" data-e-type=\"widget\" data-widget_type=\"heading.default\">\n\t\t\t\t\t<h2 class=\"elementor-heading-title elementor-size-default\">Merci d'avoir r\u00e9serv\u00e9 le cours de d\u00e9marrage LinkedIn<\/h2>\t\t\t\t<\/div>\n\t\t\t\t\t<\/div>\n\t\t\t\t<\/div>\n\t\t<div class=\"elementor-element elementor-element-0f49779 e-flex e-con-boxed e-con e-parent\" data-id=\"0f49779\" data-element_type=\"container\" data-e-type=\"container\">\n\t\t\t\t\t<div class=\"e-con-inner\">\n\t\t\t\t<div class=\"elementor-element elementor-element-54b0d4f elementor-widget elementor-widget-text-editor\" data-id=\"54b0d4f\" data-element_type=\"widget\" data-e-type=\"widget\" data-widget_type=\"text-editor.default\">\n\t\t\t\t\t\t\t\t\t<p><a href=\"https:\/\/vimeo.com\/1008388860\/630431bfe9?share=copy\"><strong>Regarde le tutoriel vid\u00e9o ici :<\/strong><\/a><br \/>https:\/\/vimeo.com\/1008388860\/630431bfe9?share=copy<\/p><p><a href=\"https:\/\/calendly.com\/daniel-schwenger\/sichtbarkeits1on1\"><strong>R\u00e9serve ton appel 1:1 ici :<\/strong><\/a><br \/><a href=\"https:\/\/calendly.com\/daniel-schwenger\/sichtbarkeits1on1\">https:\/\/calendly.com\/daniel-schwenger\/linkedinprofil<\/a><\/p>\t\t\t\t\t\t\t\t<\/div>\n\t\t\t\t<div class=\"elementor-element elementor-element-9d9308f elementor-widget elementor-widget-image\" data-id=\"9d9308f\" data-element_type=\"widget\" data-e-type=\"widget\" data-widget_type=\"image.default\">\n\t\t\t\t\t\t\t\t\t\t\t\t\t\t\t<img fetchpriority=\"high\" decoding=\"async\" width=\"800\" height=\"450\" src=\"https:\/\/live-broadcasting.rocks\/wp-content\/uploads\/2024\/09\/Thumbnail2.001-1024x576.jpeg\" class=\"attachment-large size-large wp-image-9251\" alt=\"\" srcset=\"https:\/\/live-broadcasting.rocks\/wp-content\/uploads\/2024\/09\/Thumbnail2.001-1024x576.jpeg 1024w, https:\/\/live-broadcasting.rocks\/wp-content\/uploads\/2024\/09\/Thumbnail2.001-300x169.jpeg 300w, https:\/\/live-broadcasting.rocks\/wp-content\/uploads\/2024\/09\/Thumbnail2.001-768x432.jpeg 768w, https:\/\/live-broadcasting.rocks\/wp-content\/uploads\/2024\/09\/Thumbnail2.001-1536x864.jpeg 1536w, https:\/\/live-broadcasting.rocks\/wp-content\/uploads\/2024\/09\/Thumbnail2.001-18x10.jpeg 18w, https:\/\/live-broadcasting.rocks\/wp-content\/uploads\/2024\/09\/Thumbnail2.001.jpeg 1920w\" sizes=\"(max-width: 800px) 100vw, 800px\" \/>\t\t\t\t\t\t\t\t\t\t\t\t\t\t\t<\/div>\n\t\t\t\t\t<\/div>\n\t\t\t\t<\/div>\n\t\t\t\t<\/div>","protected":false},"excerpt":{"rendered":"<p>Merci d'avoir r\u00e9serv\u00e9 le cours de d\u00e9marrage LinkedIn Regarde le tutoriel vid\u00e9o ici:https:\/\/vimeo.com\/1008388860\/630431bfe9?share=copy R\u00e9serve ton appel 1:1 ici:https:\/\/calendly.com\/daniel-schwenger\/linkedinprofil<\/p>","protected":false},"author":1,"featured_media":9251,"parent":0,"menu_order":0,"comment_status":"closed","ping_status":"closed","template":"","meta":{"footnotes":""},"class_list":["post-9245","page","type-page","status-publish","has-post-thumbnail","hentry"],"yoast_head":"<!-- This site is optimized with the Yoast SEO Premium plugin v20.5 (Yoast SEO v26.8) - https:\/\/yoast.com\/product\/yoast-seo-premium-wordpress\/ -->\n<title>Thank you Linkedin Check VIP - Live-Broadcasting.Rocks | Erfolgreich.live | Sichtbarkeitsdoktor.de<\/title>\n<meta name=\"robots\" content=\"index, follow, max-snippet:-1, max-image-preview:large, max-video-preview:-1\" \/>\n<link rel=\"canonical\" href=\"https:\/\/live-broadcasting.rocks\/fr\/merci-linkedin-starter\/\" \/>\n<meta property=\"og:locale\" content=\"fr_FR\" \/>\n<meta property=\"og:type\" content=\"article\" \/>\n<meta property=\"og:title\" content=\"Thank you Linkedin Check VIP\" \/>\n<meta property=\"og:description\" content=\"Thank you for booking the LinkedIn Starter Course Watch the Tutorial-Video here:https:\/\/vimeo.com\/1008388860\/630431bfe9?share=copy Book your 1:1 Call here:https:\/\/calendly.com\/daniel-schwenger\/linkedinprofil\" \/>\n<meta property=\"og:url\" content=\"https:\/\/live-broadcasting.rocks\/fr\/merci-linkedin-starter\/\" \/>\n<meta property=\"og:site_name\" content=\"Live-Broadcasting.Rocks | Erfolgreich.live | Sichtbarkeitsdoktor.de\" \/>\n<meta property=\"article:publisher\" content=\"http:\/\/facebook.com\/livebroadcastingrocks\" \/>\n<meta property=\"article:modified_time\" content=\"2025-01-21T17:54:17+00:00\" \/>\n<meta property=\"og:image\" content=\"https:\/\/live-broadcasting.rocks\/wp-content\/uploads\/2024\/09\/Thumbnail2.001.jpeg\" \/>\n\t<meta property=\"og:image:width\" content=\"1920\" \/>\n\t<meta property=\"og:image:height\" content=\"1080\" \/>\n\t<meta property=\"og:image:type\" content=\"image\/jpeg\" \/>\n<meta name=\"twitter:card\" content=\"summary_large_image\" \/>\n<meta name=\"twitter:site\" content=\"@livebcast\" \/>\n<meta name=\"twitter:label1\" content=\"Dur\u00e9e de lecture estim\u00e9e\" \/>\n\t<meta name=\"twitter:data1\" content=\"1 minute\" \/>\n<script type=\"application\/ld+json\" class=\"yoast-schema-graph\">{\"@context\":\"https:\/\/schema.org\",\"@graph\":[{\"@type\":\"WebPage\",\"@id\":\"https:\/\/live-broadcasting.rocks\/thank-you-linkedin-starter\/\",\"url\":\"https:\/\/live-broadcasting.rocks\/thank-you-linkedin-starter\/\",\"name\":\"Thank you Linkedin Check VIP - Live-Broadcasting.Rocks | Erfolgreich.live | Sichtbarkeitsdoktor.de\",\"isPartOf\":{\"@id\":\"https:\/\/live-broadcasting.rocks\/#website\"},\"primaryImageOfPage\":{\"@id\":\"https:\/\/live-broadcasting.rocks\/thank-you-linkedin-starter\/#primaryimage\"},\"image\":{\"@id\":\"https:\/\/live-broadcasting.rocks\/thank-you-linkedin-starter\/#primaryimage\"},\"thumbnailUrl\":\"https:\/\/live-broadcasting.rocks\/wp-content\/uploads\/2024\/09\/Thumbnail2.001.jpeg\",\"datePublished\":\"2024-09-18T08:50:39+00:00\",\"dateModified\":\"2025-01-21T17:54:17+00:00\",\"breadcrumb\":{\"@id\":\"https:\/\/live-broadcasting.rocks\/thank-you-linkedin-starter\/#breadcrumb\"},\"inLanguage\":\"fr-FR\",\"potentialAction\":[{\"@type\":\"ReadAction\",\"target\":[\"https:\/\/live-broadcasting.rocks\/thank-you-linkedin-starter\/\"]}]},{\"@type\":\"ImageObject\",\"inLanguage\":\"fr-FR\",\"@id\":\"https:\/\/live-broadcasting.rocks\/thank-you-linkedin-starter\/#primaryimage\",\"url\":\"https:\/\/live-broadcasting.rocks\/wp-content\/uploads\/2024\/09\/Thumbnail2.001.jpeg\",\"contentUrl\":\"https:\/\/live-broadcasting.rocks\/wp-content\/uploads\/2024\/09\/Thumbnail2.001.jpeg\",\"width\":1920,\"height\":1080},{\"@type\":\"BreadcrumbList\",\"@id\":\"https:\/\/live-broadcasting.rocks\/thank-you-linkedin-starter\/#breadcrumb\",\"itemListElement\":[{\"@type\":\"ListItem\",\"position\":1,\"name\":\"Startseite\",\"item\":\"https:\/\/live-broadcasting.rocks\/\"},{\"@type\":\"ListItem\",\"position\":2,\"name\":\"Thank you Linkedin Check VIP\"}]},{\"@type\":\"WebSite\",\"@id\":\"https:\/\/live-broadcasting.rocks\/#website\",\"url\":\"https:\/\/live-broadcasting.rocks\/\",\"name\":\"Live-Broadcasting.Rocks | Erfolgreich.live | Sichtbarkeitsdoktor.de\",\"description\":\"Live Video Streaming and Broadcasting in high quality for thought leaders and business owners.\",\"publisher\":{\"@id\":\"https:\/\/live-broadcasting.rocks\/#organization\"},\"potentialAction\":[{\"@type\":\"SearchAction\",\"target\":{\"@type\":\"EntryPoint\",\"urlTemplate\":\"https:\/\/live-broadcasting.rocks\/?s={search_term_string}\"},\"query-input\":{\"@type\":\"PropertyValueSpecification\",\"valueRequired\":true,\"valueName\":\"search_term_string\"}}],\"inLanguage\":\"fr-FR\"},{\"@type\":\"Organization\",\"@id\":\"https:\/\/live-broadcasting.rocks\/#organization\",\"name\":\"Live-Broadcasting.Rocks - Erfolgreich.live - by Daniel Schwenger\",\"url\":\"https:\/\/live-broadcasting.rocks\/\",\"logo\":{\"@type\":\"ImageObject\",\"inLanguage\":\"fr-FR\",\"@id\":\"https:\/\/live-broadcasting.rocks\/#\/schema\/logo\/image\/\",\"url\":\"https:\/\/live-broadcasting.rocks\/wp-content\/uploads\/2022\/05\/Seitenlogo_200x133.gif\",\"contentUrl\":\"https:\/\/live-broadcasting.rocks\/wp-content\/uploads\/2022\/05\/Seitenlogo_200x133.gif\",\"width\":200,\"height\":133,\"caption\":\"Live-Broadcasting.Rocks - Erfolgreich.live - by Daniel Schwenger\"},\"image\":{\"@id\":\"https:\/\/live-broadcasting.rocks\/#\/schema\/logo\/image\/\"},\"sameAs\":[\"http:\/\/facebook.com\/livebroadcastingrocks\",\"https:\/\/x.com\/livebcast\",\"https:\/\/www.linkedin.com\/in\/schwenger\/\",\"https:\/\/www.instagram.com\/livebroadcasting_rocks\",\"https:\/\/www.twitch.tv\/dschwenger\",\"https:\/\/anchor.fm\/erfolgreich-live\",\"https:\/\/anchor.fm\/livebroadcasting\",\"https:\/\/www.youtube.com\/livebroadcastingrocks\"]}]}<\/script>\n<!-- \/ Yoast SEO Premium plugin. -->","yoast_head_json":{"title":"Thank you Linkedin Check VIP - Live-Broadcasting.Rocks | Erfolgreich.live | Sichtbarkeitsdoktor.de","robots":{"index":"index","follow":"follow","max-snippet":"max-snippet:-1","max-image-preview":"max-image-preview:large","max-video-preview":"max-video-preview:-1"},"canonical":"https:\/\/live-broadcasting.rocks\/fr\/merci-linkedin-starter\/","og_locale":"fr_FR","og_type":"article","og_title":"Thank you Linkedin Check VIP","og_description":"Thank you for booking the LinkedIn Starter Course Watch the Tutorial-Video here:https:\/\/vimeo.com\/1008388860\/630431bfe9?share=copy Book your 1:1 Call here:https:\/\/calendly.com\/daniel-schwenger\/linkedinprofil","og_url":"https:\/\/live-broadcasting.rocks\/fr\/merci-linkedin-starter\/","og_site_name":"Live-Broadcasting.Rocks | Erfolgreich.live | Sichtbarkeitsdoktor.de","article_publisher":"http:\/\/facebook.com\/livebroadcastingrocks","article_modified_time":"2025-01-21T17:54:17+00:00","og_image":[{"width":1920,"height":1080,"url":"https:\/\/live-broadcasting.rocks\/wp-content\/uploads\/2024\/09\/Thumbnail2.001.jpeg","type":"image\/jpeg"}],"twitter_card":"summary_large_image","twitter_site":"@livebcast","twitter_misc":{"Dur\u00e9e de lecture estim\u00e9e":"1 minute"},"schema":{"@context":"https:\/\/schema.org","@graph":[{"@type":"WebPage","@id":"https:\/\/live-broadcasting.rocks\/thank-you-linkedin-starter\/","url":"https:\/\/live-broadcasting.rocks\/thank-you-linkedin-starter\/","name":"Thank you Linkedin Check VIP - Live-Broadcasting.Rocks | Erfolgreich.live | Sichtbarkeitsdoktor.de","isPartOf":{"@id":"https:\/\/live-broadcasting.rocks\/#website"},"primaryImageOfPage":{"@id":"https:\/\/live-broadcasting.rocks\/thank-you-linkedin-starter\/#primaryimage"},"image":{"@id":"https:\/\/live-broadcasting.rocks\/thank-you-linkedin-starter\/#primaryimage"},"thumbnailUrl":"https:\/\/live-broadcasting.rocks\/wp-content\/uploads\/2024\/09\/Thumbnail2.001.jpeg","datePublished":"2024-09-18T08:50:39+00:00","dateModified":"2025-01-21T17:54:17+00:00","breadcrumb":{"@id":"https:\/\/live-broadcasting.rocks\/thank-you-linkedin-starter\/#breadcrumb"},"inLanguage":"fr-FR","potentialAction":[{"@type":"ReadAction","target":["https:\/\/live-broadcasting.rocks\/thank-you-linkedin-starter\/"]}]},{"@type":"ImageObject","inLanguage":"fr-FR","@id":"https:\/\/live-broadcasting.rocks\/thank-you-linkedin-starter\/#primaryimage","url":"https:\/\/live-broadcasting.rocks\/wp-content\/uploads\/2024\/09\/Thumbnail2.001.jpeg","contentUrl":"https:\/\/live-broadcasting.rocks\/wp-content\/uploads\/2024\/09\/Thumbnail2.001.jpeg","width":1920,"height":1080},{"@type":"BreadcrumbList","@id":"https:\/\/live-broadcasting.rocks\/thank-you-linkedin-starter\/#breadcrumb","itemListElement":[{"@type":"ListItem","position":1,"name":"Startseite","item":"https:\/\/live-broadcasting.rocks\/"},{"@type":"ListItem","position":2,"name":"Thank you Linkedin Check VIP"}]},{"@type":"WebSite","@id":"https:\/\/live-broadcasting.rocks\/#website","url":"https:\/\/live-broadcasting.rocks\/","name":"Live-Broadcasting.Rocks | Erfolgreich.live | Sichtbarkeitsdoktor.de","description":"Streaming et diffusion vid\u00e9o en direct de haute qualit\u00e9 pour les leaders d&#039;opinion et les propri\u00e9taires d&#039;entreprise.","publisher":{"@id":"https:\/\/live-broadcasting.rocks\/#organization"},"potentialAction":[{"@type":"SearchAction","target":{"@type":"EntryPoint","urlTemplate":"https:\/\/live-broadcasting.rocks\/?s={search_term_string}"},"query-input":{"@type":"PropertyValueSpecification","valueRequired":true,"valueName":"search_term_string"}}],"inLanguage":"fr-FR"},{"@type":"Organization","@id":"https:\/\/live-broadcasting.rocks\/#organization","name":"Live-Broadcasting.Rocks - Erfolgreich.live - par Daniel Schwenger","url":"https:\/\/live-broadcasting.rocks\/","logo":{"@type":"ImageObject","inLanguage":"fr-FR","@id":"https:\/\/live-broadcasting.rocks\/#\/schema\/logo\/image\/","url":"https:\/\/live-broadcasting.rocks\/wp-content\/uploads\/2022\/05\/Seitenlogo_200x133.gif","contentUrl":"https:\/\/live-broadcasting.rocks\/wp-content\/uploads\/2022\/05\/Seitenlogo_200x133.gif","width":200,"height":133,"caption":"Live-Broadcasting.Rocks - Erfolgreich.live - by Daniel Schwenger"},"image":{"@id":"https:\/\/live-broadcasting.rocks\/#\/schema\/logo\/image\/"},"sameAs":["http:\/\/facebook.com\/livebroadcastingrocks","https:\/\/x.com\/livebcast","https:\/\/www.linkedin.com\/in\/schwenger\/","https:\/\/www.instagram.com\/livebroadcasting_rocks","https:\/\/www.twitch.tv\/dschwenger","https:\/\/anchor.fm\/erfolgreich-live","https:\/\/anchor.fm\/livebroadcasting","https:\/\/www.youtube.com\/livebroadcastingrocks"]}]}},"_links":{"self":[{"href":"https:\/\/live-broadcasting.rocks\/fr\/wp-json\/wp\/v2\/pages\/9245","targetHints":{"allow":["GET"]}}],"collection":[{"href":"https:\/\/live-broadcasting.rocks\/fr\/wp-json\/wp\/v2\/pages"}],"about":[{"href":"https:\/\/live-broadcasting.rocks\/fr\/wp-json\/wp\/v2\/types\/page"}],"author":[{"embeddable":true,"href":"https:\/\/live-broadcasting.rocks\/fr\/wp-json\/wp\/v2\/users\/1"}],"replies":[{"embeddable":true,"href":"https:\/\/live-broadcasting.rocks\/fr\/wp-json\/wp\/v2\/comments?post=9245"}],"version-history":[{"count":21,"href":"https:\/\/live-broadcasting.rocks\/fr\/wp-json\/wp\/v2\/pages\/9245\/revisions"}],"predecessor-version":[{"id":9477,"href":"https:\/\/live-broadcasting.rocks\/fr\/wp-json\/wp\/v2\/pages\/9245\/revisions\/9477"}],"wp:featuredmedia":[{"embeddable":true,"href":"https:\/\/live-broadcasting.rocks\/fr\/wp-json\/wp\/v2\/media\/9251"}],"wp:attachment":[{"href":"https:\/\/live-broadcasting.rocks\/fr\/wp-json\/wp\/v2\/media?parent=9245"}],"curies":[{"name":"wp","href":"https:\/\/api.w.org\/{rel}","templated":true}]}}