{"id":9094,"date":"2024-08-19T12:33:55","date_gmt":"2024-08-19T10:33:55","guid":{"rendered":"https:\/\/live-broadcasting.rocks\/?page_id=9094"},"modified":"2024-09-08T08:50:27","modified_gmt":"2024-09-08T06:50:27","slug":"merci-mastermind","status":"publish","type":"page","link":"https:\/\/live-broadcasting.rocks\/fr\/merci-mastermind\/","title":{"rendered":"Merci Mastermind"},"content":{"rendered":"<div data-elementor-type=\"wp-page\" data-elementor-id=\"9094\" class=\"elementor elementor-9094\" data-elementor-post-type=\"page\">\n\t\t\t\t<div class=\"elementor-element elementor-element-e4ac42a e-flex e-con-boxed e-con e-parent\" data-id=\"e4ac42a\" data-element_type=\"container\" data-e-type=\"container\">\n\t\t\t\t\t<div class=\"e-con-inner\">\n\t\t\t\t<div class=\"elementor-element elementor-element-51f376a elementor-widget elementor-widget-heading\" data-id=\"51f376a\" data-element_type=\"widget\" data-e-type=\"widget\" data-widget_type=\"heading.default\">\n\t\t\t\t\t<h1 class=\"elementor-heading-title elementor-size-default\">Sichtbarkeits-Mastermind\n- Merci pour votre travail !<\/h1>\t\t\t\t<\/div>\n\t\t\t\t<div class=\"elementor-element elementor-element-a58955b elementor-widget elementor-widget-image\" data-id=\"a58955b\" data-element_type=\"widget\" data-e-type=\"widget\" data-widget_type=\"image.default\">\n\t\t\t\t\t\t\t\t\t\t\t\t\t\t\t<img fetchpriority=\"high\" decoding=\"async\" width=\"800\" height=\"450\" src=\"https:\/\/live-broadcasting.rocks\/wp-content\/uploads\/2024\/08\/Sichtbarkeits-Mastermind_16-9_Generic_WEB.001-1024x576.jpeg\" class=\"attachment-large size-large wp-image-9096\" alt=\"Sichtbarkeits Mastermind Generic Web\" srcset=\"https:\/\/live-broadcasting.rocks\/wp-content\/uploads\/2024\/08\/Sichtbarkeits-Mastermind_16-9_Generic_WEB.001-1024x576.jpeg 1024w, https:\/\/live-broadcasting.rocks\/wp-content\/uploads\/2024\/08\/Sichtbarkeits-Mastermind_16-9_Generic_WEB.001-300x169.jpeg 300w, https:\/\/live-broadcasting.rocks\/wp-content\/uploads\/2024\/08\/Sichtbarkeits-Mastermind_16-9_Generic_WEB.001-768x432.jpeg 768w, https:\/\/live-broadcasting.rocks\/wp-content\/uploads\/2024\/08\/Sichtbarkeits-Mastermind_16-9_Generic_WEB.001-1536x864.jpeg 1536w, https:\/\/live-broadcasting.rocks\/wp-content\/uploads\/2024\/08\/Sichtbarkeits-Mastermind_16-9_Generic_WEB.001-18x10.jpeg 18w, https:\/\/live-broadcasting.rocks\/wp-content\/uploads\/2024\/08\/Sichtbarkeits-Mastermind_16-9_Generic_WEB.001.jpeg 1920w\" sizes=\"(max-width: 800px) 100vw, 800px\" \/>\t\t\t\t\t\t\t\t\t\t\t\t\t\t\t<\/div>\n\t\t\t\t\t<\/div>\n\t\t\t\t<\/div>\n\t\t<div class=\"elementor-element elementor-element-dfa6f31 elementor-hidden-desktop elementor-hidden-tablet elementor-hidden-mobile e-flex e-con-boxed e-con e-parent\" data-id=\"dfa6f31\" data-element_type=\"container\" data-e-type=\"container\">\n\t\t\t\t\t<div class=\"e-con-inner\">\n\t\t\t\t\t<\/div>\n\t\t\t\t<\/div>\n\t\t<div class=\"elementor-element elementor-element-1ec04a5 e-flex e-con-boxed e-con e-parent\" data-id=\"1ec04a5\" data-element_type=\"container\" data-e-type=\"container\">\n\t\t\t\t\t<div class=\"e-con-inner\">\n\t\t\t\t<div class=\"elementor-element elementor-element-ae815fc elementor-widget elementor-widget-text-editor\" data-id=\"ae815fc\" data-element_type=\"widget\" data-e-type=\"widget\" data-widget_type=\"text-editor.default\">\n\t\t\t\t\t\t\t\t\t<p>C'est ainsi que tu as \u00e9t\u00e9 appel\u00e9 lors du dernier appel !<\/p><p>- Mastermind-Call : XX, XX., XX:00 Uhr MEZ (mit Aufzeichnung)<br \/><br \/><b>Voici le lien Zoom pour votre t\u00e9moignage :<\/b><\/p><p>\ufe0f\ufe0f \u27a1\ufe0f\ufe0f\ufe0f \u27a1\ufe0f <b>Zoom Link : <br \/><a href=\"https:\/\/us02web.zoom.us\/j\/83601064209?pwd=mnrayAml2CY6UWtYVasXb6zSy8UVrf.1\">https:\/\/us02web.zoom.us\/j\/83601064209?pwd=mnrayAml2CY6UWtYVasXb6zSy8UVrf.1<\/a><\/b><\/p><p>Conseils : Le d\u00e9veloppement se fait par Copecart.<\/p>\t\t\t\t\t\t\t\t<\/div>\n\t\t\t\t<div class=\"elementor-element elementor-element-78ebe7f elementor-widget elementor-widget-text-editor\" data-id=\"78ebe7f\" data-element_type=\"widget\" data-e-type=\"widget\" data-widget_type=\"text-editor.default\">\n\t\t\t\t\t\t\t\t\t<p>Je me r\u00e9jouis de Dich et de Deine Teilnahme !<\/p>\t\t\t\t\t\t\t\t<\/div>\n\t\t\t\t\t<\/div>\n\t\t\t\t<\/div>\n\t\t\t\t<\/div>","protected":false},"excerpt":{"rendered":"<p>Comment peux-tu obtenir plus d'engagement en ligne et am\u00e9liorer ton r\u00e9seau ? Qu'est-ce que tu dois faire sur LinkedIn et qu'est-ce que tu dois faire sur LinkedIn sans attendre ? As-tu des probl\u00e8mes, des fautes \u00e0 commettre ? As-tu besoin d'un meilleur positionnement ?<\/p>\n<p>In dieser exklusiven \ud83d\udcab Mastermind\ud83d\udcab hast Du die M\u00f6glichkeit, Deine Fragen offen anzusprechen und gemeinsam neue Strategien f\u00fcr Deine Sichtbarkeit zu entwickeln.<\/p>\n<p>Wir sind : Alexandra Kamp, professionnelle du marketing et experte de LinkedIn, et Daniel Schwenger, sp\u00e9cialiste de la visibilit\u00e9 en ligne sur LinkedIn. Dans notre Zoom-Call, nous partagerons nos exp\u00e9riences, nous vous proposerons des solutions concr\u00e8tes et nous r\u00e9pondrons \u00e0 vos questions en commun.<\/p>\n<p>Nous partageons nos exp\u00e9riences, nous vous proposons des solutions concr\u00e8tes et nous r\u00e9pondons \u00e0 vos questions en commun. <\/p>\n<p>L'objectif : De nouvelles perspectives pour votre visibilit\u00e9 en ligne, que vous n'avez pas encore r\u00e9ussi \u00e0 obtenir !<\/p>\n<p>La rencontre a lieu sur www.mastermind.erfolgreich.live.<br \/>\nLes plaques sont inclin\u00e9es.<\/p>\n<p>\u203c\ufe0f\ud83d\udea8 Der Zoom-Link wird mit der Buchung automatisch mit der Abwicklung durch Copecart verschickt. \u27a1\ufe0f \u27a1\ufe0f<\/p>\n<p>Nutze diese Gelegenheit, von unserer Expertise zu profitieren, und starte durch in eine neue \u00c4ra Deiner Sichtbarkeit ! \ud83d\udca5\ud83d\ude80\ud83d\udca5<\/p>","protected":false},"author":1,"featured_media":9096,"parent":0,"menu_order":0,"comment_status":"closed","ping_status":"closed","template":"","meta":{"footnotes":""},"class_list":["post-9094","page","type-page","status-publish","has-post-thumbnail","hentry"],"yoast_head":"<!-- This site is optimized with the Yoast SEO Premium plugin v20.5 (Yoast SEO v26.8) - https:\/\/yoast.com\/product\/yoast-seo-premium-wordpress\/ -->\n<title>Thank you Mastermind - Live-Broadcasting.Rocks | Erfolgreich.live | Sichtbarkeitsdoktor.de<\/title>\n<meta name=\"robots\" content=\"index, follow, max-snippet:-1, max-image-preview:large, max-video-preview:-1\" \/>\n<link rel=\"canonical\" href=\"https:\/\/live-broadcasting.rocks\/fr\/merci-mastermind\/\" \/>\n<meta property=\"og:locale\" content=\"fr_FR\" \/>\n<meta property=\"og:type\" content=\"article\" \/>\n<meta property=\"og:title\" content=\"Thank you Mastermind\" \/>\n<meta property=\"og:description\" content=\"Wie kannst Du online mehr Engagement erzeugen und Dein Netzwerk gezielt erweitern? Wieso solltest du auf LinkedIn sein und was solltest Du auf LinkedIn unbedingt beachten? Hast Du Bedenken, Fehler zu machen? Suchst Du nach einer klareren Positionierung? In dieser exklusiven \ud83d\udcab Mastermind\ud83d\udcab hast Du die M\u00f6glichkeit, Deine Fragen offen anzusprechen und gemeinsam neue Strategien f\u00fcr Deine Sichtbarkeit zu entwickeln. Wir sind: Alexandra Kamp, Vertriebsprofi und LinkedIn-Expertin, sowie Daniel Schwenger, Spezialist f\u00fcr Online-Sichtbarkeit mit Fokus auf LinkedIn. In unserem Zoom-Call teilen wir unsere Erfahrungen, geben Dir konkrete L\u00f6sungsans\u00e4tze und denken Deine Fragen gemeinsam durch. Wir teilen unsere Erfahrungen, geben Dir konkrete L\u00f6sungsans\u00e4tze und denken Deine Fragen gemeinsam durch.  Das Ziel: Neue Perspektiven f\u00fcr Deine Online-Sichtbarkeit, die Du allein vielleicht nie entdeckt h\u00e4ttest! Die Teilnahme erfolgt \u00fcber www.mastermind.erfolgreich.live. Die Pl\u00e4tze sind begrenzt. \u203c\ufe0f\ud83d\udea8 Der Zoom-Link wird mit der Buchung automatisch mit der Abwicklung durch Copecart verschickt. \u27a1\ufe0f \u27a1\ufe0f Nutze diese Gelegenheit, von unserer Expertise zu profitieren, und starte durch in eine neue \u00c4ra Deiner Sichtbarkeit! \ud83d\udca5\ud83d\ude80\ud83d\udca5\" \/>\n<meta property=\"og:url\" content=\"https:\/\/live-broadcasting.rocks\/fr\/merci-mastermind\/\" \/>\n<meta property=\"og:site_name\" content=\"Live-Broadcasting.Rocks | Erfolgreich.live | Sichtbarkeitsdoktor.de\" \/>\n<meta property=\"article:publisher\" content=\"http:\/\/facebook.com\/livebroadcastingrocks\" \/>\n<meta property=\"article:modified_time\" content=\"2024-09-08T06:50:27+00:00\" \/>\n<meta property=\"og:image\" content=\"https:\/\/live-broadcasting.rocks\/wp-content\/uploads\/2024\/08\/Sichtbarkeits-Mastermind_16-9_Generic_WEB.001.jpeg\" \/>\n\t<meta property=\"og:image:width\" content=\"1920\" \/>\n\t<meta property=\"og:image:height\" content=\"1080\" \/>\n\t<meta property=\"og:image:type\" content=\"image\/jpeg\" \/>\n<meta name=\"twitter:card\" content=\"summary_large_image\" \/>\n<meta name=\"twitter:site\" content=\"@livebcast\" \/>\n<script type=\"application\/ld+json\" class=\"yoast-schema-graph\">{\"@context\":\"https:\/\/schema.org\",\"@graph\":[{\"@type\":\"WebPage\",\"@id\":\"https:\/\/live-broadcasting.rocks\/thank-you-mastermind\/\",\"url\":\"https:\/\/live-broadcasting.rocks\/thank-you-mastermind\/\",\"name\":\"Thank you Mastermind - Live-Broadcasting.Rocks | Erfolgreich.live | Sichtbarkeitsdoktor.de\",\"isPartOf\":{\"@id\":\"https:\/\/live-broadcasting.rocks\/#website\"},\"primaryImageOfPage\":{\"@id\":\"https:\/\/live-broadcasting.rocks\/thank-you-mastermind\/#primaryimage\"},\"image\":{\"@id\":\"https:\/\/live-broadcasting.rocks\/thank-you-mastermind\/#primaryimage\"},\"thumbnailUrl\":\"https:\/\/live-broadcasting.rocks\/wp-content\/uploads\/2024\/08\/Sichtbarkeits-Mastermind_16-9_Generic_WEB.001.jpeg\",\"datePublished\":\"2024-08-19T10:33:55+00:00\",\"dateModified\":\"2024-09-08T06:50:27+00:00\",\"breadcrumb\":{\"@id\":\"https:\/\/live-broadcasting.rocks\/thank-you-mastermind\/#breadcrumb\"},\"inLanguage\":\"fr-FR\",\"potentialAction\":[{\"@type\":\"ReadAction\",\"target\":[\"https:\/\/live-broadcasting.rocks\/thank-you-mastermind\/\"]}]},{\"@type\":\"ImageObject\",\"inLanguage\":\"fr-FR\",\"@id\":\"https:\/\/live-broadcasting.rocks\/thank-you-mastermind\/#primaryimage\",\"url\":\"https:\/\/live-broadcasting.rocks\/wp-content\/uploads\/2024\/08\/Sichtbarkeits-Mastermind_16-9_Generic_WEB.001.jpeg\",\"contentUrl\":\"https:\/\/live-broadcasting.rocks\/wp-content\/uploads\/2024\/08\/Sichtbarkeits-Mastermind_16-9_Generic_WEB.001.jpeg\",\"width\":1920,\"height\":1080,\"caption\":\"Sichtbarkeits Mastermind Generic Web\"},{\"@type\":\"BreadcrumbList\",\"@id\":\"https:\/\/live-broadcasting.rocks\/thank-you-mastermind\/#breadcrumb\",\"itemListElement\":[{\"@type\":\"ListItem\",\"position\":1,\"name\":\"Startseite\",\"item\":\"https:\/\/live-broadcasting.rocks\/\"},{\"@type\":\"ListItem\",\"position\":2,\"name\":\"Thank you Mastermind\"}]},{\"@type\":\"WebSite\",\"@id\":\"https:\/\/live-broadcasting.rocks\/#website\",\"url\":\"https:\/\/live-broadcasting.rocks\/\",\"name\":\"Live-Broadcasting.Rocks | Erfolgreich.live | Sichtbarkeitsdoktor.de\",\"description\":\"Live Video Streaming and Broadcasting in high quality for thought leaders and business owners.\",\"publisher\":{\"@id\":\"https:\/\/live-broadcasting.rocks\/#organization\"},\"potentialAction\":[{\"@type\":\"SearchAction\",\"target\":{\"@type\":\"EntryPoint\",\"urlTemplate\":\"https:\/\/live-broadcasting.rocks\/?s={search_term_string}\"},\"query-input\":{\"@type\":\"PropertyValueSpecification\",\"valueRequired\":true,\"valueName\":\"search_term_string\"}}],\"inLanguage\":\"fr-FR\"},{\"@type\":\"Organization\",\"@id\":\"https:\/\/live-broadcasting.rocks\/#organization\",\"name\":\"Live-Broadcasting.Rocks - Erfolgreich.live - by Daniel Schwenger\",\"url\":\"https:\/\/live-broadcasting.rocks\/\",\"logo\":{\"@type\":\"ImageObject\",\"inLanguage\":\"fr-FR\",\"@id\":\"https:\/\/live-broadcasting.rocks\/#\/schema\/logo\/image\/\",\"url\":\"https:\/\/live-broadcasting.rocks\/wp-content\/uploads\/2022\/05\/Seitenlogo_200x133.gif\",\"contentUrl\":\"https:\/\/live-broadcasting.rocks\/wp-content\/uploads\/2022\/05\/Seitenlogo_200x133.gif\",\"width\":200,\"height\":133,\"caption\":\"Live-Broadcasting.Rocks - Erfolgreich.live - by Daniel Schwenger\"},\"image\":{\"@id\":\"https:\/\/live-broadcasting.rocks\/#\/schema\/logo\/image\/\"},\"sameAs\":[\"http:\/\/facebook.com\/livebroadcastingrocks\",\"https:\/\/x.com\/livebcast\",\"https:\/\/www.linkedin.com\/in\/schwenger\/\",\"https:\/\/www.instagram.com\/livebroadcasting_rocks\",\"https:\/\/www.twitch.tv\/dschwenger\",\"https:\/\/anchor.fm\/erfolgreich-live\",\"https:\/\/anchor.fm\/livebroadcasting\",\"https:\/\/www.youtube.com\/livebroadcastingrocks\"]}]}<\/script>\n<!-- \/ Yoast SEO Premium plugin. -->","yoast_head_json":{"title":"Thank you Mastermind - Live-Broadcasting.Rocks | Erfolgreich.live | Sichtbarkeitsdoktor.de","robots":{"index":"index","follow":"follow","max-snippet":"max-snippet:-1","max-image-preview":"max-image-preview:large","max-video-preview":"max-video-preview:-1"},"canonical":"https:\/\/live-broadcasting.rocks\/fr\/merci-mastermind\/","og_locale":"fr_FR","og_type":"article","og_title":"Thank you Mastermind","og_description":"Wie kannst Du online mehr Engagement erzeugen und Dein Netzwerk gezielt erweitern? Wieso solltest du auf LinkedIn sein und was solltest Du auf LinkedIn unbedingt beachten? Hast Du Bedenken, Fehler zu machen? Suchst Du nach einer klareren Positionierung? In dieser exklusiven \ud83d\udcab Mastermind\ud83d\udcab hast Du die M\u00f6glichkeit, Deine Fragen offen anzusprechen und gemeinsam neue Strategien f\u00fcr Deine Sichtbarkeit zu entwickeln. Wir sind: Alexandra Kamp, Vertriebsprofi und LinkedIn-Expertin, sowie Daniel Schwenger, Spezialist f\u00fcr Online-Sichtbarkeit mit Fokus auf LinkedIn. In unserem Zoom-Call teilen wir unsere Erfahrungen, geben Dir konkrete L\u00f6sungsans\u00e4tze und denken Deine Fragen gemeinsam durch. Wir teilen unsere Erfahrungen, geben Dir konkrete L\u00f6sungsans\u00e4tze und denken Deine Fragen gemeinsam durch.  Das Ziel: Neue Perspektiven f\u00fcr Deine Online-Sichtbarkeit, die Du allein vielleicht nie entdeckt h\u00e4ttest! Die Teilnahme erfolgt \u00fcber www.mastermind.erfolgreich.live. Die Pl\u00e4tze sind begrenzt. \u203c\ufe0f\ud83d\udea8 Der Zoom-Link wird mit der Buchung automatisch mit der Abwicklung durch Copecart verschickt. \u27a1\ufe0f \u27a1\ufe0f Nutze diese Gelegenheit, von unserer Expertise zu profitieren, und starte durch in eine neue \u00c4ra Deiner Sichtbarkeit! \ud83d\udca5\ud83d\ude80\ud83d\udca5","og_url":"https:\/\/live-broadcasting.rocks\/fr\/merci-mastermind\/","og_site_name":"Live-Broadcasting.Rocks | Erfolgreich.live | Sichtbarkeitsdoktor.de","article_publisher":"http:\/\/facebook.com\/livebroadcastingrocks","article_modified_time":"2024-09-08T06:50:27+00:00","og_image":[{"width":1920,"height":1080,"url":"https:\/\/live-broadcasting.rocks\/wp-content\/uploads\/2024\/08\/Sichtbarkeits-Mastermind_16-9_Generic_WEB.001.jpeg","type":"image\/jpeg"}],"twitter_card":"summary_large_image","twitter_site":"@livebcast","schema":{"@context":"https:\/\/schema.org","@graph":[{"@type":"WebPage","@id":"https:\/\/live-broadcasting.rocks\/thank-you-mastermind\/","url":"https:\/\/live-broadcasting.rocks\/thank-you-mastermind\/","name":"Thank you Mastermind - Live-Broadcasting.Rocks | Erfolgreich.live | Sichtbarkeitsdoktor.de","isPartOf":{"@id":"https:\/\/live-broadcasting.rocks\/#website"},"primaryImageOfPage":{"@id":"https:\/\/live-broadcasting.rocks\/thank-you-mastermind\/#primaryimage"},"image":{"@id":"https:\/\/live-broadcasting.rocks\/thank-you-mastermind\/#primaryimage"},"thumbnailUrl":"https:\/\/live-broadcasting.rocks\/wp-content\/uploads\/2024\/08\/Sichtbarkeits-Mastermind_16-9_Generic_WEB.001.jpeg","datePublished":"2024-08-19T10:33:55+00:00","dateModified":"2024-09-08T06:50:27+00:00","breadcrumb":{"@id":"https:\/\/live-broadcasting.rocks\/thank-you-mastermind\/#breadcrumb"},"inLanguage":"fr-FR","potentialAction":[{"@type":"ReadAction","target":["https:\/\/live-broadcasting.rocks\/thank-you-mastermind\/"]}]},{"@type":"ImageObject","inLanguage":"fr-FR","@id":"https:\/\/live-broadcasting.rocks\/thank-you-mastermind\/#primaryimage","url":"https:\/\/live-broadcasting.rocks\/wp-content\/uploads\/2024\/08\/Sichtbarkeits-Mastermind_16-9_Generic_WEB.001.jpeg","contentUrl":"https:\/\/live-broadcasting.rocks\/wp-content\/uploads\/2024\/08\/Sichtbarkeits-Mastermind_16-9_Generic_WEB.001.jpeg","width":1920,"height":1080,"caption":"Sichtbarkeits Mastermind Generic Web"},{"@type":"BreadcrumbList","@id":"https:\/\/live-broadcasting.rocks\/thank-you-mastermind\/#breadcrumb","itemListElement":[{"@type":"ListItem","position":1,"name":"Startseite","item":"https:\/\/live-broadcasting.rocks\/"},{"@type":"ListItem","position":2,"name":"Thank you Mastermind"}]},{"@type":"WebSite","@id":"https:\/\/live-broadcasting.rocks\/#website","url":"https:\/\/live-broadcasting.rocks\/","name":"Live-Broadcasting.Rocks | Erfolgreich.live | Sichtbarkeitsdoktor.de","description":"Streaming et diffusion vid\u00e9o en direct de haute qualit\u00e9 pour les leaders d&#039;opinion et les propri\u00e9taires d&#039;entreprise.","publisher":{"@id":"https:\/\/live-broadcasting.rocks\/#organization"},"potentialAction":[{"@type":"SearchAction","target":{"@type":"EntryPoint","urlTemplate":"https:\/\/live-broadcasting.rocks\/?s={search_term_string}"},"query-input":{"@type":"PropertyValueSpecification","valueRequired":true,"valueName":"search_term_string"}}],"inLanguage":"fr-FR"},{"@type":"Organization","@id":"https:\/\/live-broadcasting.rocks\/#organization","name":"Live-Broadcasting.Rocks - Erfolgreich.live - par Daniel Schwenger","url":"https:\/\/live-broadcasting.rocks\/","logo":{"@type":"ImageObject","inLanguage":"fr-FR","@id":"https:\/\/live-broadcasting.rocks\/#\/schema\/logo\/image\/","url":"https:\/\/live-broadcasting.rocks\/wp-content\/uploads\/2022\/05\/Seitenlogo_200x133.gif","contentUrl":"https:\/\/live-broadcasting.rocks\/wp-content\/uploads\/2022\/05\/Seitenlogo_200x133.gif","width":200,"height":133,"caption":"Live-Broadcasting.Rocks - Erfolgreich.live - by Daniel Schwenger"},"image":{"@id":"https:\/\/live-broadcasting.rocks\/#\/schema\/logo\/image\/"},"sameAs":["http:\/\/facebook.com\/livebroadcastingrocks","https:\/\/x.com\/livebcast","https:\/\/www.linkedin.com\/in\/schwenger\/","https:\/\/www.instagram.com\/livebroadcasting_rocks","https:\/\/www.twitch.tv\/dschwenger","https:\/\/anchor.fm\/erfolgreich-live","https:\/\/anchor.fm\/livebroadcasting","https:\/\/www.youtube.com\/livebroadcastingrocks"]}]}},"_links":{"self":[{"href":"https:\/\/live-broadcasting.rocks\/fr\/wp-json\/wp\/v2\/pages\/9094","targetHints":{"allow":["GET"]}}],"collection":[{"href":"https:\/\/live-broadcasting.rocks\/fr\/wp-json\/wp\/v2\/pages"}],"about":[{"href":"https:\/\/live-broadcasting.rocks\/fr\/wp-json\/wp\/v2\/types\/page"}],"author":[{"embeddable":true,"href":"https:\/\/live-broadcasting.rocks\/fr\/wp-json\/wp\/v2\/users\/1"}],"replies":[{"embeddable":true,"href":"https:\/\/live-broadcasting.rocks\/fr\/wp-json\/wp\/v2\/comments?post=9094"}],"version-history":[{"count":58,"href":"https:\/\/live-broadcasting.rocks\/fr\/wp-json\/wp\/v2\/pages\/9094\/revisions"}],"predecessor-version":[{"id":9222,"href":"https:\/\/live-broadcasting.rocks\/fr\/wp-json\/wp\/v2\/pages\/9094\/revisions\/9222"}],"wp:featuredmedia":[{"embeddable":true,"href":"https:\/\/live-broadcasting.rocks\/fr\/wp-json\/wp\/v2\/media\/9096"}],"wp:attachment":[{"href":"https:\/\/live-broadcasting.rocks\/fr\/wp-json\/wp\/v2\/media?parent=9094"}],"curies":[{"name":"wp","href":"https:\/\/api.w.org\/{rel}","templated":true}]}}