{"id":9447,"date":"2024-12-04T11:08:07","date_gmt":"2024-12-04T10:08:07","guid":{"rendered":"https:\/\/live-broadcasting.rocks\/?page_id=9447"},"modified":"2024-12-04T13:31:26","modified_gmt":"2024-12-04T12:31:26","slug":"danke-linkedin-check","status":"publish","type":"page","link":"https:\/\/live-broadcasting.rocks\/de\/danke-linkedin-check\/","title":{"rendered":"Danke LinkedIn-Check"},"content":{"rendered":"<div data-elementor-type=\"wp-page\" data-elementor-id=\"9447\" class=\"elementor elementor-9447\" data-elementor-post-type=\"page\">\n\t\t\t\t<div class=\"elementor-element elementor-element-fa390de e-flex e-con-boxed e-con e-parent\" data-id=\"fa390de\" data-element_type=\"container\" data-e-type=\"container\">\n\t\t\t\t\t<div class=\"e-con-inner\">\n\t\t\t\t<div class=\"elementor-element elementor-element-2ae0288 elementor-widget elementor-widget-heading\" data-id=\"2ae0288\" data-element_type=\"widget\" data-e-type=\"widget\" data-widget_type=\"heading.default\">\n\t\t\t\t\t<h1 class=\"elementor-heading-title elementor-size-default\">Vielen Dank, dass Sie den LinkedIn Profil-Check gebucht haben<\/h1>\t\t\t\t<\/div>\n\t\t\t\t<div class=\"elementor-element elementor-element-cf1b6e7 elementor-widget elementor-widget-image\" data-id=\"cf1b6e7\" data-element_type=\"widget\" data-e-type=\"widget\" data-widget_type=\"image.default\">\n\t\t\t\t\t\t\t\t\t\t\t\t\t\t\t<img fetchpriority=\"high\" decoding=\"async\" width=\"768\" height=\"480\" src=\"https:\/\/live-broadcasting.rocks\/wp-content\/uploads\/2024\/12\/LinkedIn-Profilcheck-Thumb_trans-1200-768x480.png\" class=\"attachment-medium_large size-medium_large wp-image-9458\" alt=\"\" srcset=\"https:\/\/live-broadcasting.rocks\/wp-content\/uploads\/2024\/12\/LinkedIn-Profilcheck-Thumb_trans-1200-768x480.png 768w, https:\/\/live-broadcasting.rocks\/wp-content\/uploads\/2024\/12\/LinkedIn-Profilcheck-Thumb_trans-1200-300x188.png 300w, https:\/\/live-broadcasting.rocks\/wp-content\/uploads\/2024\/12\/LinkedIn-Profilcheck-Thumb_trans-1200-1024x640.png 1024w, https:\/\/live-broadcasting.rocks\/wp-content\/uploads\/2024\/12\/LinkedIn-Profilcheck-Thumb_trans-1200-18x12.png 18w, https:\/\/live-broadcasting.rocks\/wp-content\/uploads\/2024\/12\/LinkedIn-Profilcheck-Thumb_trans-1200.png 1200w\" sizes=\"(max-width: 768px) 100vw, 768px\" \/>\t\t\t\t\t\t\t\t\t\t\t\t\t\t\t<\/div>\n\t\t\t\t<div class=\"elementor-element elementor-element-bc3206b elementor-widget elementor-widget-text-editor\" data-id=\"bc3206b\" data-element_type=\"widget\" data-e-type=\"widget\" data-widget_type=\"text-editor.default\">\n\t\t\t\t\t\t\t\t\t<p>Ihre n\u00e4chsten Schritte:<\/p>\t\t\t\t\t\t\t\t<\/div>\n\t\t\t\t<div class=\"elementor-element elementor-element-32d1250 elementor-widget elementor-widget-heading\" data-id=\"32d1250\" data-element_type=\"widget\" data-e-type=\"widget\" data-widget_type=\"heading.default\">\n\t\t\t\t\t<h2 class=\"elementor-heading-title elementor-size-default\">1. F\u00fcllen Sie grundlegende Informationen \u00fcber das LinkedIn-Profil aus  <\/h2>\t\t\t\t<\/div>\n\t\t\t\t\t<\/div>\n\t\t\t\t<\/div>\n\t\t<div class=\"elementor-element elementor-element-a075839 e-flex e-con-boxed e-con e-parent\" data-id=\"a075839\" data-element_type=\"container\" data-e-type=\"container\">\n\t\t\t\t\t<div class=\"e-con-inner\">\n\t\t\t\t<div class=\"elementor-element elementor-element-cad9924 elementor-widget elementor-widget-image\" data-id=\"cad9924\" data-element_type=\"widget\" data-e-type=\"widget\" data-widget_type=\"image.default\">\n\t\t\t\t\t\t\t\t\t\t\t\t\t\t\t<img decoding=\"async\" width=\"800\" height=\"534\" src=\"https:\/\/live-broadcasting.rocks\/wp-content\/uploads\/2024\/12\/LinkedIn-Profilcheck-QRneutral_-1024x683.jpg\" class=\"attachment-large size-large wp-image-9450\" alt=\"\" srcset=\"https:\/\/live-broadcasting.rocks\/wp-content\/uploads\/2024\/12\/LinkedIn-Profilcheck-QRneutral_-1024x683.jpg 1024w, https:\/\/live-broadcasting.rocks\/wp-content\/uploads\/2024\/12\/LinkedIn-Profilcheck-QRneutral_-300x200.jpg 300w, https:\/\/live-broadcasting.rocks\/wp-content\/uploads\/2024\/12\/LinkedIn-Profilcheck-QRneutral_-768x512.jpg 768w, https:\/\/live-broadcasting.rocks\/wp-content\/uploads\/2024\/12\/LinkedIn-Profilcheck-QRneutral_-1536x1024.jpg 1536w, https:\/\/live-broadcasting.rocks\/wp-content\/uploads\/2024\/12\/LinkedIn-Profilcheck-QRneutral_-18x12.jpg 18w, https:\/\/live-broadcasting.rocks\/wp-content\/uploads\/2024\/12\/LinkedIn-Profilcheck-QRneutral_.jpg 1920w\" sizes=\"(max-width: 800px) 100vw, 800px\" \/>\t\t\t\t\t\t\t\t\t\t\t\t\t\t\t<\/div>\n\t\t\t\t<div class=\"elementor-element elementor-element-7306964 elementor-widget elementor-widget-text-editor\" data-id=\"7306964\" data-element_type=\"widget\" data-e-type=\"widget\" data-widget_type=\"text-editor.default\">\n\t\t\t\t\t\t\t\t\t<p><a href=\"https:\/\/ngoresearch.typeform.com\/to\/Xl0jLxi9\"><strong>F\u00fcllen Sie den kurzen Fragebogen zu Ihrem LinkedIn-Profil aus:<\/strong><\/a><br \/>Scannen Sie den QR-Code ein oder gehen Sie auf diesen Link: https:\/\/ngoresearch.typeform.com\/to\/Xl0jLxi9<\/p>\t\t\t\t\t\t\t\t<\/div>\n\t\t\t\t<div class=\"elementor-element elementor-element-b3cbb75 elementor-widget elementor-widget-heading\" data-id=\"b3cbb75\" data-element_type=\"widget\" data-e-type=\"widget\" data-widget_type=\"heading.default\">\n\t\t\t\t\t<h2 class=\"elementor-heading-title elementor-size-default\">2. Wenn Sie noch kein LinkedIn-Profil haben: Sehen Sie sich das Video an, wie Sie Ihr Profil erstellen<\/h2>\t\t\t\t<\/div>\n\t\t\t\t<div class=\"elementor-element elementor-element-0ada9a6 elementor-widget elementor-widget-image\" data-id=\"0ada9a6\" data-element_type=\"widget\" data-e-type=\"widget\" data-widget_type=\"image.default\">\n\t\t\t\t\t\t\t\t\t\t\t\t\t\t\t<img decoding=\"async\" width=\"800\" height=\"450\" src=\"https:\/\/live-broadcasting.rocks\/wp-content\/uploads\/2024\/09\/Thumbnail2.001-1024x576.jpeg\" class=\"attachment-large size-large wp-image-9251\" alt=\"\" srcset=\"https:\/\/live-broadcasting.rocks\/wp-content\/uploads\/2024\/09\/Thumbnail2.001-1024x576.jpeg 1024w, https:\/\/live-broadcasting.rocks\/wp-content\/uploads\/2024\/09\/Thumbnail2.001-300x169.jpeg 300w, https:\/\/live-broadcasting.rocks\/wp-content\/uploads\/2024\/09\/Thumbnail2.001-768x432.jpeg 768w, https:\/\/live-broadcasting.rocks\/wp-content\/uploads\/2024\/09\/Thumbnail2.001-1536x864.jpeg 1536w, https:\/\/live-broadcasting.rocks\/wp-content\/uploads\/2024\/09\/Thumbnail2.001-18x10.jpeg 18w, https:\/\/live-broadcasting.rocks\/wp-content\/uploads\/2024\/09\/Thumbnail2.001.jpeg 1920w\" sizes=\"(max-width: 800px) 100vw, 800px\" \/>\t\t\t\t\t\t\t\t\t\t\t\t\t\t\t<\/div>\n\t\t\t\t<div class=\"elementor-element elementor-element-f4ca94d elementor-widget elementor-widget-text-editor\" data-id=\"f4ca94d\" data-element_type=\"widget\" data-e-type=\"widget\" data-widget_type=\"text-editor.default\">\n\t\t\t\t\t\t\t\t\t<p><a href=\"https:\/\/vimeo.com\/1008388860\/630431bfe9?share=copy\"><strong>2. Sehen Sie sich das Tutorial-Video hier an:<\/strong><\/a><br \/>https:\/\/vimeo.com\/1008388860\/630431bfe9?share=copy<\/p>\t\t\t\t\t\t\t\t<\/div>\n\t\t\t\t\t<\/div>\n\t\t\t\t<\/div>\n\t\t<div class=\"elementor-element elementor-element-e29665d e-flex e-con-boxed e-con e-parent\" data-id=\"e29665d\" data-element_type=\"container\" data-e-type=\"container\">\n\t\t\t\t\t<div class=\"e-con-inner\">\n\t\t\t\t<div class=\"elementor-element elementor-element-be90dc2 elementor-widget elementor-widget-heading\" data-id=\"be90dc2\" data-element_type=\"widget\" data-e-type=\"widget\" data-widget_type=\"heading.default\">\n\t\t\t\t\t<h2 class=\"elementor-heading-title elementor-size-default\">Kontakt<\/h2>\t\t\t\t<\/div>\n\t\t\t\t<div class=\"elementor-element elementor-element-3978808 elementor-widget elementor-widget-text-editor\" data-id=\"3978808\" data-element_type=\"widget\" data-e-type=\"widget\" data-widget_type=\"text-editor.default\">\n\t\t\t\t\t\t\t\t\t<p>Kontakt: Haben Sie Fragen? Schreiben Sie an daniel@sichtbarkeitsdoktor.de<\/p>\t\t\t\t\t\t\t\t<\/div>\n\t\t\t\t\t<\/div>\n\t\t\t\t<\/div>\n\t\t\t\t<\/div>","protected":false},"excerpt":{"rendered":"<p>Thank you for booking the LinkedIn Profile-Check Your next steps: 1. Fill in basic Info about the LinkedIn-Profile Fill out the short questionnaire about your LinkedIn Profile:Scan in the QR-Code or go to this link: https:\/\/ngoresearch.typeform.com\/to\/Xl0jLxi9 2. If you don&#8217;t have a LinkedIn Profile Yet: Watch the video on how to create your profile 2. [&hellip;]<\/p>\n","protected":false},"author":1,"featured_media":0,"parent":0,"menu_order":0,"comment_status":"closed","ping_status":"closed","template":"","meta":{"footnotes":""},"class_list":["post-9447","page","type-page","status-publish","hentry"],"yoast_head":"<!-- This site is optimized with the Yoast SEO Premium plugin v20.5 (Yoast SEO v26.8) - https:\/\/yoast.com\/product\/yoast-seo-premium-wordpress\/ -->\n<title>Danke LinkedIn-Check - Live-Broadcasting.Rocks | Erfolgreich.live | Sichtbarkeitsdoktor.de<\/title>\n<meta name=\"robots\" content=\"index, follow, max-snippet:-1, max-image-preview:large, max-video-preview:-1\" \/>\n<link rel=\"canonical\" href=\"https:\/\/live-broadcasting.rocks\/de\/danke-linkedin-check\/\" \/>\n<meta property=\"og:locale\" content=\"de_DE\" \/>\n<meta property=\"og:type\" content=\"article\" \/>\n<meta property=\"og:title\" content=\"Danke LinkedIn-Check\" \/>\n<meta property=\"og:description\" content=\"Thank you for booking the LinkedIn Profile-Check Your next steps: 1. Fill in basic Info about the LinkedIn-Profile Fill out the short questionnaire about your LinkedIn Profile:Scan in the QR-Code or go to this link: https:\/\/ngoresearch.typeform.com\/to\/Xl0jLxi9 2. If you don&#8217;t have a LinkedIn Profile Yet: Watch the video on how to create your profile 2. [&hellip;]\" \/>\n<meta property=\"og:url\" content=\"https:\/\/live-broadcasting.rocks\/de\/danke-linkedin-check\/\" \/>\n<meta property=\"og:site_name\" content=\"Live-Broadcasting.Rocks | Erfolgreich.live | Sichtbarkeitsdoktor.de\" \/>\n<meta property=\"article:publisher\" content=\"http:\/\/facebook.com\/livebroadcastingrocks\" \/>\n<meta property=\"article:modified_time\" content=\"2024-12-04T12:31:26+00:00\" \/>\n<meta property=\"og:image\" content=\"https:\/\/live-broadcasting.rocks\/wp-content\/uploads\/2024\/12\/LinkedIn-Profilcheck-Thumb_trans-1200.png\" \/>\n\t<meta property=\"og:image:width\" content=\"1200\" \/>\n\t<meta property=\"og:image:height\" content=\"750\" \/>\n\t<meta property=\"og:image:type\" content=\"image\/png\" \/>\n<meta name=\"twitter:card\" content=\"summary_large_image\" \/>\n<meta name=\"twitter:site\" content=\"@livebcast\" \/>\n<meta name=\"twitter:label1\" content=\"Gesch\u00e4tzte Lesezeit\" \/>\n\t<meta name=\"twitter:data1\" content=\"1\u00a0Minute\" \/>\n<script type=\"application\/ld+json\" class=\"yoast-schema-graph\">{\"@context\":\"https:\/\/schema.org\",\"@graph\":[{\"@type\":\"WebPage\",\"@id\":\"https:\/\/live-broadcasting.rocks\/danke-linkedin-check\/\",\"url\":\"https:\/\/live-broadcasting.rocks\/danke-linkedin-check\/\",\"name\":\"Danke LinkedIn-Check - Live-Broadcasting.Rocks | Erfolgreich.live | Sichtbarkeitsdoktor.de\",\"isPartOf\":{\"@id\":\"https:\/\/live-broadcasting.rocks\/#website\"},\"primaryImageOfPage\":{\"@id\":\"https:\/\/live-broadcasting.rocks\/danke-linkedin-check\/#primaryimage\"},\"image\":{\"@id\":\"https:\/\/live-broadcasting.rocks\/danke-linkedin-check\/#primaryimage\"},\"thumbnailUrl\":\"https:\/\/live-broadcasting.rocks\/wp-content\/uploads\/2024\/12\/LinkedIn-Profilcheck-Thumb_trans-1200-768x480.png\",\"datePublished\":\"2024-12-04T10:08:07+00:00\",\"dateModified\":\"2024-12-04T12:31:26+00:00\",\"breadcrumb\":{\"@id\":\"https:\/\/live-broadcasting.rocks\/danke-linkedin-check\/#breadcrumb\"},\"inLanguage\":\"de\",\"potentialAction\":[{\"@type\":\"ReadAction\",\"target\":[\"https:\/\/live-broadcasting.rocks\/danke-linkedin-check\/\"]}]},{\"@type\":\"ImageObject\",\"inLanguage\":\"de\",\"@id\":\"https:\/\/live-broadcasting.rocks\/danke-linkedin-check\/#primaryimage\",\"url\":\"https:\/\/live-broadcasting.rocks\/wp-content\/uploads\/2024\/12\/LinkedIn-Profilcheck-Thumb_trans-1200-768x480.png\",\"contentUrl\":\"https:\/\/live-broadcasting.rocks\/wp-content\/uploads\/2024\/12\/LinkedIn-Profilcheck-Thumb_trans-1200-768x480.png\"},{\"@type\":\"BreadcrumbList\",\"@id\":\"https:\/\/live-broadcasting.rocks\/danke-linkedin-check\/#breadcrumb\",\"itemListElement\":[{\"@type\":\"ListItem\",\"position\":1,\"name\":\"Startseite\",\"item\":\"https:\/\/live-broadcasting.rocks\/\"},{\"@type\":\"ListItem\",\"position\":2,\"name\":\"Danke LinkedIn-Check\"}]},{\"@type\":\"WebSite\",\"@id\":\"https:\/\/live-broadcasting.rocks\/#website\",\"url\":\"https:\/\/live-broadcasting.rocks\/\",\"name\":\"Live-Broadcasting.Rocks | Erfolgreich.live | Sichtbarkeitsdoktor.de\",\"description\":\"Live Video Streaming and Broadcasting in high quality for thought leaders and business owners.\",\"publisher\":{\"@id\":\"https:\/\/live-broadcasting.rocks\/#organization\"},\"potentialAction\":[{\"@type\":\"SearchAction\",\"target\":{\"@type\":\"EntryPoint\",\"urlTemplate\":\"https:\/\/live-broadcasting.rocks\/?s={search_term_string}\"},\"query-input\":{\"@type\":\"PropertyValueSpecification\",\"valueRequired\":true,\"valueName\":\"search_term_string\"}}],\"inLanguage\":\"de\"},{\"@type\":\"Organization\",\"@id\":\"https:\/\/live-broadcasting.rocks\/#organization\",\"name\":\"Live-Broadcasting.Rocks - Erfolgreich.live - by Daniel Schwenger\",\"url\":\"https:\/\/live-broadcasting.rocks\/\",\"logo\":{\"@type\":\"ImageObject\",\"inLanguage\":\"de\",\"@id\":\"https:\/\/live-broadcasting.rocks\/#\/schema\/logo\/image\/\",\"url\":\"https:\/\/live-broadcasting.rocks\/wp-content\/uploads\/2022\/05\/Seitenlogo_200x133.gif\",\"contentUrl\":\"https:\/\/live-broadcasting.rocks\/wp-content\/uploads\/2022\/05\/Seitenlogo_200x133.gif\",\"width\":200,\"height\":133,\"caption\":\"Live-Broadcasting.Rocks - Erfolgreich.live - by Daniel Schwenger\"},\"image\":{\"@id\":\"https:\/\/live-broadcasting.rocks\/#\/schema\/logo\/image\/\"},\"sameAs\":[\"http:\/\/facebook.com\/livebroadcastingrocks\",\"https:\/\/x.com\/livebcast\",\"https:\/\/www.linkedin.com\/in\/schwenger\/\",\"https:\/\/www.instagram.com\/livebroadcasting_rocks\",\"https:\/\/www.twitch.tv\/dschwenger\",\"https:\/\/anchor.fm\/erfolgreich-live\",\"https:\/\/anchor.fm\/livebroadcasting\",\"https:\/\/www.youtube.com\/livebroadcastingrocks\"]}]}<\/script>\n<!-- \/ Yoast SEO Premium plugin. -->","yoast_head_json":{"title":"Danke LinkedIn-Check - Live-Broadcasting.Rocks | Erfolgreich.live | Sichtbarkeitsdoktor.de","robots":{"index":"index","follow":"follow","max-snippet":"max-snippet:-1","max-image-preview":"max-image-preview:large","max-video-preview":"max-video-preview:-1"},"canonical":"https:\/\/live-broadcasting.rocks\/de\/danke-linkedin-check\/","og_locale":"de_DE","og_type":"article","og_title":"Danke LinkedIn-Check","og_description":"Thank you for booking the LinkedIn Profile-Check Your next steps: 1. Fill in basic Info about the LinkedIn-Profile Fill out the short questionnaire about your LinkedIn Profile:Scan in the QR-Code or go to this link: https:\/\/ngoresearch.typeform.com\/to\/Xl0jLxi9 2. If you don&#8217;t have a LinkedIn Profile Yet: Watch the video on how to create your profile 2. [&hellip;]","og_url":"https:\/\/live-broadcasting.rocks\/de\/danke-linkedin-check\/","og_site_name":"Live-Broadcasting.Rocks | Erfolgreich.live | Sichtbarkeitsdoktor.de","article_publisher":"http:\/\/facebook.com\/livebroadcastingrocks","article_modified_time":"2024-12-04T12:31:26+00:00","og_image":[{"width":1200,"height":750,"url":"https:\/\/live-broadcasting.rocks\/wp-content\/uploads\/2024\/12\/LinkedIn-Profilcheck-Thumb_trans-1200.png","type":"image\/png"}],"twitter_card":"summary_large_image","twitter_site":"@livebcast","twitter_misc":{"Gesch\u00e4tzte Lesezeit":"1\u00a0Minute"},"schema":{"@context":"https:\/\/schema.org","@graph":[{"@type":"WebPage","@id":"https:\/\/live-broadcasting.rocks\/danke-linkedin-check\/","url":"https:\/\/live-broadcasting.rocks\/danke-linkedin-check\/","name":"Danke LinkedIn-Check - Live-Broadcasting.Rocks | Erfolgreich.live | Sichtbarkeitsdoktor.de","isPartOf":{"@id":"https:\/\/live-broadcasting.rocks\/#website"},"primaryImageOfPage":{"@id":"https:\/\/live-broadcasting.rocks\/danke-linkedin-check\/#primaryimage"},"image":{"@id":"https:\/\/live-broadcasting.rocks\/danke-linkedin-check\/#primaryimage"},"thumbnailUrl":"https:\/\/live-broadcasting.rocks\/wp-content\/uploads\/2024\/12\/LinkedIn-Profilcheck-Thumb_trans-1200-768x480.png","datePublished":"2024-12-04T10:08:07+00:00","dateModified":"2024-12-04T12:31:26+00:00","breadcrumb":{"@id":"https:\/\/live-broadcasting.rocks\/danke-linkedin-check\/#breadcrumb"},"inLanguage":"de","potentialAction":[{"@type":"ReadAction","target":["https:\/\/live-broadcasting.rocks\/danke-linkedin-check\/"]}]},{"@type":"ImageObject","inLanguage":"de","@id":"https:\/\/live-broadcasting.rocks\/danke-linkedin-check\/#primaryimage","url":"https:\/\/live-broadcasting.rocks\/wp-content\/uploads\/2024\/12\/LinkedIn-Profilcheck-Thumb_trans-1200-768x480.png","contentUrl":"https:\/\/live-broadcasting.rocks\/wp-content\/uploads\/2024\/12\/LinkedIn-Profilcheck-Thumb_trans-1200-768x480.png"},{"@type":"BreadcrumbList","@id":"https:\/\/live-broadcasting.rocks\/danke-linkedin-check\/#breadcrumb","itemListElement":[{"@type":"ListItem","position":1,"name":"Startseite","item":"https:\/\/live-broadcasting.rocks\/"},{"@type":"ListItem","position":2,"name":"Danke LinkedIn-Check"}]},{"@type":"WebSite","@id":"https:\/\/live-broadcasting.rocks\/#website","url":"https:\/\/live-broadcasting.rocks\/","name":"Live-Broadcasting.Rocks | Erfolgreich.live | Sichtbarkeitsdoktor.de","description":"Live Video Streaming und Broadcasting in hoher Qualit\u00e4t f\u00fcr Vordenker und Gesch\u00e4ftsleute.","publisher":{"@id":"https:\/\/live-broadcasting.rocks\/#organization"},"potentialAction":[{"@type":"SearchAction","target":{"@type":"EntryPoint","urlTemplate":"https:\/\/live-broadcasting.rocks\/?s={search_term_string}"},"query-input":{"@type":"PropertyValueSpecification","valueRequired":true,"valueName":"search_term_string"}}],"inLanguage":"de"},{"@type":"Organization","@id":"https:\/\/live-broadcasting.rocks\/#organization","name":"Live-\u00dcbertragung.Rocks - Erfolgreich.live - von Daniel Schwenger","url":"https:\/\/live-broadcasting.rocks\/","logo":{"@type":"ImageObject","inLanguage":"de","@id":"https:\/\/live-broadcasting.rocks\/#\/schema\/logo\/image\/","url":"https:\/\/live-broadcasting.rocks\/wp-content\/uploads\/2022\/05\/Seitenlogo_200x133.gif","contentUrl":"https:\/\/live-broadcasting.rocks\/wp-content\/uploads\/2022\/05\/Seitenlogo_200x133.gif","width":200,"height":133,"caption":"Live-Broadcasting.Rocks - Erfolgreich.live - by Daniel Schwenger"},"image":{"@id":"https:\/\/live-broadcasting.rocks\/#\/schema\/logo\/image\/"},"sameAs":["http:\/\/facebook.com\/livebroadcastingrocks","https:\/\/x.com\/livebcast","https:\/\/www.linkedin.com\/in\/schwenger\/","https:\/\/www.instagram.com\/livebroadcasting_rocks","https:\/\/www.twitch.tv\/dschwenger","https:\/\/anchor.fm\/erfolgreich-live","https:\/\/anchor.fm\/livebroadcasting","https:\/\/www.youtube.com\/livebroadcastingrocks"]}]}},"_links":{"self":[{"href":"https:\/\/live-broadcasting.rocks\/de\/wp-json\/wp\/v2\/pages\/9447","targetHints":{"allow":["GET"]}}],"collection":[{"href":"https:\/\/live-broadcasting.rocks\/de\/wp-json\/wp\/v2\/pages"}],"about":[{"href":"https:\/\/live-broadcasting.rocks\/de\/wp-json\/wp\/v2\/types\/page"}],"author":[{"embeddable":true,"href":"https:\/\/live-broadcasting.rocks\/de\/wp-json\/wp\/v2\/users\/1"}],"replies":[{"embeddable":true,"href":"https:\/\/live-broadcasting.rocks\/de\/wp-json\/wp\/v2\/comments?post=9447"}],"version-history":[{"count":19,"href":"https:\/\/live-broadcasting.rocks\/de\/wp-json\/wp\/v2\/pages\/9447\/revisions"}],"predecessor-version":[{"id":9472,"href":"https:\/\/live-broadcasting.rocks\/de\/wp-json\/wp\/v2\/pages\/9447\/revisions\/9472"}],"wp:attachment":[{"href":"https:\/\/live-broadcasting.rocks\/de\/wp-json\/wp\/v2\/media?parent=9447"}],"curies":[{"name":"wp","href":"https:\/\/api.w.org\/{rel}","templated":true}]}}