{"id":9384,"date":"2024-10-25T23:53:47","date_gmt":"2024-10-25T21:53:47","guid":{"rendered":"https:\/\/live-broadcasting.rocks\/?page_id=9384"},"modified":"2024-10-26T00:07:25","modified_gmt":"2024-10-25T22:07:25","slug":"danke-mastermind-warteliste","status":"publish","type":"page","link":"https:\/\/live-broadcasting.rocks\/de\/danke-mastermind-warteliste\/","title":{"rendered":"Dankesch\u00f6n Mastermind Warteliste"},"content":{"rendered":"<div data-elementor-type=\"wp-page\" data-elementor-id=\"9384\" class=\"elementor elementor-9384\" data-elementor-post-type=\"page\">\n\t\t\t\t<div class=\"elementor-element elementor-element-e68bc1e e-flex e-con-boxed e-con e-parent\" data-id=\"e68bc1e\" data-element_type=\"container\" data-e-type=\"container\">\n\t\t\t\t\t<div class=\"e-con-inner\">\n\t\t\t\t<div class=\"elementor-element elementor-element-215e257 elementor-widget elementor-widget-heading\" data-id=\"215e257\" data-element_type=\"widget\" data-e-type=\"widget\" data-widget_type=\"heading.default\">\n\t\t\t\t\t<h2 class=\"elementor-heading-title elementor-size-default\">Sie haben sich erfolgreich in die Warteliste eingetragen. <\/h2>\t\t\t\t<\/div>\n\t\t\t\t<div class=\"elementor-element elementor-element-93ca36a elementor-widget elementor-widget-image\" data-id=\"93ca36a\" data-element_type=\"widget\" data-e-type=\"widget\" data-widget_type=\"image.default\">\n\t\t\t\t\t\t\t\t\t\t\t\t\t\t\t<img fetchpriority=\"high\" decoding=\"async\" width=\"800\" height=\"450\" src=\"https:\/\/live-broadcasting.rocks\/wp-content\/uploads\/2024\/08\/Sichtbarkeits-Mastermind_16-9_Generic_WEB.001-1024x576.jpeg\" class=\"attachment-large size-large wp-image-9096\" alt=\"Sichtbarkeiteits Mastermind Generic Web\" srcset=\"https:\/\/live-broadcasting.rocks\/wp-content\/uploads\/2024\/08\/Sichtbarkeits-Mastermind_16-9_Generic_WEB.001-1024x576.jpeg 1024w, https:\/\/live-broadcasting.rocks\/wp-content\/uploads\/2024\/08\/Sichtbarkeits-Mastermind_16-9_Generic_WEB.001-300x169.jpeg 300w, https:\/\/live-broadcasting.rocks\/wp-content\/uploads\/2024\/08\/Sichtbarkeits-Mastermind_16-9_Generic_WEB.001-768x432.jpeg 768w, https:\/\/live-broadcasting.rocks\/wp-content\/uploads\/2024\/08\/Sichtbarkeits-Mastermind_16-9_Generic_WEB.001-1536x864.jpeg 1536w, https:\/\/live-broadcasting.rocks\/wp-content\/uploads\/2024\/08\/Sichtbarkeits-Mastermind_16-9_Generic_WEB.001-18x10.jpeg 18w, https:\/\/live-broadcasting.rocks\/wp-content\/uploads\/2024\/08\/Sichtbarkeits-Mastermind_16-9_Generic_WEB.001.jpeg 1920w\" sizes=\"(max-width: 800px) 100vw, 800px\" \/>\t\t\t\t\t\t\t\t\t\t\t\t\t\t\t<\/div>\n\t\t\t\t<div class=\"elementor-element elementor-element-e292b06 elementor-widget elementor-widget-text-editor\" data-id=\"e292b06\" data-element_type=\"widget\" data-e-type=\"widget\" data-widget_type=\"text-editor.default\">\n\t\t\t\t\t\t\t\t\t<p>Vielen Dank f\u00fcr Ihren Eintrag und Ihr Interesse. Wir werden uns melden, sobald neue Termine verf\u00fcgbar sind. Da die Pl\u00e4tze begrenzt sind, geh\u00f6ren Sie zu den Ersten, die davon erfahren, und k\u00f6nnen von exklusiven Fr\u00fchbucherangeboten profitieren.<\/p>\t\t\t\t\t\t\t\t<\/div>\n\t\t\t\t\t<\/div>\n\t\t\t\t<\/div>\n\t\t\t\t<\/div>","protected":false},"excerpt":{"rendered":"<p>Sie haben sich erfolgreich in die Warteliste eingetragen. Vielen Dank f\u00fcr Ihren Eintrag und Ihr Interesse. Wir werden Sie informieren, sobald neue Termine verf\u00fcgbar sind. Da die Pl\u00e4tze begrenzt sind, geh\u00f6ren Sie zu den Ersten, die davon erfahren, und k\u00f6nnen von exklusiven Fr\u00fchbucherangeboten profitieren.<\/p>","protected":false},"author":1,"featured_media":0,"parent":0,"menu_order":0,"comment_status":"closed","ping_status":"closed","template":"","meta":{"footnotes":""},"class_list":["post-9384","page","type-page","status-publish","hentry"],"yoast_head":"<!-- This site is optimized with the Yoast SEO Premium plugin v20.5 (Yoast SEO v26.8) - https:\/\/yoast.com\/product\/yoast-seo-premium-wordpress\/ -->\n<title>Thank you Mastermind Waiting list - Live-Broadcasting.Rocks | Erfolgreich.live | Sichtbarkeitsdoktor.de<\/title>\n<meta name=\"robots\" content=\"index, follow, max-snippet:-1, max-image-preview:large, max-video-preview:-1\" \/>\n<link rel=\"canonical\" href=\"https:\/\/live-broadcasting.rocks\/de\/danke-mastermind-warteliste\/\" \/>\n<meta property=\"og:locale\" content=\"de_DE\" \/>\n<meta property=\"og:type\" content=\"article\" \/>\n<meta property=\"og:title\" content=\"Thank you Mastermind Waiting list\" \/>\n<meta property=\"og:description\" content=\"You have successfully entered the waitinglist. Thanks for your entry and interest. We will reach out as soon as new dates are available. Spaces are limited, so you&#8217;ll be among the first to know and can benefit from exclusive early bird offers.\" \/>\n<meta property=\"og:url\" content=\"https:\/\/live-broadcasting.rocks\/de\/danke-mastermind-warteliste\/\" \/>\n<meta property=\"og:site_name\" content=\"Live-Broadcasting.Rocks | Erfolgreich.live | Sichtbarkeitsdoktor.de\" \/>\n<meta property=\"article:publisher\" content=\"http:\/\/facebook.com\/livebroadcastingrocks\" \/>\n<meta property=\"article:modified_time\" content=\"2024-10-25T22:07:25+00:00\" \/>\n<meta property=\"og:image\" content=\"https:\/\/live-broadcasting.rocks\/wp-content\/uploads\/2024\/08\/Sichtbarkeits-Mastermind_16-9_Generic_WEB.001.jpeg\" \/>\n\t<meta property=\"og:image:width\" content=\"1920\" \/>\n\t<meta property=\"og:image:height\" content=\"1080\" \/>\n\t<meta property=\"og:image:type\" content=\"image\/jpeg\" \/>\n<meta name=\"twitter:card\" content=\"summary_large_image\" \/>\n<meta name=\"twitter:site\" content=\"@livebcast\" \/>\n<script type=\"application\/ld+json\" class=\"yoast-schema-graph\">{\"@context\":\"https:\/\/schema.org\",\"@graph\":[{\"@type\":\"WebPage\",\"@id\":\"https:\/\/live-broadcasting.rocks\/thank-you-mastermind-waiting-list\/\",\"url\":\"https:\/\/live-broadcasting.rocks\/thank-you-mastermind-waiting-list\/\",\"name\":\"Thank you Mastermind Waiting list - Live-Broadcasting.Rocks | Erfolgreich.live | Sichtbarkeitsdoktor.de\",\"isPartOf\":{\"@id\":\"https:\/\/live-broadcasting.rocks\/#website\"},\"primaryImageOfPage\":{\"@id\":\"https:\/\/live-broadcasting.rocks\/thank-you-mastermind-waiting-list\/#primaryimage\"},\"image\":{\"@id\":\"https:\/\/live-broadcasting.rocks\/thank-you-mastermind-waiting-list\/#primaryimage\"},\"thumbnailUrl\":\"https:\/\/live-broadcasting.rocks\/wp-content\/uploads\/2024\/08\/Sichtbarkeits-Mastermind_16-9_Generic_WEB.001-1024x576.jpeg\",\"datePublished\":\"2024-10-25T21:53:47+00:00\",\"dateModified\":\"2024-10-25T22:07:25+00:00\",\"breadcrumb\":{\"@id\":\"https:\/\/live-broadcasting.rocks\/thank-you-mastermind-waiting-list\/#breadcrumb\"},\"inLanguage\":\"de\",\"potentialAction\":[{\"@type\":\"ReadAction\",\"target\":[\"https:\/\/live-broadcasting.rocks\/thank-you-mastermind-waiting-list\/\"]}]},{\"@type\":\"ImageObject\",\"inLanguage\":\"de\",\"@id\":\"https:\/\/live-broadcasting.rocks\/thank-you-mastermind-waiting-list\/#primaryimage\",\"url\":\"https:\/\/live-broadcasting.rocks\/wp-content\/uploads\/2024\/08\/Sichtbarkeits-Mastermind_16-9_Generic_WEB.001-1024x576.jpeg\",\"contentUrl\":\"https:\/\/live-broadcasting.rocks\/wp-content\/uploads\/2024\/08\/Sichtbarkeits-Mastermind_16-9_Generic_WEB.001-1024x576.jpeg\"},{\"@type\":\"BreadcrumbList\",\"@id\":\"https:\/\/live-broadcasting.rocks\/thank-you-mastermind-waiting-list\/#breadcrumb\",\"itemListElement\":[{\"@type\":\"ListItem\",\"position\":1,\"name\":\"Startseite\",\"item\":\"https:\/\/live-broadcasting.rocks\/\"},{\"@type\":\"ListItem\",\"position\":2,\"name\":\"Thank you Mastermind Waiting list\"}]},{\"@type\":\"WebSite\",\"@id\":\"https:\/\/live-broadcasting.rocks\/#website\",\"url\":\"https:\/\/live-broadcasting.rocks\/\",\"name\":\"Live-Broadcasting.Rocks | Erfolgreich.live | Sichtbarkeitsdoktor.de\",\"description\":\"Live Video Streaming and Broadcasting in high quality for thought leaders and business owners.\",\"publisher\":{\"@id\":\"https:\/\/live-broadcasting.rocks\/#organization\"},\"potentialAction\":[{\"@type\":\"SearchAction\",\"target\":{\"@type\":\"EntryPoint\",\"urlTemplate\":\"https:\/\/live-broadcasting.rocks\/?s={search_term_string}\"},\"query-input\":{\"@type\":\"PropertyValueSpecification\",\"valueRequired\":true,\"valueName\":\"search_term_string\"}}],\"inLanguage\":\"de\"},{\"@type\":\"Organization\",\"@id\":\"https:\/\/live-broadcasting.rocks\/#organization\",\"name\":\"Live-Broadcasting.Rocks - Erfolgreich.live - by Daniel Schwenger\",\"url\":\"https:\/\/live-broadcasting.rocks\/\",\"logo\":{\"@type\":\"ImageObject\",\"inLanguage\":\"de\",\"@id\":\"https:\/\/live-broadcasting.rocks\/#\/schema\/logo\/image\/\",\"url\":\"https:\/\/live-broadcasting.rocks\/wp-content\/uploads\/2022\/05\/Seitenlogo_200x133.gif\",\"contentUrl\":\"https:\/\/live-broadcasting.rocks\/wp-content\/uploads\/2022\/05\/Seitenlogo_200x133.gif\",\"width\":200,\"height\":133,\"caption\":\"Live-Broadcasting.Rocks - Erfolgreich.live - by Daniel Schwenger\"},\"image\":{\"@id\":\"https:\/\/live-broadcasting.rocks\/#\/schema\/logo\/image\/\"},\"sameAs\":[\"http:\/\/facebook.com\/livebroadcastingrocks\",\"https:\/\/x.com\/livebcast\",\"https:\/\/www.linkedin.com\/in\/schwenger\/\",\"https:\/\/www.instagram.com\/livebroadcasting_rocks\",\"https:\/\/www.twitch.tv\/dschwenger\",\"https:\/\/anchor.fm\/erfolgreich-live\",\"https:\/\/anchor.fm\/livebroadcasting\",\"https:\/\/www.youtube.com\/livebroadcastingrocks\"]}]}<\/script>\n<!-- \/ Yoast SEO Premium plugin. -->","yoast_head_json":{"title":"Thank you Mastermind Waiting list - Live-Broadcasting.Rocks | Erfolgreich.live | Sichtbarkeitsdoktor.de","robots":{"index":"index","follow":"follow","max-snippet":"max-snippet:-1","max-image-preview":"max-image-preview:large","max-video-preview":"max-video-preview:-1"},"canonical":"https:\/\/live-broadcasting.rocks\/de\/danke-mastermind-warteliste\/","og_locale":"de_DE","og_type":"article","og_title":"Thank you Mastermind Waiting list","og_description":"You have successfully entered the waitinglist. Thanks for your entry and interest. We will reach out as soon as new dates are available. Spaces are limited, so you&#8217;ll be among the first to know and can benefit from exclusive early bird offers.","og_url":"https:\/\/live-broadcasting.rocks\/de\/danke-mastermind-warteliste\/","og_site_name":"Live-Broadcasting.Rocks | Erfolgreich.live | Sichtbarkeitsdoktor.de","article_publisher":"http:\/\/facebook.com\/livebroadcastingrocks","article_modified_time":"2024-10-25T22:07:25+00:00","og_image":[{"width":1920,"height":1080,"url":"https:\/\/live-broadcasting.rocks\/wp-content\/uploads\/2024\/08\/Sichtbarkeits-Mastermind_16-9_Generic_WEB.001.jpeg","type":"image\/jpeg"}],"twitter_card":"summary_large_image","twitter_site":"@livebcast","schema":{"@context":"https:\/\/schema.org","@graph":[{"@type":"WebPage","@id":"https:\/\/live-broadcasting.rocks\/thank-you-mastermind-waiting-list\/","url":"https:\/\/live-broadcasting.rocks\/thank-you-mastermind-waiting-list\/","name":"Thank you Mastermind Waiting list - Live-Broadcasting.Rocks | Erfolgreich.live | Sichtbarkeitsdoktor.de","isPartOf":{"@id":"https:\/\/live-broadcasting.rocks\/#website"},"primaryImageOfPage":{"@id":"https:\/\/live-broadcasting.rocks\/thank-you-mastermind-waiting-list\/#primaryimage"},"image":{"@id":"https:\/\/live-broadcasting.rocks\/thank-you-mastermind-waiting-list\/#primaryimage"},"thumbnailUrl":"https:\/\/live-broadcasting.rocks\/wp-content\/uploads\/2024\/08\/Sichtbarkeits-Mastermind_16-9_Generic_WEB.001-1024x576.jpeg","datePublished":"2024-10-25T21:53:47+00:00","dateModified":"2024-10-25T22:07:25+00:00","breadcrumb":{"@id":"https:\/\/live-broadcasting.rocks\/thank-you-mastermind-waiting-list\/#breadcrumb"},"inLanguage":"de","potentialAction":[{"@type":"ReadAction","target":["https:\/\/live-broadcasting.rocks\/thank-you-mastermind-waiting-list\/"]}]},{"@type":"ImageObject","inLanguage":"de","@id":"https:\/\/live-broadcasting.rocks\/thank-you-mastermind-waiting-list\/#primaryimage","url":"https:\/\/live-broadcasting.rocks\/wp-content\/uploads\/2024\/08\/Sichtbarkeits-Mastermind_16-9_Generic_WEB.001-1024x576.jpeg","contentUrl":"https:\/\/live-broadcasting.rocks\/wp-content\/uploads\/2024\/08\/Sichtbarkeits-Mastermind_16-9_Generic_WEB.001-1024x576.jpeg"},{"@type":"BreadcrumbList","@id":"https:\/\/live-broadcasting.rocks\/thank-you-mastermind-waiting-list\/#breadcrumb","itemListElement":[{"@type":"ListItem","position":1,"name":"Startseite","item":"https:\/\/live-broadcasting.rocks\/"},{"@type":"ListItem","position":2,"name":"Thank you Mastermind Waiting list"}]},{"@type":"WebSite","@id":"https:\/\/live-broadcasting.rocks\/#website","url":"https:\/\/live-broadcasting.rocks\/","name":"Live-Broadcasting.Rocks | Erfolgreich.live | Sichtbarkeitsdoktor.de","description":"Live Video Streaming und Broadcasting in hoher Qualit\u00e4t f\u00fcr Vordenker und Gesch\u00e4ftsleute.","publisher":{"@id":"https:\/\/live-broadcasting.rocks\/#organization"},"potentialAction":[{"@type":"SearchAction","target":{"@type":"EntryPoint","urlTemplate":"https:\/\/live-broadcasting.rocks\/?s={search_term_string}"},"query-input":{"@type":"PropertyValueSpecification","valueRequired":true,"valueName":"search_term_string"}}],"inLanguage":"de"},{"@type":"Organization","@id":"https:\/\/live-broadcasting.rocks\/#organization","name":"Live-\u00dcbertragung.Rocks - Erfolgreich.live - von Daniel Schwenger","url":"https:\/\/live-broadcasting.rocks\/","logo":{"@type":"ImageObject","inLanguage":"de","@id":"https:\/\/live-broadcasting.rocks\/#\/schema\/logo\/image\/","url":"https:\/\/live-broadcasting.rocks\/wp-content\/uploads\/2022\/05\/Seitenlogo_200x133.gif","contentUrl":"https:\/\/live-broadcasting.rocks\/wp-content\/uploads\/2022\/05\/Seitenlogo_200x133.gif","width":200,"height":133,"caption":"Live-Broadcasting.Rocks - Erfolgreich.live - by Daniel Schwenger"},"image":{"@id":"https:\/\/live-broadcasting.rocks\/#\/schema\/logo\/image\/"},"sameAs":["http:\/\/facebook.com\/livebroadcastingrocks","https:\/\/x.com\/livebcast","https:\/\/www.linkedin.com\/in\/schwenger\/","https:\/\/www.instagram.com\/livebroadcasting_rocks","https:\/\/www.twitch.tv\/dschwenger","https:\/\/anchor.fm\/erfolgreich-live","https:\/\/anchor.fm\/livebroadcasting","https:\/\/www.youtube.com\/livebroadcastingrocks"]}]}},"_links":{"self":[{"href":"https:\/\/live-broadcasting.rocks\/de\/wp-json\/wp\/v2\/pages\/9384","targetHints":{"allow":["GET"]}}],"collection":[{"href":"https:\/\/live-broadcasting.rocks\/de\/wp-json\/wp\/v2\/pages"}],"about":[{"href":"https:\/\/live-broadcasting.rocks\/de\/wp-json\/wp\/v2\/types\/page"}],"author":[{"embeddable":true,"href":"https:\/\/live-broadcasting.rocks\/de\/wp-json\/wp\/v2\/users\/1"}],"replies":[{"embeddable":true,"href":"https:\/\/live-broadcasting.rocks\/de\/wp-json\/wp\/v2\/comments?post=9384"}],"version-history":[{"count":13,"href":"https:\/\/live-broadcasting.rocks\/de\/wp-json\/wp\/v2\/pages\/9384\/revisions"}],"predecessor-version":[{"id":9398,"href":"https:\/\/live-broadcasting.rocks\/de\/wp-json\/wp\/v2\/pages\/9384\/revisions\/9398"}],"wp:attachment":[{"href":"https:\/\/live-broadcasting.rocks\/de\/wp-json\/wp\/v2\/media?parent=9384"}],"curies":[{"name":"wp","href":"https:\/\/api.w.org\/{rel}","templated":true}]}}