{"id":9201,"date":"2024-09-08T08:43:14","date_gmt":"2024-09-08T06:43:14","guid":{"rendered":"https:\/\/live-broadcasting.rocks\/?page_id=9201"},"modified":"2024-09-14T07:20:05","modified_gmt":"2024-09-14T05:20:05","slug":"vielen-dank-an-streamyard-mastery","status":"publish","type":"page","link":"https:\/\/live-broadcasting.rocks\/de\/vielen-dank-an-streamyard-mastery\/","title":{"rendered":"Vielen Dank - StreamYard Mastery"},"content":{"rendered":"<div data-elementor-type=\"wp-page\" data-elementor-id=\"9201\" class=\"elementor elementor-9201\" data-elementor-post-type=\"page\">\n\t\t\t\t<div class=\"elementor-element elementor-element-af4621d e-flex e-con-boxed e-con e-parent\" data-id=\"af4621d\" data-element_type=\"container\" data-e-type=\"container\">\n\t\t\t\t\t<div class=\"e-con-inner\">\n\t\t\t\t<div class=\"elementor-element elementor-element-f66f5e4 elementor-widget elementor-widget-heading\" data-id=\"f66f5e4\" data-element_type=\"widget\" data-e-type=\"widget\" data-widget_type=\"heading.default\">\n\t\t\t\t\t<h1 class=\"elementor-heading-title elementor-size-default\">Vielen Dank f\u00fcr Ihre Buchung!<\/h1>\t\t\t\t<\/div>\n\t\t\t\t<div class=\"elementor-element elementor-element-30c6ea0 elementor-widget elementor-widget-image\" data-id=\"30c6ea0\" data-element_type=\"widget\" data-e-type=\"widget\" data-widget_type=\"image.default\">\n\t\t\t\t\t\t\t\t\t\t\t\t\t\t\t<img fetchpriority=\"high\" decoding=\"async\" width=\"740\" height=\"500\" src=\"https:\/\/live-broadcasting.rocks\/wp-content\/uploads\/2024\/09\/StreamYard_Mastery_Thumb.jpg\" class=\"attachment-large size-large wp-image-9203\" alt=\"StreamYard Mastery Daumen\" srcset=\"https:\/\/live-broadcasting.rocks\/wp-content\/uploads\/2024\/09\/StreamYard_Mastery_Thumb.jpg 740w, https:\/\/live-broadcasting.rocks\/wp-content\/uploads\/2024\/09\/StreamYard_Mastery_Thumb-300x203.jpg 300w, https:\/\/live-broadcasting.rocks\/wp-content\/uploads\/2024\/09\/StreamYard_Mastery_Thumb-18x12.jpg 18w\" sizes=\"(max-width: 740px) 100vw, 740px\" \/>\t\t\t\t\t\t\t\t\t\t\t\t\t\t\t<\/div>\n\t\t\t\t<div class=\"elementor-element elementor-element-3496dec elementor-widget elementor-widget-text-editor\" data-id=\"3496dec\" data-element_type=\"widget\" data-e-type=\"widget\" data-widget_type=\"text-editor.default\">\n\t\t\t\t\t\t\t\t\t<p><span class=\"HwtZe\" lang=\"en\"><span class=\"jCAhz ChMk0b\"><span class=\"ryNqvb\">So k\u00f6nnen Sie an den n\u00e4chsten Gruppenanrufen teilnehmen!<\/span><\/span> <\/span><\/p><p><span class=\"HwtZe\" lang=\"en\"><span class=\"jCAhz ChMk0b\"><span class=\"ryNqvb\">- Gruppengespr\u00e4ch 1: Mittwoch, 25. September, 11:00 Uhr MEZ (mit Aufzeichnung) <\/span><\/span><\/span><\/p><p><span class=\"HwtZe\" lang=\"en\"><span class=\"jCAhz ChMk0b\"><span class=\"ryNqvb\">- Gruppengespr\u00e4ch 2: Mittwoch, 2. Oktober, 11:00 Uhr MEZ (mit Aufzeichnung) <\/span><\/span><\/span><\/p><p>\u00a0<\/p><p>\ufe0f<span class=\"HwtZe\" lang=\"en\"><span class=\"jCAhz ChMk0b\"><span class=\"ryNqvb\">\ufe0fHier ist der Zoom-Link f\u00fcr Ihre Teilnahme:<\/span><\/span><\/span><\/p><p>\ufe0f\ufe0f \u27a1\ufe0f\ufe0f\ufe0f \u27a1\ufe0f <b>Link Zoom Meeting: <br \/><a href=\"https:\/\/us02web.zoom.us\/j\/84590625068?pwd=73O2lLebMx9dBa0gs2GOTFmsATtb8J.1\">https:\/\/us02web.zoom.us\/j\/84590625068?pwd=73O2lLebMx9dBa0gs2GOTFmsATtb8J.1<\/a><\/b><\/p><p><span class=\"HwtZe\" lang=\"en\"><span class=\"jCAhz ChMk0b\"><span class=\"ryNqvb\">Hinweis: Die Bearbeitung wird von Copecart durchgef\u00fchrt.<\/span><\/span><\/span><\/p>\t\t\t\t\t\t\t\t<\/div>\n\t\t\t\t\t<\/div>\n\t\t\t\t<\/div>\n\t\t<div class=\"elementor-element elementor-element-fd2cbc3 e-flex e-con-boxed e-con e-parent\" data-id=\"fd2cbc3\" data-element_type=\"container\" data-e-type=\"container\">\n\t\t\t\t\t<div class=\"e-con-inner\">\n\t\t\t\t<div class=\"elementor-element elementor-element-1919b01 elementor-widget elementor-widget-text-editor\" data-id=\"1919b01\" data-element_type=\"widget\" data-e-type=\"widget\" data-widget_type=\"text-editor.default\">\n\t\t\t\t\t\t\t\t\t<p>Ich freue mich auf Sie und Ihre Teilnahme!<\/p>\t\t\t\t\t\t\t\t<\/div>\n\t\t\t\t\t<\/div>\n\t\t\t\t<\/div>\n\t\t\t\t<\/div>","protected":false},"excerpt":{"rendered":"<p>Thanks for your Booking! This is how you can take part in the next group calls! \u2022 Group call 1: Wednesday, September 25th, 11:00 a.m. CET (with recording) \u2022 Group call 2: Wednesday, October 2nd, 11:00 a.m. CET (with recording) \u00a0 \ufe0f\ufe0fHere is the Zoom link for your participation: \ufe0f\ufe0f \u27a1\ufe0f\ufe0f\ufe0f \u27a1\ufe0f Link Zoom Meeting: [&hellip;]<\/p>\n","protected":false},"author":1,"featured_media":0,"parent":0,"menu_order":0,"comment_status":"closed","ping_status":"closed","template":"","meta":{"footnotes":""},"class_list":["post-9201","page","type-page","status-publish","hentry"],"yoast_head":"<!-- This site is optimized with the Yoast SEO Premium plugin v20.5 (Yoast SEO v26.8) - https:\/\/yoast.com\/product\/yoast-seo-premium-wordpress\/ -->\n<title>Thank you - StreamYard Mastery - Live-Broadcasting.Rocks | Erfolgreich.live | Sichtbarkeitsdoktor.de<\/title>\n<meta name=\"robots\" content=\"index, follow, max-snippet:-1, max-image-preview:large, max-video-preview:-1\" \/>\n<link rel=\"canonical\" href=\"https:\/\/live-broadcasting.rocks\/de\/vielen-dank-an-streamyard-mastery\/\" \/>\n<meta property=\"og:locale\" content=\"de_DE\" \/>\n<meta property=\"og:type\" content=\"article\" \/>\n<meta property=\"og:title\" content=\"Thank you - StreamYard Mastery\" \/>\n<meta property=\"og:description\" content=\"Thanks for your Booking! This is how you can take part in the next group calls! \u2022 Group call 1: Wednesday, September 25th, 11:00 a.m. CET (with recording) \u2022 Group call 2: Wednesday, October 2nd, 11:00 a.m. CET (with recording) \u00a0 \ufe0f\ufe0fHere is the Zoom link for your participation: \ufe0f\ufe0f \u27a1\ufe0f\ufe0f\ufe0f \u27a1\ufe0f Link Zoom Meeting: [&hellip;]\" \/>\n<meta property=\"og:url\" content=\"https:\/\/live-broadcasting.rocks\/de\/vielen-dank-an-streamyard-mastery\/\" \/>\n<meta property=\"og:site_name\" content=\"Live-Broadcasting.Rocks | Erfolgreich.live | Sichtbarkeitsdoktor.de\" \/>\n<meta property=\"article:publisher\" content=\"http:\/\/facebook.com\/livebroadcastingrocks\" \/>\n<meta property=\"article:modified_time\" content=\"2024-09-14T05:20:05+00:00\" \/>\n<meta property=\"og:image\" content=\"https:\/\/live-broadcasting.rocks\/wp-content\/uploads\/2024\/09\/StreamYard_Mastery_Thumb.jpg\" \/>\n\t<meta property=\"og:image:width\" content=\"740\" \/>\n\t<meta property=\"og:image:height\" content=\"500\" \/>\n\t<meta property=\"og:image:type\" content=\"image\/jpeg\" \/>\n<meta name=\"twitter:card\" content=\"summary_large_image\" \/>\n<meta name=\"twitter:site\" content=\"@livebcast\" \/>\n<script type=\"application\/ld+json\" class=\"yoast-schema-graph\">{\"@context\":\"https:\/\/schema.org\",\"@graph\":[{\"@type\":\"WebPage\",\"@id\":\"https:\/\/live-broadcasting.rocks\/thank-you-streamyard-mastery\/\",\"url\":\"https:\/\/live-broadcasting.rocks\/thank-you-streamyard-mastery\/\",\"name\":\"Thank you - StreamYard Mastery - Live-Broadcasting.Rocks | Erfolgreich.live | Sichtbarkeitsdoktor.de\",\"isPartOf\":{\"@id\":\"https:\/\/live-broadcasting.rocks\/#website\"},\"primaryImageOfPage\":{\"@id\":\"https:\/\/live-broadcasting.rocks\/thank-you-streamyard-mastery\/#primaryimage\"},\"image\":{\"@id\":\"https:\/\/live-broadcasting.rocks\/thank-you-streamyard-mastery\/#primaryimage\"},\"thumbnailUrl\":\"https:\/\/live-broadcasting.rocks\/wp-content\/uploads\/2024\/09\/StreamYard_Mastery_Thumb.jpg\",\"datePublished\":\"2024-09-08T06:43:14+00:00\",\"dateModified\":\"2024-09-14T05:20:05+00:00\",\"breadcrumb\":{\"@id\":\"https:\/\/live-broadcasting.rocks\/thank-you-streamyard-mastery\/#breadcrumb\"},\"inLanguage\":\"de\",\"potentialAction\":[{\"@type\":\"ReadAction\",\"target\":[\"https:\/\/live-broadcasting.rocks\/thank-you-streamyard-mastery\/\"]}]},{\"@type\":\"ImageObject\",\"inLanguage\":\"de\",\"@id\":\"https:\/\/live-broadcasting.rocks\/thank-you-streamyard-mastery\/#primaryimage\",\"url\":\"https:\/\/live-broadcasting.rocks\/wp-content\/uploads\/2024\/09\/StreamYard_Mastery_Thumb.jpg\",\"contentUrl\":\"https:\/\/live-broadcasting.rocks\/wp-content\/uploads\/2024\/09\/StreamYard_Mastery_Thumb.jpg\"},{\"@type\":\"BreadcrumbList\",\"@id\":\"https:\/\/live-broadcasting.rocks\/thank-you-streamyard-mastery\/#breadcrumb\",\"itemListElement\":[{\"@type\":\"ListItem\",\"position\":1,\"name\":\"Startseite\",\"item\":\"https:\/\/live-broadcasting.rocks\/\"},{\"@type\":\"ListItem\",\"position\":2,\"name\":\"Thank you &#8211; StreamYard Mastery\"}]},{\"@type\":\"WebSite\",\"@id\":\"https:\/\/live-broadcasting.rocks\/#website\",\"url\":\"https:\/\/live-broadcasting.rocks\/\",\"name\":\"Live-Broadcasting.Rocks | Erfolgreich.live | Sichtbarkeitsdoktor.de\",\"description\":\"Live Video Streaming and Broadcasting in high quality for thought leaders and business owners.\",\"publisher\":{\"@id\":\"https:\/\/live-broadcasting.rocks\/#organization\"},\"potentialAction\":[{\"@type\":\"SearchAction\",\"target\":{\"@type\":\"EntryPoint\",\"urlTemplate\":\"https:\/\/live-broadcasting.rocks\/?s={search_term_string}\"},\"query-input\":{\"@type\":\"PropertyValueSpecification\",\"valueRequired\":true,\"valueName\":\"search_term_string\"}}],\"inLanguage\":\"de\"},{\"@type\":\"Organization\",\"@id\":\"https:\/\/live-broadcasting.rocks\/#organization\",\"name\":\"Live-Broadcasting.Rocks - Erfolgreich.live - by Daniel Schwenger\",\"url\":\"https:\/\/live-broadcasting.rocks\/\",\"logo\":{\"@type\":\"ImageObject\",\"inLanguage\":\"de\",\"@id\":\"https:\/\/live-broadcasting.rocks\/#\/schema\/logo\/image\/\",\"url\":\"https:\/\/live-broadcasting.rocks\/wp-content\/uploads\/2022\/05\/Seitenlogo_200x133.gif\",\"contentUrl\":\"https:\/\/live-broadcasting.rocks\/wp-content\/uploads\/2022\/05\/Seitenlogo_200x133.gif\",\"width\":200,\"height\":133,\"caption\":\"Live-Broadcasting.Rocks - Erfolgreich.live - by Daniel Schwenger\"},\"image\":{\"@id\":\"https:\/\/live-broadcasting.rocks\/#\/schema\/logo\/image\/\"},\"sameAs\":[\"http:\/\/facebook.com\/livebroadcastingrocks\",\"https:\/\/x.com\/livebcast\",\"https:\/\/www.linkedin.com\/in\/schwenger\/\",\"https:\/\/www.instagram.com\/livebroadcasting_rocks\",\"https:\/\/www.twitch.tv\/dschwenger\",\"https:\/\/anchor.fm\/erfolgreich-live\",\"https:\/\/anchor.fm\/livebroadcasting\",\"https:\/\/www.youtube.com\/livebroadcastingrocks\"]}]}<\/script>\n<!-- \/ Yoast SEO Premium plugin. -->","yoast_head_json":{"title":"Thank you - StreamYard Mastery - Live-Broadcasting.Rocks | Erfolgreich.live | Sichtbarkeitsdoktor.de","robots":{"index":"index","follow":"follow","max-snippet":"max-snippet:-1","max-image-preview":"max-image-preview:large","max-video-preview":"max-video-preview:-1"},"canonical":"https:\/\/live-broadcasting.rocks\/de\/vielen-dank-an-streamyard-mastery\/","og_locale":"de_DE","og_type":"article","og_title":"Thank you - StreamYard Mastery","og_description":"Thanks for your Booking! This is how you can take part in the next group calls! \u2022 Group call 1: Wednesday, September 25th, 11:00 a.m. CET (with recording) \u2022 Group call 2: Wednesday, October 2nd, 11:00 a.m. CET (with recording) \u00a0 \ufe0f\ufe0fHere is the Zoom link for your participation: \ufe0f\ufe0f \u27a1\ufe0f\ufe0f\ufe0f \u27a1\ufe0f Link Zoom Meeting: [&hellip;]","og_url":"https:\/\/live-broadcasting.rocks\/de\/vielen-dank-an-streamyard-mastery\/","og_site_name":"Live-Broadcasting.Rocks | Erfolgreich.live | Sichtbarkeitsdoktor.de","article_publisher":"http:\/\/facebook.com\/livebroadcastingrocks","article_modified_time":"2024-09-14T05:20:05+00:00","og_image":[{"width":740,"height":500,"url":"https:\/\/live-broadcasting.rocks\/wp-content\/uploads\/2024\/09\/StreamYard_Mastery_Thumb.jpg","type":"image\/jpeg"}],"twitter_card":"summary_large_image","twitter_site":"@livebcast","schema":{"@context":"https:\/\/schema.org","@graph":[{"@type":"WebPage","@id":"https:\/\/live-broadcasting.rocks\/thank-you-streamyard-mastery\/","url":"https:\/\/live-broadcasting.rocks\/thank-you-streamyard-mastery\/","name":"Thank you - StreamYard Mastery - Live-Broadcasting.Rocks | Erfolgreich.live | Sichtbarkeitsdoktor.de","isPartOf":{"@id":"https:\/\/live-broadcasting.rocks\/#website"},"primaryImageOfPage":{"@id":"https:\/\/live-broadcasting.rocks\/thank-you-streamyard-mastery\/#primaryimage"},"image":{"@id":"https:\/\/live-broadcasting.rocks\/thank-you-streamyard-mastery\/#primaryimage"},"thumbnailUrl":"https:\/\/live-broadcasting.rocks\/wp-content\/uploads\/2024\/09\/StreamYard_Mastery_Thumb.jpg","datePublished":"2024-09-08T06:43:14+00:00","dateModified":"2024-09-14T05:20:05+00:00","breadcrumb":{"@id":"https:\/\/live-broadcasting.rocks\/thank-you-streamyard-mastery\/#breadcrumb"},"inLanguage":"de","potentialAction":[{"@type":"ReadAction","target":["https:\/\/live-broadcasting.rocks\/thank-you-streamyard-mastery\/"]}]},{"@type":"ImageObject","inLanguage":"de","@id":"https:\/\/live-broadcasting.rocks\/thank-you-streamyard-mastery\/#primaryimage","url":"https:\/\/live-broadcasting.rocks\/wp-content\/uploads\/2024\/09\/StreamYard_Mastery_Thumb.jpg","contentUrl":"https:\/\/live-broadcasting.rocks\/wp-content\/uploads\/2024\/09\/StreamYard_Mastery_Thumb.jpg"},{"@type":"BreadcrumbList","@id":"https:\/\/live-broadcasting.rocks\/thank-you-streamyard-mastery\/#breadcrumb","itemListElement":[{"@type":"ListItem","position":1,"name":"Startseite","item":"https:\/\/live-broadcasting.rocks\/"},{"@type":"ListItem","position":2,"name":"Thank you &#8211; StreamYard Mastery"}]},{"@type":"WebSite","@id":"https:\/\/live-broadcasting.rocks\/#website","url":"https:\/\/live-broadcasting.rocks\/","name":"Live-Broadcasting.Rocks | Erfolgreich.live | Sichtbarkeitsdoktor.de","description":"Live Video Streaming und Broadcasting in hoher Qualit\u00e4t f\u00fcr Vordenker und Gesch\u00e4ftsleute.","publisher":{"@id":"https:\/\/live-broadcasting.rocks\/#organization"},"potentialAction":[{"@type":"SearchAction","target":{"@type":"EntryPoint","urlTemplate":"https:\/\/live-broadcasting.rocks\/?s={search_term_string}"},"query-input":{"@type":"PropertyValueSpecification","valueRequired":true,"valueName":"search_term_string"}}],"inLanguage":"de"},{"@type":"Organization","@id":"https:\/\/live-broadcasting.rocks\/#organization","name":"Live-\u00dcbertragung.Rocks - Erfolgreich.live - von Daniel Schwenger","url":"https:\/\/live-broadcasting.rocks\/","logo":{"@type":"ImageObject","inLanguage":"de","@id":"https:\/\/live-broadcasting.rocks\/#\/schema\/logo\/image\/","url":"https:\/\/live-broadcasting.rocks\/wp-content\/uploads\/2022\/05\/Seitenlogo_200x133.gif","contentUrl":"https:\/\/live-broadcasting.rocks\/wp-content\/uploads\/2022\/05\/Seitenlogo_200x133.gif","width":200,"height":133,"caption":"Live-Broadcasting.Rocks - Erfolgreich.live - by Daniel Schwenger"},"image":{"@id":"https:\/\/live-broadcasting.rocks\/#\/schema\/logo\/image\/"},"sameAs":["http:\/\/facebook.com\/livebroadcastingrocks","https:\/\/x.com\/livebcast","https:\/\/www.linkedin.com\/in\/schwenger\/","https:\/\/www.instagram.com\/livebroadcasting_rocks","https:\/\/www.twitch.tv\/dschwenger","https:\/\/anchor.fm\/erfolgreich-live","https:\/\/anchor.fm\/livebroadcasting","https:\/\/www.youtube.com\/livebroadcastingrocks"]}]}},"_links":{"self":[{"href":"https:\/\/live-broadcasting.rocks\/de\/wp-json\/wp\/v2\/pages\/9201","targetHints":{"allow":["GET"]}}],"collection":[{"href":"https:\/\/live-broadcasting.rocks\/de\/wp-json\/wp\/v2\/pages"}],"about":[{"href":"https:\/\/live-broadcasting.rocks\/de\/wp-json\/wp\/v2\/types\/page"}],"author":[{"embeddable":true,"href":"https:\/\/live-broadcasting.rocks\/de\/wp-json\/wp\/v2\/users\/1"}],"replies":[{"embeddable":true,"href":"https:\/\/live-broadcasting.rocks\/de\/wp-json\/wp\/v2\/comments?post=9201"}],"version-history":[{"count":13,"href":"https:\/\/live-broadcasting.rocks\/de\/wp-json\/wp\/v2\/pages\/9201\/revisions"}],"predecessor-version":[{"id":9237,"href":"https:\/\/live-broadcasting.rocks\/de\/wp-json\/wp\/v2\/pages\/9201\/revisions\/9237"}],"wp:attachment":[{"href":"https:\/\/live-broadcasting.rocks\/de\/wp-json\/wp\/v2\/media?parent=9201"}],"curies":[{"name":"wp","href":"https:\/\/api.w.org\/{rel}","templated":true}]}}