{"id":9141,"date":"2024-08-21T06:27:41","date_gmt":"2024-08-21T04:27:41","guid":{"rendered":"https:\/\/live-broadcasting.rocks\/?page_id=9141"},"modified":"2026-03-11T21:32:29","modified_gmt":"2026-03-11T20:32:29","slug":"danke-streamyard-kurs","status":"publish","type":"page","link":"https:\/\/live-broadcasting.rocks\/de\/danke-streamyard-kurs\/","title":{"rendered":"Vielen Dank - StreamYard Kurs"},"content":{"rendered":"<div data-elementor-type=\"wp-page\" data-elementor-id=\"9141\" class=\"elementor elementor-9141\" data-elementor-post-type=\"page\">\n\t\t\t\t<div class=\"elementor-element elementor-element-bda3585 e-flex e-con-boxed e-con e-parent\" data-id=\"bda3585\" data-element_type=\"container\" data-e-type=\"container\">\n\t\t\t\t\t<div class=\"e-con-inner\">\n\t\t\t\t<div class=\"elementor-element elementor-element-64336da elementor-widget elementor-widget-heading\" data-id=\"64336da\" data-element_type=\"widget\" data-e-type=\"widget\" data-widget_type=\"heading.default\">\n\t\t\t\t\t<h2 class=\"elementor-heading-title elementor-size-default\">Danke f\u00fcr Deinen Kauf!<\/h2>\t\t\t\t<\/div>\n\t\t\t\t\t<\/div>\n\t\t\t\t<\/div>\n\t\t<div class=\"elementor-element elementor-element-1b2f847 e-flex e-con-boxed e-con e-parent\" data-id=\"1b2f847\" data-element_type=\"container\" data-e-type=\"container\">\n\t\t\t\t\t<div class=\"e-con-inner\">\n\t\t\t\t<div class=\"elementor-element elementor-element-136613f elementor-widget elementor-widget-image\" data-id=\"136613f\" data-element_type=\"widget\" data-e-type=\"widget\" data-widget_type=\"image.default\">\n\t\t\t\t\t\t\t\t\t\t\t\t\t\t\t<img fetchpriority=\"high\" decoding=\"async\" width=\"800\" height=\"534\" src=\"https:\/\/live-broadcasting.rocks\/wp-content\/uploads\/2024\/08\/Image_q5-1024x683.jpg\" class=\"attachment-large size-large wp-image-9143\" alt=\"StreamYard Kurs Best\u00e4tigung\" srcset=\"https:\/\/live-broadcasting.rocks\/wp-content\/uploads\/2024\/08\/Image_q5-1024x683.jpg 1024w, https:\/\/live-broadcasting.rocks\/wp-content\/uploads\/2024\/08\/Image_q5-300x200.jpg 300w, https:\/\/live-broadcasting.rocks\/wp-content\/uploads\/2024\/08\/Image_q5-768x512.jpg 768w, https:\/\/live-broadcasting.rocks\/wp-content\/uploads\/2024\/08\/Image_q5-1536x1024.jpg 1536w, https:\/\/live-broadcasting.rocks\/wp-content\/uploads\/2024\/08\/Image_q5-18x12.jpg 18w, https:\/\/live-broadcasting.rocks\/wp-content\/uploads\/2024\/08\/Image_q5.jpg 1920w\" sizes=\"(max-width: 800px) 100vw, 800px\" \/>\t\t\t\t\t\t\t\t\t\t\t\t\t\t\t<\/div>\n\t\t\t\t<div class=\"elementor-element elementor-element-88190e2 elementor-widget elementor-widget-text-editor\" data-id=\"88190e2\" data-element_type=\"widget\" data-e-type=\"widget\" data-widget_type=\"text-editor.default\">\n\t\t\t\t\t\t\t\t\t<p>In den n\u00e4chsten Minuten senden wir Dir eine E-Mail mit Deinen Zugangsdaten f\u00fcr den Onlinekurs. Au\u00dferdem erh\u00e4ltst Du eine Bestellbest\u00e4tigung von Copecart an die von Dir angegebene E-Mail-Adresse.<\/p>\t\t\t\t\t\t\t\t<\/div>\n\t\t\t\t\t<\/div>\n\t\t\t\t<\/div>\n\t\t<div class=\"elementor-element elementor-element-cd2ed4b elementor-hidden-desktop elementor-hidden-tablet elementor-hidden-mobile e-flex e-con-boxed e-con e-parent\" data-id=\"cd2ed4b\" data-element_type=\"container\" data-e-type=\"container\" data-settings=\"{&quot;background_background&quot;:&quot;classic&quot;}\">\n\t\t\t\t\t<div class=\"e-con-inner\">\n\t\t<div class=\"elementor-element elementor-element-7e35c98 e-grid e-con-full e-con e-child\" data-id=\"7e35c98\" data-element_type=\"container\" data-e-type=\"container\">\n\t\t\t\t<div class=\"elementor-element elementor-element-8313438 elementor-widget elementor-widget-image\" data-id=\"8313438\" data-element_type=\"widget\" data-e-type=\"widget\" data-widget_type=\"image.default\">\n\t\t\t\t\t\t\t\t\t\t\t\t\t\t\t<img decoding=\"async\" width=\"480\" height=\"360\" src=\"https:\/\/live-broadcasting.rocks\/wp-content\/uploads\/2024\/08\/congratulations-groby.gif\" class=\"attachment-large size-large wp-image-9144\" alt=\"\" \/>\t\t\t\t\t\t\t\t\t\t\t\t\t\t\t<\/div>\n\t\t\t\t<div class=\"elementor-element elementor-element-02de563 elementor-widget elementor-widget-heading\" data-id=\"02de563\" data-element_type=\"widget\" data-e-type=\"widget\" data-widget_type=\"heading.default\">\n\t\t\t\t\t<h2 class=\"elementor-heading-title elementor-size-default\">Herzlichen Gl\u00fcckwunsch! Dein kostenloser Q&amp;A Zugang<\/h2>\t\t\t\t<\/div>\n\t\t\t\t<\/div>\n\t\t\t\t<div class=\"elementor-element elementor-element-1a4ae5d elementor-widget elementor-widget-text-editor\" data-id=\"1a4ae5d\" data-element_type=\"widget\" data-e-type=\"widget\" data-widget_type=\"text-editor.default\">\n\t\t\t\t\t\t\t\t\t<p>Du kannst am <strong>20. November und 11. Dezember 2024 um 18h30<\/strong> zu einer kostenlosen Frage-und Antwortstunde dazukommen!<br \/>Klicke auf den Zoom-Link und melde dich an.<\/p>\t\t\t\t\t\t\t\t<\/div>\n\t\t\t\t<div class=\"elementor-element elementor-element-05e9da0 elementor-align-center elementor-widget elementor-widget-button\" data-id=\"05e9da0\" data-element_type=\"widget\" data-e-type=\"widget\" data-widget_type=\"button.default\">\n\t\t\t\t\t\t\t\t\t\t<a class=\"elementor-button elementor-button-link elementor-size-sm\" href=\"https:\/\/us02web.zoom.us\/meeting\/register\/tZIqc-6spjsoE9ClggHUqUDi6HrROTD4mjw0\">\n\t\t\t\t\t\t<span class=\"elementor-button-content-wrapper\">\n\t\t\t\t\t\t\t\t\t<span class=\"elementor-button-text\">Anmeldung Zoom Meeting<\/span>\n\t\t\t\t\t<\/span>\n\t\t\t\t\t<\/a>\n\t\t\t\t\t\t\t\t<\/div>\n\t\t\t\t<div class=\"elementor-element elementor-element-697d309 elementor-widget elementor-widget-text-editor\" data-id=\"697d309\" data-element_type=\"widget\" data-e-type=\"widget\" data-widget_type=\"text-editor.default\">\n\t\t\t\t\t\t\t\t\t<p>Kontaktieren Sie Daniel Schwenger bei Fragen unter <a href=\"mailto:daniel@erfolgreich.live\">daniel@erfolgreich.live<\/a><\/p>\t\t\t\t\t\t\t\t<\/div>\n\t\t\t\t\t<\/div>\n\t\t\t\t<\/div>\n\t\t<div class=\"elementor-element elementor-element-4f66875 elementor-hidden-desktop elementor-hidden-tablet elementor-hidden-mobile e-flex e-con-boxed e-con e-parent\" data-id=\"4f66875\" data-element_type=\"container\" data-e-type=\"container\" data-settings=\"{&quot;background_background&quot;:&quot;classic&quot;}\">\n\t\t\t\t\t<div class=\"e-con-inner\">\n\t\t<div class=\"elementor-element elementor-element-702fe74 e-grid e-con-full e-con e-child\" data-id=\"702fe74\" data-element_type=\"container\" data-e-type=\"container\">\n\t\t\t\t<div class=\"elementor-element elementor-element-d4a4bae elementor-widget elementor-widget-image\" data-id=\"d4a4bae\" data-element_type=\"widget\" data-e-type=\"widget\" data-widget_type=\"image.default\">\n\t\t\t\t\t\t\t\t\t\t\t\t\t\t\t<img decoding=\"async\" width=\"480\" height=\"360\" src=\"https:\/\/live-broadcasting.rocks\/wp-content\/uploads\/2024\/08\/congratulations-groby.gif\" class=\"attachment-large size-large wp-image-9144\" alt=\"\" \/>\t\t\t\t\t\t\t\t\t\t\t\t\t\t\t<\/div>\n\t\t\t\t<div class=\"elementor-element elementor-element-595409c elementor-widget elementor-widget-heading\" data-id=\"595409c\" data-element_type=\"widget\" data-e-type=\"widget\" data-widget_type=\"heading.default\">\n\t\t\t\t\t<h2 class=\"elementor-heading-title elementor-size-default\">Herzlichen Gl\u00fcckwunsch! Du erh\u00e4lst eine kostenlose 1:1 Stunde dazu!<\/h2>\t\t\t\t<\/div>\n\t\t\t\t<\/div>\n\t\t\t\t<div class=\"elementor-element elementor-element-ffef89c elementor-widget elementor-widget-text-editor\" data-id=\"ffef89c\" data-element_type=\"widget\" data-e-type=\"widget\" data-widget_type=\"text-editor.default\">\n\t\t\t\t\t\t\t\t\t<p>Am 21. August 2024 erhalten alle Buchungen kostenlos eine 1:1 Stunde (On on one) mit Daniel Schwenger im Wert von 250\u20ac.<br \/>Klicke auf den Link und buche Dir jetzt Deine Session.<\/p>\t\t\t\t\t\t\t\t<\/div>\n\t\t\t\t<div class=\"elementor-element elementor-element-c2d3927 elementor-align-center elementor-widget elementor-widget-button\" data-id=\"c2d3927\" data-element_type=\"widget\" data-e-type=\"widget\" data-widget_type=\"button.default\">\n\t\t\t\t\t\t\t\t\t\t<a class=\"elementor-button elementor-button-link elementor-size-sm\" href=\"https:\/\/calendly.com\/daniel-schwenger\/streamyard-vip-1on1\">\n\t\t\t\t\t\t<span class=\"elementor-button-content-wrapper\">\n\t\t\t\t\t\t\t\t\t<span class=\"elementor-button-text\">Buche Dir jetzt Deine kostenfreie 1:1 Sitzung (1 Stunde) <\/span>\n\t\t\t\t\t<\/span>\n\t\t\t\t\t<\/a>\n\t\t\t\t\t\t\t\t<\/div>\n\t\t\t\t<div class=\"elementor-element elementor-element-dd4dc2c elementor-widget elementor-widget-text-editor\" data-id=\"dd4dc2c\" data-element_type=\"widget\" data-e-type=\"widget\" data-widget_type=\"text-editor.default\">\n\t\t\t\t\t\t\t\t\t<p>Kontaktieren Sie Daniel Schwenger bei Fragen unter <a href=\"mailto:daniel@erfolgreich.live\">daniel@erfolgreich.live<\/a><\/p>\t\t\t\t\t\t\t\t<\/div>\n\t\t\t\t\t<\/div>\n\t\t\t\t<\/div>\n\t\t\t\t<\/div>","protected":false},"excerpt":{"rendered":"<p>Danke f\u00fcr Deinen Kauf! In den n\u00e4chsten Minuten senden wir Dir eine E-Mail mit Deinen Zugangsdaten f\u00fcr den Onlinekurs. Au\u00dferdem erh\u00e4ltst Du eine Bestellbest\u00e4tigung von Copecart an die von Dir angegebene E-Mail-Adresse. Herzlichen Gl\u00fcckwunsch! Dein kostenloser Q&amp;A Zugang Du kannst am 20. November und 11. Dezember 2024 um 18h30 zu einer kostenlosen Frage-und Antwort Stunde [&hellip;]<\/p>\n","protected":false},"author":1,"featured_media":9143,"parent":0,"menu_order":0,"comment_status":"closed","ping_status":"closed","template":"","meta":{"footnotes":""},"class_list":["post-9141","page","type-page","status-publish","has-post-thumbnail","hentry"],"yoast_head":"<!-- This site is optimized with the Yoast SEO Premium plugin v20.5 (Yoast SEO v26.8) - https:\/\/yoast.com\/product\/yoast-seo-premium-wordpress\/ -->\n<title>Thank you - StreamYard Kurs - Live-Broadcasting.Rocks | Erfolgreich.live | Sichtbarkeitsdoktor.de<\/title>\n<meta name=\"robots\" content=\"index, follow, max-snippet:-1, max-image-preview:large, max-video-preview:-1\" \/>\n<link rel=\"canonical\" href=\"https:\/\/live-broadcasting.rocks\/de\/danke-streamyard-kurs\/\" \/>\n<meta property=\"og:locale\" content=\"de_DE\" \/>\n<meta property=\"og:type\" content=\"article\" \/>\n<meta property=\"og:title\" content=\"Thank you - StreamYard Kurs\" \/>\n<meta property=\"og:description\" content=\"Danke f\u00fcr Deinen Kauf! In den n\u00e4chsten Minuten senden wir Dir eine E-Mail mit Deinen Zugangsdaten f\u00fcr den Onlinekurs. Au\u00dferdem erh\u00e4ltst Du eine Bestellbest\u00e4tigung von Copecart an die von Dir angegebene E-Mail-Adresse. Herzlichen Gl\u00fcckwunsch! Dein kostenloser Q&amp;A Zugang Du kannst am 20. November und 11. Dezember 2024 um 18h30 zu einer kostenlosen Frage-und Antwort Stunde [&hellip;]\" \/>\n<meta property=\"og:url\" content=\"https:\/\/live-broadcasting.rocks\/de\/danke-streamyard-kurs\/\" \/>\n<meta property=\"og:site_name\" content=\"Live-Broadcasting.Rocks | Erfolgreich.live | Sichtbarkeitsdoktor.de\" \/>\n<meta property=\"article:publisher\" content=\"http:\/\/facebook.com\/livebroadcastingrocks\" \/>\n<meta property=\"article:modified_time\" content=\"2026-03-11T20:32:29+00:00\" \/>\n<meta property=\"og:image\" content=\"https:\/\/live-broadcasting.rocks\/wp-content\/uploads\/2024\/08\/Image_q5.jpg\" \/>\n\t<meta property=\"og:image:width\" content=\"1920\" \/>\n\t<meta property=\"og:image:height\" content=\"1280\" \/>\n\t<meta property=\"og:image:type\" content=\"image\/jpeg\" \/>\n<meta name=\"twitter:card\" content=\"summary_large_image\" \/>\n<meta name=\"twitter:site\" content=\"@livebcast\" \/>\n<meta name=\"twitter:label1\" content=\"Gesch\u00e4tzte Lesezeit\" \/>\n\t<meta name=\"twitter:data1\" content=\"1\u00a0Minute\" \/>\n<script type=\"application\/ld+json\" class=\"yoast-schema-graph\">{\"@context\":\"https:\/\/schema.org\",\"@graph\":[{\"@type\":\"WebPage\",\"@id\":\"https:\/\/live-broadcasting.rocks\/thank-you-streamyard-kurs\/\",\"url\":\"https:\/\/live-broadcasting.rocks\/thank-you-streamyard-kurs\/\",\"name\":\"Thank you - StreamYard Kurs - Live-Broadcasting.Rocks | Erfolgreich.live | Sichtbarkeitsdoktor.de\",\"isPartOf\":{\"@id\":\"https:\/\/live-broadcasting.rocks\/#website\"},\"primaryImageOfPage\":{\"@id\":\"https:\/\/live-broadcasting.rocks\/thank-you-streamyard-kurs\/#primaryimage\"},\"image\":{\"@id\":\"https:\/\/live-broadcasting.rocks\/thank-you-streamyard-kurs\/#primaryimage\"},\"thumbnailUrl\":\"https:\/\/live-broadcasting.rocks\/wp-content\/uploads\/2024\/08\/Image_q5.jpg\",\"datePublished\":\"2024-08-21T04:27:41+00:00\",\"dateModified\":\"2026-03-11T20:32:29+00:00\",\"breadcrumb\":{\"@id\":\"https:\/\/live-broadcasting.rocks\/thank-you-streamyard-kurs\/#breadcrumb\"},\"inLanguage\":\"de\",\"potentialAction\":[{\"@type\":\"ReadAction\",\"target\":[\"https:\/\/live-broadcasting.rocks\/thank-you-streamyard-kurs\/\"]}]},{\"@type\":\"ImageObject\",\"inLanguage\":\"de\",\"@id\":\"https:\/\/live-broadcasting.rocks\/thank-you-streamyard-kurs\/#primaryimage\",\"url\":\"https:\/\/live-broadcasting.rocks\/wp-content\/uploads\/2024\/08\/Image_q5.jpg\",\"contentUrl\":\"https:\/\/live-broadcasting.rocks\/wp-content\/uploads\/2024\/08\/Image_q5.jpg\",\"width\":1920,\"height\":1280,\"caption\":\"StreamYard Kurs Best\u00e4tigung\"},{\"@type\":\"BreadcrumbList\",\"@id\":\"https:\/\/live-broadcasting.rocks\/thank-you-streamyard-kurs\/#breadcrumb\",\"itemListElement\":[{\"@type\":\"ListItem\",\"position\":1,\"name\":\"Startseite\",\"item\":\"https:\/\/live-broadcasting.rocks\/\"},{\"@type\":\"ListItem\",\"position\":2,\"name\":\"Thank you &#8211; StreamYard Kurs\"}]},{\"@type\":\"WebSite\",\"@id\":\"https:\/\/live-broadcasting.rocks\/#website\",\"url\":\"https:\/\/live-broadcasting.rocks\/\",\"name\":\"Live-Broadcasting.Rocks | Erfolgreich.live | Sichtbarkeitsdoktor.de\",\"description\":\"Live Video Streaming and Broadcasting in high quality for thought leaders and business owners.\",\"publisher\":{\"@id\":\"https:\/\/live-broadcasting.rocks\/#organization\"},\"potentialAction\":[{\"@type\":\"SearchAction\",\"target\":{\"@type\":\"EntryPoint\",\"urlTemplate\":\"https:\/\/live-broadcasting.rocks\/?s={search_term_string}\"},\"query-input\":{\"@type\":\"PropertyValueSpecification\",\"valueRequired\":true,\"valueName\":\"search_term_string\"}}],\"inLanguage\":\"de\"},{\"@type\":\"Organization\",\"@id\":\"https:\/\/live-broadcasting.rocks\/#organization\",\"name\":\"Live-Broadcasting.Rocks - Erfolgreich.live - by Daniel Schwenger\",\"url\":\"https:\/\/live-broadcasting.rocks\/\",\"logo\":{\"@type\":\"ImageObject\",\"inLanguage\":\"de\",\"@id\":\"https:\/\/live-broadcasting.rocks\/#\/schema\/logo\/image\/\",\"url\":\"https:\/\/live-broadcasting.rocks\/wp-content\/uploads\/2022\/05\/Seitenlogo_200x133.gif\",\"contentUrl\":\"https:\/\/live-broadcasting.rocks\/wp-content\/uploads\/2022\/05\/Seitenlogo_200x133.gif\",\"width\":200,\"height\":133,\"caption\":\"Live-Broadcasting.Rocks - Erfolgreich.live - by Daniel Schwenger\"},\"image\":{\"@id\":\"https:\/\/live-broadcasting.rocks\/#\/schema\/logo\/image\/\"},\"sameAs\":[\"http:\/\/facebook.com\/livebroadcastingrocks\",\"https:\/\/x.com\/livebcast\",\"https:\/\/www.linkedin.com\/in\/schwenger\/\",\"https:\/\/www.instagram.com\/livebroadcasting_rocks\",\"https:\/\/www.twitch.tv\/dschwenger\",\"https:\/\/anchor.fm\/erfolgreich-live\",\"https:\/\/anchor.fm\/livebroadcasting\",\"https:\/\/www.youtube.com\/livebroadcastingrocks\"]}]}<\/script>\n<!-- \/ Yoast SEO Premium plugin. -->","yoast_head_json":{"title":"Thank you - StreamYard Kurs - Live-Broadcasting.Rocks | Erfolgreich.live | Sichtbarkeitsdoktor.de","robots":{"index":"index","follow":"follow","max-snippet":"max-snippet:-1","max-image-preview":"max-image-preview:large","max-video-preview":"max-video-preview:-1"},"canonical":"https:\/\/live-broadcasting.rocks\/de\/danke-streamyard-kurs\/","og_locale":"de_DE","og_type":"article","og_title":"Thank you - StreamYard Kurs","og_description":"Danke f\u00fcr Deinen Kauf! In den n\u00e4chsten Minuten senden wir Dir eine E-Mail mit Deinen Zugangsdaten f\u00fcr den Onlinekurs. Au\u00dferdem erh\u00e4ltst Du eine Bestellbest\u00e4tigung von Copecart an die von Dir angegebene E-Mail-Adresse. Herzlichen Gl\u00fcckwunsch! Dein kostenloser Q&amp;A Zugang Du kannst am 20. November und 11. Dezember 2024 um 18h30 zu einer kostenlosen Frage-und Antwort Stunde [&hellip;]","og_url":"https:\/\/live-broadcasting.rocks\/de\/danke-streamyard-kurs\/","og_site_name":"Live-Broadcasting.Rocks | Erfolgreich.live | Sichtbarkeitsdoktor.de","article_publisher":"http:\/\/facebook.com\/livebroadcastingrocks","article_modified_time":"2026-03-11T20:32:29+00:00","og_image":[{"width":1920,"height":1280,"url":"https:\/\/live-broadcasting.rocks\/wp-content\/uploads\/2024\/08\/Image_q5.jpg","type":"image\/jpeg"}],"twitter_card":"summary_large_image","twitter_site":"@livebcast","twitter_misc":{"Gesch\u00e4tzte Lesezeit":"1\u00a0Minute"},"schema":{"@context":"https:\/\/schema.org","@graph":[{"@type":"WebPage","@id":"https:\/\/live-broadcasting.rocks\/thank-you-streamyard-kurs\/","url":"https:\/\/live-broadcasting.rocks\/thank-you-streamyard-kurs\/","name":"Thank you - StreamYard Kurs - Live-Broadcasting.Rocks | Erfolgreich.live | Sichtbarkeitsdoktor.de","isPartOf":{"@id":"https:\/\/live-broadcasting.rocks\/#website"},"primaryImageOfPage":{"@id":"https:\/\/live-broadcasting.rocks\/thank-you-streamyard-kurs\/#primaryimage"},"image":{"@id":"https:\/\/live-broadcasting.rocks\/thank-you-streamyard-kurs\/#primaryimage"},"thumbnailUrl":"https:\/\/live-broadcasting.rocks\/wp-content\/uploads\/2024\/08\/Image_q5.jpg","datePublished":"2024-08-21T04:27:41+00:00","dateModified":"2026-03-11T20:32:29+00:00","breadcrumb":{"@id":"https:\/\/live-broadcasting.rocks\/thank-you-streamyard-kurs\/#breadcrumb"},"inLanguage":"de","potentialAction":[{"@type":"ReadAction","target":["https:\/\/live-broadcasting.rocks\/thank-you-streamyard-kurs\/"]}]},{"@type":"ImageObject","inLanguage":"de","@id":"https:\/\/live-broadcasting.rocks\/thank-you-streamyard-kurs\/#primaryimage","url":"https:\/\/live-broadcasting.rocks\/wp-content\/uploads\/2024\/08\/Image_q5.jpg","contentUrl":"https:\/\/live-broadcasting.rocks\/wp-content\/uploads\/2024\/08\/Image_q5.jpg","width":1920,"height":1280,"caption":"StreamYard Kurs Best\u00e4tigung"},{"@type":"BreadcrumbList","@id":"https:\/\/live-broadcasting.rocks\/thank-you-streamyard-kurs\/#breadcrumb","itemListElement":[{"@type":"ListItem","position":1,"name":"Startseite","item":"https:\/\/live-broadcasting.rocks\/"},{"@type":"ListItem","position":2,"name":"Thank you &#8211; StreamYard Kurs"}]},{"@type":"WebSite","@id":"https:\/\/live-broadcasting.rocks\/#website","url":"https:\/\/live-broadcasting.rocks\/","name":"Live-Broadcasting.Rocks | Erfolgreich.live | Sichtbarkeitsdoktor.de","description":"Live Video Streaming und Broadcasting in hoher Qualit\u00e4t f\u00fcr Vordenker und Gesch\u00e4ftsleute.","publisher":{"@id":"https:\/\/live-broadcasting.rocks\/#organization"},"potentialAction":[{"@type":"SearchAction","target":{"@type":"EntryPoint","urlTemplate":"https:\/\/live-broadcasting.rocks\/?s={search_term_string}"},"query-input":{"@type":"PropertyValueSpecification","valueRequired":true,"valueName":"search_term_string"}}],"inLanguage":"de"},{"@type":"Organization","@id":"https:\/\/live-broadcasting.rocks\/#organization","name":"Live-\u00dcbertragung.Rocks - Erfolgreich.live - von Daniel Schwenger","url":"https:\/\/live-broadcasting.rocks\/","logo":{"@type":"ImageObject","inLanguage":"de","@id":"https:\/\/live-broadcasting.rocks\/#\/schema\/logo\/image\/","url":"https:\/\/live-broadcasting.rocks\/wp-content\/uploads\/2022\/05\/Seitenlogo_200x133.gif","contentUrl":"https:\/\/live-broadcasting.rocks\/wp-content\/uploads\/2022\/05\/Seitenlogo_200x133.gif","width":200,"height":133,"caption":"Live-Broadcasting.Rocks - Erfolgreich.live - by Daniel Schwenger"},"image":{"@id":"https:\/\/live-broadcasting.rocks\/#\/schema\/logo\/image\/"},"sameAs":["http:\/\/facebook.com\/livebroadcastingrocks","https:\/\/x.com\/livebcast","https:\/\/www.linkedin.com\/in\/schwenger\/","https:\/\/www.instagram.com\/livebroadcasting_rocks","https:\/\/www.twitch.tv\/dschwenger","https:\/\/anchor.fm\/erfolgreich-live","https:\/\/anchor.fm\/livebroadcasting","https:\/\/www.youtube.com\/livebroadcastingrocks"]}]}},"_links":{"self":[{"href":"https:\/\/live-broadcasting.rocks\/de\/wp-json\/wp\/v2\/pages\/9141","targetHints":{"allow":["GET"]}}],"collection":[{"href":"https:\/\/live-broadcasting.rocks\/de\/wp-json\/wp\/v2\/pages"}],"about":[{"href":"https:\/\/live-broadcasting.rocks\/de\/wp-json\/wp\/v2\/types\/page"}],"author":[{"embeddable":true,"href":"https:\/\/live-broadcasting.rocks\/de\/wp-json\/wp\/v2\/users\/1"}],"replies":[{"embeddable":true,"href":"https:\/\/live-broadcasting.rocks\/de\/wp-json\/wp\/v2\/comments?post=9141"}],"version-history":[{"count":28,"href":"https:\/\/live-broadcasting.rocks\/de\/wp-json\/wp\/v2\/pages\/9141\/revisions"}],"predecessor-version":[{"id":9702,"href":"https:\/\/live-broadcasting.rocks\/de\/wp-json\/wp\/v2\/pages\/9141\/revisions\/9702"}],"wp:featuredmedia":[{"embeddable":true,"href":"https:\/\/live-broadcasting.rocks\/de\/wp-json\/wp\/v2\/media\/9143"}],"wp:attachment":[{"href":"https:\/\/live-broadcasting.rocks\/de\/wp-json\/wp\/v2\/media?parent=9141"}],"curies":[{"name":"wp","href":"https:\/\/api.w.org\/{rel}","templated":true}]}}