{"id":9062,"date":"2024-08-11T14:11:03","date_gmt":"2024-08-11T12:11:03","guid":{"rendered":"https:\/\/live-broadcasting.rocks\/?page_id=9062"},"modified":"2025-09-12T16:11:16","modified_gmt":"2025-09-12T14:11:16","slug":"danke-podcast-starter-kurs","status":"publish","type":"page","link":"https:\/\/live-broadcasting.rocks\/de\/danke-podcast-starter-kurs\/","title":{"rendered":"Danke - Podcast Starterkurs"},"content":{"rendered":"<div data-elementor-type=\"wp-page\" data-elementor-id=\"9062\" class=\"elementor elementor-9062\" data-elementor-post-type=\"page\">\n\t\t\t\t<div class=\"elementor-element elementor-element-744cf91 e-flex e-con-boxed e-con e-parent\" data-id=\"744cf91\" data-element_type=\"container\" data-e-type=\"container\">\n\t\t\t\t\t<div class=\"e-con-inner\">\n\t\t\t\t<div class=\"elementor-element elementor-element-7d2deb5 elementor-widget elementor-widget-heading\" data-id=\"7d2deb5\" data-element_type=\"widget\" data-e-type=\"widget\" data-widget_type=\"heading.default\">\n\t\t\t\t\t<h2 class=\"elementor-heading-title elementor-size-default\">Danke f\u00fcr das Buchen des Podcast Starter Kurses<\/h2>\t\t\t\t<\/div>\n\t\t\t\t<div class=\"elementor-element elementor-element-03c857c elementor-widget elementor-widget-image\" data-id=\"03c857c\" data-element_type=\"widget\" data-e-type=\"widget\" data-widget_type=\"image.default\">\n\t\t\t\t\t\t\t\t\t\t\t\t\t\t\t\t<a href=\"https:\/\/live-broadcasting.rocks\/de\/danke-podcast-starter-kurs\/\">\n\t\t\t\t\t\t\t<img fetchpriority=\"high\" decoding=\"async\" width=\"768\" height=\"432\" src=\"https:\/\/live-broadcasting.rocks\/wp-content\/uploads\/2025\/09\/Kurs-Main-Image-lq-768x432.webp\" class=\"attachment-medium_large size-medium_large wp-image-9581\" alt=\"\" srcset=\"https:\/\/live-broadcasting.rocks\/wp-content\/uploads\/2025\/09\/Kurs-Main-Image-lq-768x432.webp 768w, https:\/\/live-broadcasting.rocks\/wp-content\/uploads\/2025\/09\/Kurs-Main-Image-lq-300x169.webp 300w, https:\/\/live-broadcasting.rocks\/wp-content\/uploads\/2025\/09\/Kurs-Main-Image-lq-1024x576.webp 1024w, https:\/\/live-broadcasting.rocks\/wp-content\/uploads\/2025\/09\/Kurs-Main-Image-lq-1536x864.webp 1536w, https:\/\/live-broadcasting.rocks\/wp-content\/uploads\/2025\/09\/Kurs-Main-Image-lq-18x10.webp 18w, https:\/\/live-broadcasting.rocks\/wp-content\/uploads\/2025\/09\/Kurs-Main-Image-lq.webp 1920w\" sizes=\"(max-width: 768px) 100vw, 768px\" \/>\t\t\t\t\t\t\t\t<\/a>\n\t\t\t\t\t\t\t\t\t\t\t\t\t\t\t<\/div>\n\t\t\t\t<div class=\"elementor-element elementor-element-2d29319 elementor-widget elementor-widget-text-editor\" data-id=\"2d29319\" data-element_type=\"widget\" data-e-type=\"widget\" data-widget_type=\"text-editor.default\">\n\t\t\t\t\t\t\t\t\t<h1><b>Buche hier Deinen 1-1 Termin mit Daniel Schwenger:<br \/><\/b><a href=\"https:\/\/calendly.com\/daniel-schwenger\/sichtbarkeits1on1\">https:\/\/calendly.com\/daniel-schwenger\/sichtbarkeits1on1<\/a><\/h1><p>Die Abbuchung erfolgt durch CopeCart. Eine Rechnung von Copecart ist auf dem Weg an Dich.<br \/>Ebenso erh\u00e4lst Du einen Link mit Zugangsdaten zum StreamYard Kurs mit Daniel Schwenger<\/p>\t\t\t\t\t\t\t\t<\/div>\n\t\t\t\t\t<\/div>\n\t\t\t\t<\/div>\n\t\t\t\t<\/div>","protected":false},"excerpt":{"rendered":"<p>Danke f\u00fcr das Buchen des Podcast Starter Kurses Buche hier Deinen 1-1 Termin mit Daniel Schwenger:https:\/\/calendly.com\/daniel-schwenger\/sichtbarkeits1on1 Die Abbuchung erfolgt durch CopeCart. Eine Rechnung von Copecart ist auf dem Weg an Dich.Ebenso erh\u00e4lst Du einen Link mit Zugangsdaten zum StreamYard Kurs mit Daniel Schwenger<\/p>","protected":false},"author":1,"featured_media":0,"parent":0,"menu_order":0,"comment_status":"closed","ping_status":"closed","template":"","meta":{"footnotes":""},"class_list":["post-9062","page","type-page","status-publish","hentry"],"yoast_head":"<!-- This site is optimized with the Yoast SEO Premium plugin v20.5 (Yoast SEO v26.8) - https:\/\/yoast.com\/product\/yoast-seo-premium-wordpress\/ -->\n<title>Danke - Podcast Starter Kurs - Live-Broadcasting.Rocks | Erfolgreich.live | Sichtbarkeitsdoktor.de<\/title>\n<meta name=\"robots\" content=\"index, follow, max-snippet:-1, max-image-preview:large, max-video-preview:-1\" \/>\n<link rel=\"canonical\" href=\"https:\/\/live-broadcasting.rocks\/de\/danke-podcast-starter-kurs\/\" \/>\n<meta property=\"og:locale\" content=\"de_DE\" \/>\n<meta property=\"og:type\" content=\"article\" \/>\n<meta property=\"og:title\" content=\"Danke - Podcast Starter Kurs\" \/>\n<meta property=\"og:description\" content=\"Danke f\u00fcr das Buchen des Podcast Starter Kurses Buche hier Deinen 1-1 Termin mit Daniel Schwenger:https:\/\/calendly.com\/daniel-schwenger\/sichtbarkeits1on1 Die Abbuchung erfolgt durch CopeCart. Eine Rechnung von Copecart ist auf dem Weg an Dich.Ebenso erh\u00e4lst Du einen Link mit Zugangsdaten zum StreamYard Kurs mit Daniel Schwenger\" \/>\n<meta property=\"og:url\" content=\"https:\/\/live-broadcasting.rocks\/de\/danke-podcast-starter-kurs\/\" \/>\n<meta property=\"og:site_name\" content=\"Live-Broadcasting.Rocks | Erfolgreich.live | Sichtbarkeitsdoktor.de\" \/>\n<meta property=\"article:publisher\" content=\"http:\/\/facebook.com\/livebroadcastingrocks\" \/>\n<meta property=\"article:modified_time\" content=\"2025-09-12T14:11:16+00:00\" \/>\n<meta property=\"og:image\" content=\"https:\/\/live-broadcasting.rocks\/wp-content\/uploads\/2025\/09\/Kurs-Main-Image-lq-768x432.webp\" \/>\n<meta name=\"twitter:card\" content=\"summary_large_image\" \/>\n<meta name=\"twitter:site\" content=\"@livebcast\" \/>\n<meta name=\"twitter:label1\" content=\"Gesch\u00e4tzte Lesezeit\" \/>\n\t<meta name=\"twitter:data1\" content=\"1\u00a0Minute\" \/>\n<script type=\"application\/ld+json\" class=\"yoast-schema-graph\">{\"@context\":\"https:\/\/schema.org\",\"@graph\":[{\"@type\":\"WebPage\",\"@id\":\"https:\/\/live-broadcasting.rocks\/danke-podcast-starter-kurs\/\",\"url\":\"https:\/\/live-broadcasting.rocks\/danke-podcast-starter-kurs\/\",\"name\":\"Danke - Podcast Starter Kurs - Live-Broadcasting.Rocks | Erfolgreich.live | Sichtbarkeitsdoktor.de\",\"isPartOf\":{\"@id\":\"https:\/\/live-broadcasting.rocks\/#website\"},\"primaryImageOfPage\":{\"@id\":\"https:\/\/live-broadcasting.rocks\/danke-podcast-starter-kurs\/#primaryimage\"},\"image\":{\"@id\":\"https:\/\/live-broadcasting.rocks\/danke-podcast-starter-kurs\/#primaryimage\"},\"thumbnailUrl\":\"https:\/\/live-broadcasting.rocks\/wp-content\/uploads\/2025\/09\/Kurs-Main-Image-lq-768x432.webp\",\"datePublished\":\"2024-08-11T12:11:03+00:00\",\"dateModified\":\"2025-09-12T14:11:16+00:00\",\"breadcrumb\":{\"@id\":\"https:\/\/live-broadcasting.rocks\/danke-podcast-starter-kurs\/#breadcrumb\"},\"inLanguage\":\"de\",\"potentialAction\":[{\"@type\":\"ReadAction\",\"target\":[\"https:\/\/live-broadcasting.rocks\/danke-podcast-starter-kurs\/\"]}]},{\"@type\":\"ImageObject\",\"inLanguage\":\"de\",\"@id\":\"https:\/\/live-broadcasting.rocks\/danke-podcast-starter-kurs\/#primaryimage\",\"url\":\"https:\/\/live-broadcasting.rocks\/wp-content\/uploads\/2025\/09\/Kurs-Main-Image-lq-768x432.webp\",\"contentUrl\":\"https:\/\/live-broadcasting.rocks\/wp-content\/uploads\/2025\/09\/Kurs-Main-Image-lq-768x432.webp\"},{\"@type\":\"BreadcrumbList\",\"@id\":\"https:\/\/live-broadcasting.rocks\/danke-podcast-starter-kurs\/#breadcrumb\",\"itemListElement\":[{\"@type\":\"ListItem\",\"position\":1,\"name\":\"Startseite\",\"item\":\"https:\/\/live-broadcasting.rocks\/\"},{\"@type\":\"ListItem\",\"position\":2,\"name\":\"Danke &#8211; Podcast Starter Kurs\"}]},{\"@type\":\"WebSite\",\"@id\":\"https:\/\/live-broadcasting.rocks\/#website\",\"url\":\"https:\/\/live-broadcasting.rocks\/\",\"name\":\"Live-Broadcasting.Rocks | Erfolgreich.live | Sichtbarkeitsdoktor.de\",\"description\":\"Live Video Streaming and Broadcasting in high quality for thought leaders and business owners.\",\"publisher\":{\"@id\":\"https:\/\/live-broadcasting.rocks\/#organization\"},\"potentialAction\":[{\"@type\":\"SearchAction\",\"target\":{\"@type\":\"EntryPoint\",\"urlTemplate\":\"https:\/\/live-broadcasting.rocks\/?s={search_term_string}\"},\"query-input\":{\"@type\":\"PropertyValueSpecification\",\"valueRequired\":true,\"valueName\":\"search_term_string\"}}],\"inLanguage\":\"de\"},{\"@type\":\"Organization\",\"@id\":\"https:\/\/live-broadcasting.rocks\/#organization\",\"name\":\"Live-Broadcasting.Rocks - Erfolgreich.live - by Daniel Schwenger\",\"url\":\"https:\/\/live-broadcasting.rocks\/\",\"logo\":{\"@type\":\"ImageObject\",\"inLanguage\":\"de\",\"@id\":\"https:\/\/live-broadcasting.rocks\/#\/schema\/logo\/image\/\",\"url\":\"https:\/\/live-broadcasting.rocks\/wp-content\/uploads\/2022\/05\/Seitenlogo_200x133.gif\",\"contentUrl\":\"https:\/\/live-broadcasting.rocks\/wp-content\/uploads\/2022\/05\/Seitenlogo_200x133.gif\",\"width\":200,\"height\":133,\"caption\":\"Live-Broadcasting.Rocks - Erfolgreich.live - by Daniel Schwenger\"},\"image\":{\"@id\":\"https:\/\/live-broadcasting.rocks\/#\/schema\/logo\/image\/\"},\"sameAs\":[\"http:\/\/facebook.com\/livebroadcastingrocks\",\"https:\/\/x.com\/livebcast\",\"https:\/\/www.linkedin.com\/in\/schwenger\/\",\"https:\/\/www.instagram.com\/livebroadcasting_rocks\",\"https:\/\/www.twitch.tv\/dschwenger\",\"https:\/\/anchor.fm\/erfolgreich-live\",\"https:\/\/anchor.fm\/livebroadcasting\",\"https:\/\/www.youtube.com\/livebroadcastingrocks\"]}]}<\/script>\n<!-- \/ Yoast SEO Premium plugin. -->","yoast_head_json":{"title":"Danke - Podcast Starter Kurs - Live-Broadcasting.Rocks | Erfolgreich.live | Sichtbarkeitsdoktor.de","robots":{"index":"index","follow":"follow","max-snippet":"max-snippet:-1","max-image-preview":"max-image-preview:large","max-video-preview":"max-video-preview:-1"},"canonical":"https:\/\/live-broadcasting.rocks\/de\/danke-podcast-starter-kurs\/","og_locale":"de_DE","og_type":"article","og_title":"Danke - Podcast Starter Kurs","og_description":"Danke f\u00fcr das Buchen des Podcast Starter Kurses Buche hier Deinen 1-1 Termin mit Daniel Schwenger:https:\/\/calendly.com\/daniel-schwenger\/sichtbarkeits1on1 Die Abbuchung erfolgt durch CopeCart. Eine Rechnung von Copecart ist auf dem Weg an Dich.Ebenso erh\u00e4lst Du einen Link mit Zugangsdaten zum StreamYard Kurs mit Daniel Schwenger","og_url":"https:\/\/live-broadcasting.rocks\/de\/danke-podcast-starter-kurs\/","og_site_name":"Live-Broadcasting.Rocks | Erfolgreich.live | Sichtbarkeitsdoktor.de","article_publisher":"http:\/\/facebook.com\/livebroadcastingrocks","article_modified_time":"2025-09-12T14:11:16+00:00","og_image":[{"url":"https:\/\/live-broadcasting.rocks\/wp-content\/uploads\/2025\/09\/Kurs-Main-Image-lq-768x432.webp","type":"","width":"","height":""}],"twitter_card":"summary_large_image","twitter_site":"@livebcast","twitter_misc":{"Gesch\u00e4tzte Lesezeit":"1\u00a0Minute"},"schema":{"@context":"https:\/\/schema.org","@graph":[{"@type":"WebPage","@id":"https:\/\/live-broadcasting.rocks\/danke-podcast-starter-kurs\/","url":"https:\/\/live-broadcasting.rocks\/danke-podcast-starter-kurs\/","name":"Danke - Podcast Starter Kurs - Live-Broadcasting.Rocks | Erfolgreich.live | Sichtbarkeitsdoktor.de","isPartOf":{"@id":"https:\/\/live-broadcasting.rocks\/#website"},"primaryImageOfPage":{"@id":"https:\/\/live-broadcasting.rocks\/danke-podcast-starter-kurs\/#primaryimage"},"image":{"@id":"https:\/\/live-broadcasting.rocks\/danke-podcast-starter-kurs\/#primaryimage"},"thumbnailUrl":"https:\/\/live-broadcasting.rocks\/wp-content\/uploads\/2025\/09\/Kurs-Main-Image-lq-768x432.webp","datePublished":"2024-08-11T12:11:03+00:00","dateModified":"2025-09-12T14:11:16+00:00","breadcrumb":{"@id":"https:\/\/live-broadcasting.rocks\/danke-podcast-starter-kurs\/#breadcrumb"},"inLanguage":"de","potentialAction":[{"@type":"ReadAction","target":["https:\/\/live-broadcasting.rocks\/danke-podcast-starter-kurs\/"]}]},{"@type":"ImageObject","inLanguage":"de","@id":"https:\/\/live-broadcasting.rocks\/danke-podcast-starter-kurs\/#primaryimage","url":"https:\/\/live-broadcasting.rocks\/wp-content\/uploads\/2025\/09\/Kurs-Main-Image-lq-768x432.webp","contentUrl":"https:\/\/live-broadcasting.rocks\/wp-content\/uploads\/2025\/09\/Kurs-Main-Image-lq-768x432.webp"},{"@type":"BreadcrumbList","@id":"https:\/\/live-broadcasting.rocks\/danke-podcast-starter-kurs\/#breadcrumb","itemListElement":[{"@type":"ListItem","position":1,"name":"Startseite","item":"https:\/\/live-broadcasting.rocks\/"},{"@type":"ListItem","position":2,"name":"Danke &#8211; Podcast Starter Kurs"}]},{"@type":"WebSite","@id":"https:\/\/live-broadcasting.rocks\/#website","url":"https:\/\/live-broadcasting.rocks\/","name":"Live-Broadcasting.Rocks | Erfolgreich.live | Sichtbarkeitsdoktor.de","description":"Live Video Streaming und Broadcasting in hoher Qualit\u00e4t f\u00fcr Vordenker und Gesch\u00e4ftsleute.","publisher":{"@id":"https:\/\/live-broadcasting.rocks\/#organization"},"potentialAction":[{"@type":"SearchAction","target":{"@type":"EntryPoint","urlTemplate":"https:\/\/live-broadcasting.rocks\/?s={search_term_string}"},"query-input":{"@type":"PropertyValueSpecification","valueRequired":true,"valueName":"search_term_string"}}],"inLanguage":"de"},{"@type":"Organization","@id":"https:\/\/live-broadcasting.rocks\/#organization","name":"Live-\u00dcbertragung.Rocks - Erfolgreich.live - von Daniel Schwenger","url":"https:\/\/live-broadcasting.rocks\/","logo":{"@type":"ImageObject","inLanguage":"de","@id":"https:\/\/live-broadcasting.rocks\/#\/schema\/logo\/image\/","url":"https:\/\/live-broadcasting.rocks\/wp-content\/uploads\/2022\/05\/Seitenlogo_200x133.gif","contentUrl":"https:\/\/live-broadcasting.rocks\/wp-content\/uploads\/2022\/05\/Seitenlogo_200x133.gif","width":200,"height":133,"caption":"Live-Broadcasting.Rocks - Erfolgreich.live - by Daniel Schwenger"},"image":{"@id":"https:\/\/live-broadcasting.rocks\/#\/schema\/logo\/image\/"},"sameAs":["http:\/\/facebook.com\/livebroadcastingrocks","https:\/\/x.com\/livebcast","https:\/\/www.linkedin.com\/in\/schwenger\/","https:\/\/www.instagram.com\/livebroadcasting_rocks","https:\/\/www.twitch.tv\/dschwenger","https:\/\/anchor.fm\/erfolgreich-live","https:\/\/anchor.fm\/livebroadcasting","https:\/\/www.youtube.com\/livebroadcastingrocks"]}]}},"_links":{"self":[{"href":"https:\/\/live-broadcasting.rocks\/de\/wp-json\/wp\/v2\/pages\/9062","targetHints":{"allow":["GET"]}}],"collection":[{"href":"https:\/\/live-broadcasting.rocks\/de\/wp-json\/wp\/v2\/pages"}],"about":[{"href":"https:\/\/live-broadcasting.rocks\/de\/wp-json\/wp\/v2\/types\/page"}],"author":[{"embeddable":true,"href":"https:\/\/live-broadcasting.rocks\/de\/wp-json\/wp\/v2\/users\/1"}],"replies":[{"embeddable":true,"href":"https:\/\/live-broadcasting.rocks\/de\/wp-json\/wp\/v2\/comments?post=9062"}],"version-history":[{"count":33,"href":"https:\/\/live-broadcasting.rocks\/de\/wp-json\/wp\/v2\/pages\/9062\/revisions"}],"predecessor-version":[{"id":9593,"href":"https:\/\/live-broadcasting.rocks\/de\/wp-json\/wp\/v2\/pages\/9062\/revisions\/9593"}],"wp:attachment":[{"href":"https:\/\/live-broadcasting.rocks\/de\/wp-json\/wp\/v2\/media?parent=9062"}],"curies":[{"name":"wp","href":"https:\/\/api.w.org\/{rel}","templated":true}]}}