{"id":4204,"date":"2022-06-09T00:39:12","date_gmt":"2022-06-08T22:39:12","guid":{"rendered":"https:\/\/live-broadcasting.rocks\/?page_id=4204"},"modified":"2024-11-25T10:33:58","modified_gmt":"2024-11-25T09:33:58","slug":"buche-ein-kennlerngesprach","status":"publish","type":"page","link":"https:\/\/live-broadcasting.rocks\/de\/kennlerngespraech\/","title":{"rendered":"Buche ein Kennlerngespr\u00e4ch"},"content":{"rendered":"<div data-elementor-type=\"wp-page\" data-elementor-id=\"4204\" class=\"elementor elementor-4204\" data-elementor-post-type=\"page\">\n\t\t\t\t\t\t<section class=\"elementor-section elementor-top-section elementor-element elementor-element-7e4dafd elementor-section-boxed elementor-section-height-default elementor-section-height-default\" data-id=\"7e4dafd\" data-element_type=\"section\" data-e-type=\"section\" data-settings=\"{&quot;background_background&quot;:&quot;gradient&quot;}\">\n\t\t\t\t\t\t\t<div class=\"elementor-background-overlay\"><\/div>\n\t\t\t\t\t\t\t<div class=\"elementor-container elementor-column-gap-default\">\n\t\t\t\t\t<div class=\"elementor-column elementor-col-100 elementor-top-column elementor-element elementor-element-2f9af87\" data-id=\"2f9af87\" data-element_type=\"column\" data-e-type=\"column\" data-settings=\"{&quot;background_background&quot;:&quot;classic&quot;}\">\n\t\t\t<div class=\"elementor-widget-wrap elementor-element-populated\">\n\t\t\t\t\t\t<div class=\"elementor-element elementor-element-a5fdf1c elementor-widget elementor-widget-spacer\" data-id=\"a5fdf1c\" data-element_type=\"widget\" data-e-type=\"widget\" data-widget_type=\"spacer.default\">\n\t\t\t\t\t\t\t<div class=\"elementor-spacer\">\n\t\t\t<div class=\"elementor-spacer-inner\"><\/div>\n\t\t<\/div>\n\t\t\t\t\t\t<\/div>\n\t\t\t\t<section class=\"elementor-section elementor-inner-section elementor-element elementor-element-3f028bd elementor-section-boxed elementor-section-height-default elementor-section-height-default\" data-id=\"3f028bd\" data-element_type=\"section\" data-e-type=\"section\">\n\t\t\t\t\t\t<div class=\"elementor-container elementor-column-gap-default\">\n\t\t\t\t\t<div class=\"elementor-column elementor-col-100 elementor-inner-column elementor-element elementor-element-b9a10a4\" data-id=\"b9a10a4\" data-element_type=\"column\" data-e-type=\"column\">\n\t\t\t<div class=\"elementor-widget-wrap elementor-element-populated\">\n\t\t\t\t\t\t<div class=\"elementor-element elementor-element-8e67232 elementor-widget elementor-widget-heading\" data-id=\"8e67232\" data-element_type=\"widget\" data-e-type=\"widget\" data-widget_type=\"heading.default\">\n\t\t\t\t\t<h2 class=\"elementor-heading-title elementor-size-default\">Buche ein Kennlerngespr\u00e4ch<\/h2>\t\t\t\t<\/div>\n\t\t\t\t\t<\/div>\n\t\t<\/div>\n\t\t\t\t\t<\/div>\n\t\t<\/section>\n\t\t\t\t\t<\/div>\n\t\t<\/div>\n\t\t\t\t\t<\/div>\n\t\t<\/section>\n\t\t\t\t<section class=\"elementor-section elementor-top-section elementor-element elementor-element-5f31910 elementor-section-boxed elementor-section-height-default elementor-section-height-default\" data-id=\"5f31910\" data-element_type=\"section\" data-e-type=\"section\" data-settings=\"{&quot;background_background&quot;:&quot;classic&quot;}\">\n\t\t\t\t\t\t<div class=\"elementor-container elementor-column-gap-default\">\n\t\t\t\t\t<div class=\"elementor-column elementor-col-100 elementor-top-column elementor-element elementor-element-2703b64\" data-id=\"2703b64\" data-element_type=\"column\" data-e-type=\"column\">\n\t\t\t<div class=\"elementor-widget-wrap elementor-element-populated\">\n\t\t\t\t\t\t<div class=\"elementor-element elementor-element-50e1c48 elementor-widget elementor-widget-html\" data-id=\"50e1c48\" data-element_type=\"widget\" data-e-type=\"widget\" data-widget_type=\"html.default\">\n\t\t\t\t\t<style>.elementor-element-50e1c48{display:none !important}<\/style>\t\t\t\t<\/div>\n\t\t\t\t<div class=\"elementor-element elementor-element-572a702 elementor-widget elementor-widget-spacer\" data-id=\"572a702\" data-element_type=\"widget\" data-e-type=\"widget\" data-widget_type=\"spacer.default\">\n\t\t\t\t\t\t\t<div class=\"elementor-spacer\">\n\t\t\t<div class=\"elementor-spacer-inner\"><\/div>\n\t\t<\/div>\n\t\t\t\t\t\t<\/div>\n\t\t\t\t\t<\/div>\n\t\t<\/div>\n\t\t\t\t\t<\/div>\n\t\t<\/section>\n\t\t\t\t<section class=\"elementor-section elementor-top-section elementor-element elementor-element-ffd712d elementor-section-boxed elementor-section-height-default elementor-section-height-default\" data-id=\"ffd712d\" data-element_type=\"section\" data-e-type=\"section\" data-settings=\"{&quot;background_background&quot;:&quot;classic&quot;}\">\n\t\t\t\t\t\t<div class=\"elementor-container elementor-column-gap-default\">\n\t\t\t\t\t<div class=\"elementor-column elementor-col-100 elementor-top-column elementor-element elementor-element-69908a7\" data-id=\"69908a7\" data-element_type=\"column\" data-e-type=\"column\">\n\t\t\t<div class=\"elementor-widget-wrap elementor-element-populated\">\n\t\t\t\t\t\t<div class=\"elementor-element elementor-element-d70867f elementor-widget elementor-widget-shortcode\" data-id=\"d70867f\" data-element_type=\"widget\" data-e-type=\"widget\" data-no-translation=\"\" data-widget_type=\"shortcode.default\">\n\t\t\t\t\t\t\t<div class=\"elementor-shortcode\"><!-- Calendly inline widget begin -->\n<div class=\"calendly-inline-widget\" data-url=\"https:\/\/calendly.com\/daniel-schwenger\/kennenlernen\" style=\"min-width:320px;height:700px;\"><\/div>\n<script type=\"text\/javascript\" src=\"https:\/\/assets.calendly.com\/assets\/external\/widget.js\" async><\/script>\n<!-- Calendly inline widget end --><\/div>\n\t\t\t\t\t\t<\/div>\n\t\t\t\t<div class=\"elementor-element elementor-element-c212a37 elementor-widget elementor-widget-spacer\" data-id=\"c212a37\" data-element_type=\"widget\" data-e-type=\"widget\" data-widget_type=\"spacer.default\">\n\t\t\t\t\t\t\t<div class=\"elementor-spacer\">\n\t\t\t<div class=\"elementor-spacer-inner\"><\/div>\n\t\t<\/div>\n\t\t\t\t\t\t<\/div>\n\t\t\t\t\t<\/div>\n\t\t<\/div>\n\t\t\t\t\t<\/div>\n\t\t<\/section>\n\t\t\t\t<section class=\"elementor-section elementor-top-section elementor-element elementor-element-e1f5d8f elementor-section-boxed elementor-section-height-default elementor-section-height-default\" data-id=\"e1f5d8f\" data-element_type=\"section\" data-e-type=\"section\" data-settings=\"{&quot;background_background&quot;:&quot;gradient&quot;}\">\n\t\t\t\t\t\t<div class=\"elementor-container elementor-column-gap-default\">\n\t\t\t\t\t<div class=\"elementor-column elementor-col-100 elementor-top-column elementor-element elementor-element-34ab2e3\" data-id=\"34ab2e3\" data-element_type=\"column\" data-e-type=\"column\">\n\t\t\t<div class=\"elementor-widget-wrap elementor-element-populated\">\n\t\t\t\t\t\t<div class=\"elementor-element elementor-element-452ad86 elementor-widget elementor-widget-spacer\" data-id=\"452ad86\" data-element_type=\"widget\" data-e-type=\"widget\" data-widget_type=\"spacer.default\">\n\t\t\t\t\t\t\t<div class=\"elementor-spacer\">\n\t\t\t<div class=\"elementor-spacer-inner\"><\/div>\n\t\t<\/div>\n\t\t\t\t\t\t<\/div>\n\t\t\t\t\t<\/div>\n\t\t<\/div>\n\t\t\t\t\t<\/div>\n\t\t<\/section>\n\t\t\t\t<\/div>","protected":false},"excerpt":{"rendered":"<p>Buche ein Kennlerngespr\u00e4ch<\/p>","protected":false},"author":1,"featured_media":0,"parent":0,"menu_order":0,"comment_status":"closed","ping_status":"closed","template":"","meta":{"footnotes":""},"class_list":["post-4204","page","type-page","status-publish","hentry"],"yoast_head":"<!-- This site is optimized with the Yoast SEO Premium plugin v20.5 (Yoast SEO v26.8) - https:\/\/yoast.com\/product\/yoast-seo-premium-wordpress\/ -->\n<title>book a free discovery call - Live-Broadcasting.Rocks | Erfolgreich.live | Sichtbarkeitsdoktor.de<\/title>\n<meta name=\"robots\" content=\"index, follow, max-snippet:-1, max-image-preview:large, max-video-preview:-1\" \/>\n<link rel=\"canonical\" href=\"https:\/\/live-broadcasting.rocks\/de\/kennlerngespraech\/\" \/>\n<meta property=\"og:locale\" content=\"de_DE\" \/>\n<meta property=\"og:type\" content=\"article\" \/>\n<meta property=\"og:title\" content=\"book a free discovery call\" \/>\n<meta property=\"og:description\" content=\"Book a discovery call\" \/>\n<meta property=\"og:url\" content=\"https:\/\/live-broadcasting.rocks\/de\/kennlerngespraech\/\" \/>\n<meta property=\"og:site_name\" content=\"Live-Broadcasting.Rocks | Erfolgreich.live | Sichtbarkeitsdoktor.de\" \/>\n<meta property=\"article:publisher\" content=\"http:\/\/facebook.com\/livebroadcastingrocks\" \/>\n<meta property=\"article:modified_time\" content=\"2024-11-25T09:33:58+00:00\" \/>\n<meta property=\"og:image\" content=\"https:\/\/live-broadcasting.rocks\/wp-content\/uploads\/2022\/05\/Seitenlogo_200x200.gif\" \/>\n\t<meta property=\"og:image:width\" content=\"200\" \/>\n\t<meta property=\"og:image:height\" content=\"200\" \/>\n\t<meta property=\"og:image:type\" content=\"image\/gif\" \/>\n<meta name=\"twitter:card\" content=\"summary_large_image\" \/>\n<meta name=\"twitter:site\" content=\"@livebcast\" \/>\n<meta name=\"twitter:label1\" content=\"Gesch\u00e4tzte Lesezeit\" \/>\n\t<meta name=\"twitter:data1\" content=\"1\u00a0Minute\" \/>\n<script type=\"application\/ld+json\" class=\"yoast-schema-graph\">{\"@context\":\"https:\/\/schema.org\",\"@graph\":[{\"@type\":\"WebPage\",\"@id\":\"https:\/\/live-broadcasting.rocks\/book-a-free-discovery-call\/\",\"url\":\"https:\/\/live-broadcasting.rocks\/book-a-free-discovery-call\/\",\"name\":\"book a free discovery call - Live-Broadcasting.Rocks | Erfolgreich.live | Sichtbarkeitsdoktor.de\",\"isPartOf\":{\"@id\":\"https:\/\/live-broadcasting.rocks\/#website\"},\"datePublished\":\"2022-06-08T22:39:12+00:00\",\"dateModified\":\"2024-11-25T09:33:58+00:00\",\"breadcrumb\":{\"@id\":\"https:\/\/live-broadcasting.rocks\/book-a-free-discovery-call\/#breadcrumb\"},\"inLanguage\":\"de\",\"potentialAction\":[{\"@type\":\"ReadAction\",\"target\":[\"https:\/\/live-broadcasting.rocks\/book-a-free-discovery-call\/\"]}]},{\"@type\":\"BreadcrumbList\",\"@id\":\"https:\/\/live-broadcasting.rocks\/book-a-free-discovery-call\/#breadcrumb\",\"itemListElement\":[{\"@type\":\"ListItem\",\"position\":1,\"name\":\"Startseite\",\"item\":\"https:\/\/live-broadcasting.rocks\/\"},{\"@type\":\"ListItem\",\"position\":2,\"name\":\"book a free discovery call\"}]},{\"@type\":\"WebSite\",\"@id\":\"https:\/\/live-broadcasting.rocks\/#website\",\"url\":\"https:\/\/live-broadcasting.rocks\/\",\"name\":\"Live-Broadcasting.Rocks | Erfolgreich.live | Sichtbarkeitsdoktor.de\",\"description\":\"Live Video Streaming and Broadcasting in high quality for thought leaders and business owners.\",\"publisher\":{\"@id\":\"https:\/\/live-broadcasting.rocks\/#organization\"},\"potentialAction\":[{\"@type\":\"SearchAction\",\"target\":{\"@type\":\"EntryPoint\",\"urlTemplate\":\"https:\/\/live-broadcasting.rocks\/?s={search_term_string}\"},\"query-input\":{\"@type\":\"PropertyValueSpecification\",\"valueRequired\":true,\"valueName\":\"search_term_string\"}}],\"inLanguage\":\"de\"},{\"@type\":\"Organization\",\"@id\":\"https:\/\/live-broadcasting.rocks\/#organization\",\"name\":\"Live-Broadcasting.Rocks - Erfolgreich.live - by Daniel Schwenger\",\"url\":\"https:\/\/live-broadcasting.rocks\/\",\"logo\":{\"@type\":\"ImageObject\",\"inLanguage\":\"de\",\"@id\":\"https:\/\/live-broadcasting.rocks\/#\/schema\/logo\/image\/\",\"url\":\"https:\/\/live-broadcasting.rocks\/wp-content\/uploads\/2022\/05\/Seitenlogo_200x133.gif\",\"contentUrl\":\"https:\/\/live-broadcasting.rocks\/wp-content\/uploads\/2022\/05\/Seitenlogo_200x133.gif\",\"width\":200,\"height\":133,\"caption\":\"Live-Broadcasting.Rocks - Erfolgreich.live - by Daniel Schwenger\"},\"image\":{\"@id\":\"https:\/\/live-broadcasting.rocks\/#\/schema\/logo\/image\/\"},\"sameAs\":[\"http:\/\/facebook.com\/livebroadcastingrocks\",\"https:\/\/x.com\/livebcast\",\"https:\/\/www.linkedin.com\/in\/schwenger\/\",\"https:\/\/www.instagram.com\/livebroadcasting_rocks\",\"https:\/\/www.twitch.tv\/dschwenger\",\"https:\/\/anchor.fm\/erfolgreich-live\",\"https:\/\/anchor.fm\/livebroadcasting\",\"https:\/\/www.youtube.com\/livebroadcastingrocks\"]}]}<\/script>\n<!-- \/ Yoast SEO Premium plugin. -->","yoast_head_json":{"title":"book a free discovery call - Live-Broadcasting.Rocks | Erfolgreich.live | Sichtbarkeitsdoktor.de","robots":{"index":"index","follow":"follow","max-snippet":"max-snippet:-1","max-image-preview":"max-image-preview:large","max-video-preview":"max-video-preview:-1"},"canonical":"https:\/\/live-broadcasting.rocks\/de\/kennlerngespraech\/","og_locale":"de_DE","og_type":"article","og_title":"book a free discovery call","og_description":"Book a discovery call","og_url":"https:\/\/live-broadcasting.rocks\/de\/kennlerngespraech\/","og_site_name":"Live-Broadcasting.Rocks | Erfolgreich.live | Sichtbarkeitsdoktor.de","article_publisher":"http:\/\/facebook.com\/livebroadcastingrocks","article_modified_time":"2024-11-25T09:33:58+00:00","og_image":[{"width":200,"height":200,"url":"https:\/\/live-broadcasting.rocks\/wp-content\/uploads\/2022\/05\/Seitenlogo_200x200.gif","type":"image\/gif"}],"twitter_card":"summary_large_image","twitter_site":"@livebcast","twitter_misc":{"Gesch\u00e4tzte Lesezeit":"1\u00a0Minute"},"schema":{"@context":"https:\/\/schema.org","@graph":[{"@type":"WebPage","@id":"https:\/\/live-broadcasting.rocks\/book-a-free-discovery-call\/","url":"https:\/\/live-broadcasting.rocks\/book-a-free-discovery-call\/","name":"book a free discovery call - Live-Broadcasting.Rocks | Erfolgreich.live | Sichtbarkeitsdoktor.de","isPartOf":{"@id":"https:\/\/live-broadcasting.rocks\/#website"},"datePublished":"2022-06-08T22:39:12+00:00","dateModified":"2024-11-25T09:33:58+00:00","breadcrumb":{"@id":"https:\/\/live-broadcasting.rocks\/book-a-free-discovery-call\/#breadcrumb"},"inLanguage":"de","potentialAction":[{"@type":"ReadAction","target":["https:\/\/live-broadcasting.rocks\/book-a-free-discovery-call\/"]}]},{"@type":"BreadcrumbList","@id":"https:\/\/live-broadcasting.rocks\/book-a-free-discovery-call\/#breadcrumb","itemListElement":[{"@type":"ListItem","position":1,"name":"Startseite","item":"https:\/\/live-broadcasting.rocks\/"},{"@type":"ListItem","position":2,"name":"book a free discovery call"}]},{"@type":"WebSite","@id":"https:\/\/live-broadcasting.rocks\/#website","url":"https:\/\/live-broadcasting.rocks\/","name":"Live-Broadcasting.Rocks | Erfolgreich.live | Sichtbarkeitsdoktor.de","description":"Live Video Streaming und Broadcasting in hoher Qualit\u00e4t f\u00fcr Vordenker und Gesch\u00e4ftsleute.","publisher":{"@id":"https:\/\/live-broadcasting.rocks\/#organization"},"potentialAction":[{"@type":"SearchAction","target":{"@type":"EntryPoint","urlTemplate":"https:\/\/live-broadcasting.rocks\/?s={search_term_string}"},"query-input":{"@type":"PropertyValueSpecification","valueRequired":true,"valueName":"search_term_string"}}],"inLanguage":"de"},{"@type":"Organization","@id":"https:\/\/live-broadcasting.rocks\/#organization","name":"Live-\u00dcbertragung.Rocks - Erfolgreich.live - von Daniel Schwenger","url":"https:\/\/live-broadcasting.rocks\/","logo":{"@type":"ImageObject","inLanguage":"de","@id":"https:\/\/live-broadcasting.rocks\/#\/schema\/logo\/image\/","url":"https:\/\/live-broadcasting.rocks\/wp-content\/uploads\/2022\/05\/Seitenlogo_200x133.gif","contentUrl":"https:\/\/live-broadcasting.rocks\/wp-content\/uploads\/2022\/05\/Seitenlogo_200x133.gif","width":200,"height":133,"caption":"Live-Broadcasting.Rocks - Erfolgreich.live - by Daniel Schwenger"},"image":{"@id":"https:\/\/live-broadcasting.rocks\/#\/schema\/logo\/image\/"},"sameAs":["http:\/\/facebook.com\/livebroadcastingrocks","https:\/\/x.com\/livebcast","https:\/\/www.linkedin.com\/in\/schwenger\/","https:\/\/www.instagram.com\/livebroadcasting_rocks","https:\/\/www.twitch.tv\/dschwenger","https:\/\/anchor.fm\/erfolgreich-live","https:\/\/anchor.fm\/livebroadcasting","https:\/\/www.youtube.com\/livebroadcastingrocks"]}]}},"_links":{"self":[{"href":"https:\/\/live-broadcasting.rocks\/de\/wp-json\/wp\/v2\/pages\/4204","targetHints":{"allow":["GET"]}}],"collection":[{"href":"https:\/\/live-broadcasting.rocks\/de\/wp-json\/wp\/v2\/pages"}],"about":[{"href":"https:\/\/live-broadcasting.rocks\/de\/wp-json\/wp\/v2\/types\/page"}],"author":[{"embeddable":true,"href":"https:\/\/live-broadcasting.rocks\/de\/wp-json\/wp\/v2\/users\/1"}],"replies":[{"embeddable":true,"href":"https:\/\/live-broadcasting.rocks\/de\/wp-json\/wp\/v2\/comments?post=4204"}],"version-history":[{"count":87,"href":"https:\/\/live-broadcasting.rocks\/de\/wp-json\/wp\/v2\/pages\/4204\/revisions"}],"predecessor-version":[{"id":9445,"href":"https:\/\/live-broadcasting.rocks\/de\/wp-json\/wp\/v2\/pages\/4204\/revisions\/9445"}],"wp:attachment":[{"href":"https:\/\/live-broadcasting.rocks\/de\/wp-json\/wp\/v2\/media?parent=4204"}],"curies":[{"name":"wp","href":"https:\/\/api.w.org\/{rel}","templated":true}]}}